{"id":2669,"date":"2026-02-19T02:31:22","date_gmt":"2026-02-19T02:31:22","guid":{"rendered":"https:\/\/www.dr-haerting.at\/apotheke\/?post_type=product&#038;p=2669"},"modified":"2026-02-26T20:27:10","modified_gmt":"2026-02-26T20:27:10","slug":"evista","status":"publish","type":"product","link":"https:\/\/www.dr-haerting.at\/apotheke\/online\/evista\/","title":{"rendered":"Evista"},"content":{"rendered":"<p>Evista ist ein verschreibungspflichtiges Medikament, das den Wirkstoff Raloxifen enth\u00e4lt. Es wird zur Behandlung und Pr\u00e4vention von Osteoporose bei postmenopausalen Frauen eingesetzt. Evista geh\u00f6rt zur Klasse der selektiven Estrogenrezeptormodulatoren (SERMs), die die Aktivit\u00e4t von \u00d6strogen im K\u00f6rper beeinflussen. Es hilft, den Knochenabbau zu verlangsamen und das Risiko von Knochenbr\u00fcchen zu reduzieren.<\/p>\n<h2>Gebote und Verbote<\/h2>\n<p>Evista sollte nicht eingenommen werden, wenn Sie allergisch auf Raloxifen oder andere Bestandteile des Medikaments reagieren. Es ist auch kontraindiziert, wenn Sie schwanger sind, stillen oder eine bekannte oder vermutete hormonabh\u00e4ngige Krebserkrankung haben. Personen mit Blutgerinnsel oder einem hohen Risiko f\u00fcr Blutgerinnsel sollten ebenfalls kein Evista einnehmen.<\/p>\n<h2>Nebenwirkungen und L\u00f6sungen<\/h2>\n<p>Eine h\u00e4ufige Nebenwirkung von Evista ist Hitzewallungen. Andere m\u00f6gliche Nebenwirkungen sind Beinschwellungen, Gelenkschmerzen, Magenbeschwerden, \u00dcbelkeit und Erbrechen. Wenn diese Nebenwirkungen auftreten, ist es wichtig, Ihren Arzt zu informieren. Es k\u00f6nnen auch schwerwiegende Nebenwirkungen wie ungew\u00f6hnliche Vaginalblutungen, Brustschmerzen, Gelbsucht oder Anzeichen einer allergischen Reaktion auftreten. In solchen F\u00e4llen sollten Sie sofort \u00e4rztliche Hilfe suchen.<\/p>\n<h2>Wie man es einnimmt<\/h2>\n<p>Evista sollte gem\u00e4\u00df den Anweisungen Ihres Arztes eingenommen werden. Es wird in der Regel einmal t\u00e4glich mit oder ohne Nahrung eingenommen. Wenn Sie eine Dosis vergessen haben, nehmen Sie sie ein, sobald Sie sich daran erinnern. Wenn es jedoch fast Zeit f\u00fcr die n\u00e4chste geplante Dosis ist, \u00fcberspringen Sie die vergessene Dosis und fahren Sie mit Ihrem regul\u00e4ren Dosierungsschema fort. Eine \u00dcberdosierung von Evista kann zu erh\u00f6hten Nebenwirkungen f\u00fchren. Wenn Sie vermuten, dass Sie eine \u00dcberdosis eingenommen haben, suchen Sie medizinische Hilfe auf.<\/p>\n<h2>Wechselwirkungen von Medikamenten verstehen<\/h2>\n<p>Evista kann mit bestimmten Medikamenten interagieren und die Wirksamkeit sowohl von Evista als auch von anderen Arzneimitteln beeinflussen. Es ist wichtig, Ihren Arzt \u00fcber alle anderen Medikamente, die Sie einnehmen, einschlie\u00dflich rezeptfreier Medikamente, Nahrungserg\u00e4nzungsmittel und pflanzlicher Produkte, zu informieren. Evista kann beispielsweise die Wirkung von blutgerinnungshemmenden Medikamenten verst\u00e4rken oder abschw\u00e4chen. Es ist wichtig, sorgf\u00e4ltig zu pr\u00fcfen, ob eine Kombination mit anderen Medikamenten sicher ist, bevor Sie mit der Einnahme von Evista beginnen.<\/p>\n<h2>FAQ<\/h2>\n<ul>\n<li>\n    <strong>Frage 1:<\/strong> Kann Evista w\u00e4hrend der Schwangerschaft eingenommen werden?<br \/>\n    <br \/>Antwort: Nein, Evista ist w\u00e4hrend der Schwangerschaft kontraindiziert.\n  <\/li>\n<li>\n    <strong>Frage 2:<\/strong> Gibt es spezielle Warnungen f\u00fcr \u00e4ltere Menschen, die Evista einnehmen m\u00f6chten?<br \/>\n    <br \/>Antwort: \u00c4ltere Menschen sollten besondere Vorsicht walten lassen, da sie m\u00f6glicherweise anf\u00e4lliger f\u00fcr Nebenwirkungen von Evista sind.\n  <\/li>\n<li>\n    <strong>Frage 3:<\/strong> Kann Evista das Risiko von Brustkrebs verringern?<br \/>\n    <br \/>Antwort: Ja, Evista kann das Risiko von Brustkrebs bei postmenopausalen Frauen verringern.\n  <\/li>\n<li>\n    <strong>Frage 4:<\/strong> Wie lange sollte man Evista einnehmen, um die Wirkung zu sehen?<br \/>\n    <br \/>Antwort: Die Wirkung von Evista kann einige Monate dauern, um sich zu zeigen. Es ist wichtig, das Medikament regelm\u00e4\u00dfig einzunehmen, wie von Ihrem Arzt verordnet.\n  <\/li>\n<li>\n    <strong>Frage 5:<\/strong> Gibt es spezielle Ern\u00e4hrungsanforderungen w\u00e4hrend der Einnahme von Evista?<br \/>\n    <br \/>Antwort: Es gibt keine speziellen Ern\u00e4hrungsanforderungen w\u00e4hrend der Einnahme von Evista. Es ist jedoch wichtig, eine gesunde, ausgewogene Ern\u00e4hrung einzuhalten, um die Gesundheit der Knochen zu unterst\u00fctzen.\n  <\/li>\n<\/ul>\n","protected":false},"excerpt":{"rendered":"<p>Evista, auch bekannt unter dem chemischen Namen Raloxifenhydrochlorid, ist ein Medikament zur Behandlung von Osteoporose bei postmenopausalen Frauen. Es wird in Form von Tabletten verabreicht und ist unter verschiedenen Handelsnamen erh\u00e4ltlich. Evista wird zur Verringerung des Risikos von Knochenbr\u00fcchen eingesetzt und hilft dabei, die Knochendichte zu erhalten. Obwohl eine genaue Dosierung nicht in dieser Beschreibung enthalten ist, wird empfohlen, die packungsbeiliegenden Informationen zu lesen oder einen medizinischen Fachmann zu konsultieren. <\/p>\n<h2>Preis von Evista<\/h2>\n<p>Die Kosten f\u00fcr das Evista variieren von 0.97\u20ac bis 1.6\u20ac pro Pillen. Er h\u00e4ngt von der Gr\u00f6\u00dfe der Packung und der Menge des Wirkstoffs ab (30 oder 360 mg).<\/p>\n","protected":false},"featured_media":938,"comment_status":"open","ping_status":"closed","template":"","meta":{"site-sidebar-layout":"default","site-content-layout":"","ast-site-content-layout":"default","site-content-style":"default","site-sidebar-style":"default","ast-global-header-display":"","ast-banner-title-visibility":"","ast-main-header-display":"","ast-hfb-above-header-display":"","ast-hfb-below-header-display":"","ast-hfb-mobile-header-display":"","site-post-title":"","ast-breadcrumbs-content":"","ast-featured-img":"","footer-sml-layout":"","ast-disable-related-posts":"","theme-transparent-header-meta":"","adv-header-id-meta":"","stick-header-meta":"","header-above-stick-meta":"","header-main-stick-meta":"","header-below-stick-meta":"","astra-migrate-meta-layouts":"default","ast-page-background-enabled":"default","ast-page-background-meta":{"desktop":{"background-color":"var(--ast-global-color-4)","background-image":"","background-repeat":"repeat","background-position":"center center","background-size":"auto","background-attachment":"scroll","background-type":"","background-media":"","overlay-type":"","overlay-color":"","overlay-opacity":"","overlay-gradient":""},"tablet":{"background-color":"","background-image":"","background-repeat":"repeat","background-position":"center center","background-size":"auto","background-attachment":"scroll","background-type":"","background-media":"","overlay-type":"","overlay-color":"","overlay-opacity":"","overlay-gradient":""},"mobile":{"background-color":"","background-image":"","background-repeat":"repeat","background-position":"center center","background-size":"auto","background-attachment":"scroll","background-type":"","background-media":"","overlay-type":"","overlay-color":"","overlay-opacity":"","overlay-gradient":""}},"ast-content-background-meta":{"desktop":{"background-color":"var(--ast-global-color-5)","background-image":"","background-repeat":"repeat","background-position":"center center","background-size":"auto","background-attachment":"scroll","background-type":"","background-media":"","overlay-type":"","overlay-color":"","overlay-opacity":"","overlay-gradient":""},"tablet":{"background-color":"var(--ast-global-color-5)","background-image":"","background-repeat":"repeat","background-position":"center center","background-size":"auto","background-attachment":"scroll","background-type":"","background-media":"","overlay-type":"","overlay-color":"","overlay-opacity":"","overlay-gradient":""},"mobile":{"background-color":"var(--ast-global-color-5)","background-image":"","background-repeat":"repeat","background-position":"center center","background-size":"auto","background-attachment":"scroll","background-type":"","background-media":"","overlay-type":"","overlay-color":"","overlay-opacity":"","overlay-gradient":""}}},"product_brand":[],"product_cat":[16],"product_tag":[],"class_list":{"0":"post-2669","1":"product","2":"type-product","3":"status-publish","4":"has-post-thumbnail","6":"product_cat-frauengesundheit","7":"desktop-align-left","8":"tablet-align-left","9":"mobile-align-left","11":"first","12":"instock","13":"shipping-taxable","14":"product-type-external"},"aioseo_notices":[],"_links":{"self":[{"href":"https:\/\/www.dr-haerting.at\/apotheke\/wp-json\/wp\/v2\/product\/2669","targetHints":{"allow":["GET"]}}],"collection":[{"href":"https:\/\/www.dr-haerting.at\/apotheke\/wp-json\/wp\/v2\/product"}],"about":[{"href":"https:\/\/www.dr-haerting.at\/apotheke\/wp-json\/wp\/v2\/types\/product"}],"replies":[{"embeddable":true,"href":"https:\/\/www.dr-haerting.at\/apotheke\/wp-json\/wp\/v2\/comments?post=2669"}],"wp:featuredmedia":[{"embeddable":true,"href":"https:\/\/www.dr-haerting.at\/apotheke\/wp-json\/wp\/v2\/media\/938"}],"wp:attachment":[{"href":"https:\/\/www.dr-haerting.at\/apotheke\/wp-json\/wp\/v2\/media?parent=2669"}],"wp:term":[{"taxonomy":"product_brand","embeddable":true,"href":"https:\/\/www.dr-haerting.at\/apotheke\/wp-json\/wp\/v2\/product_brand?post=2669"},{"taxonomy":"product_cat","embeddable":true,"href":"https:\/\/www.dr-haerting.at\/apotheke\/wp-json\/wp\/v2\/product_cat?post=2669"},{"taxonomy":"product_tag","embeddable":true,"href":"https:\/\/www.dr-haerting.at\/apotheke\/wp-json\/wp\/v2\/product_tag?post=2669"}],"curies":[{"name":"wp","href":"https:\/\/api.w.org\/{rel}","templated":true}]}}