{"id":2672,"date":"2026-02-09T09:18:07","date_gmt":"2026-02-09T09:18:07","guid":{"rendered":"https:\/\/www.dr-haerting.at\/apotheke\/?post_type=product&#038;p=2672"},"modified":"2026-02-26T20:27:09","modified_gmt":"2026-02-26T20:27:09","slug":"dostinex","status":"publish","type":"product","link":"https:\/\/www.dr-haerting.at\/apotheke\/online\/dostinex\/","title":{"rendered":"Dostinex"},"content":{"rendered":"<p>Dostinex ist ein Arzneimittel, das auf den Wirkstoff Cabergolin basiert. Es wird zur Behandlung von St\u00f6rungen des Hormonhaushalts eingesetzt, insbesondere bei erh\u00f6hten Prolaktinspiegeln im Blut. Es wirkt durch die Verringerung der Prolaktinproduktion in der Hypophyse, was eine Normalisierung des Hormonspiegels erm\u00f6glicht. Dostinex wird von \u00c4rzten verschrieben und ist rezeptpflichtig.<\/p>\n<p>Dostinex wirkt auch auf den Dopaminrezeptor und wird daher auch zur Behandlung von Parkinson-Krankheit oder Hyperprolaktin\u00e4mie eingesetzt. Es ist wichtig, das Medikament entsprechend den Anweisungen des Arztes einzunehmen und die empfohlene Dosierung nicht zu \u00fcberschreiten. Lesen Sie vor der Einnahme von Dostinex die Packungsbeilage sorgf\u00e4ltig durch und wenden Sie sich bei Fragen an Ihren Arzt oder Apotheker.<\/p>\n<h2>Wann darf Dostinex nicht eingenommen werden?<\/h2>\n<p>Es gibt bestimmte Situationen, in denen die Einnahme von Dostinex kontraindiziert ist. Dazu geh\u00f6ren:<\/p>\n<ul>\n<li>Schwangerschaft und Stillzeit: Dostinex sollte w\u00e4hrend der Schwangerschaft nicht eingenommen werden, da der Wirkstoff Cabergolin das ungeborene Kind sch\u00e4digen kann. Es wird empfohlen, w\u00e4hrend der Einnahme von Dostinex zu verh\u00fcten. Wenn Sie schwanger werden m\u00f6chten, sollten Sie mit Ihrem Arzt \u00fcber alternative Behandlungsm\u00f6glichkeiten sprechen.<\/li>\n<li>Lebererkrankungen: Personen mit schweren Lebererkrankungen sollten kein Dostinex einnehmen, da es zu einer Verschlechterung der Leberfunktion f\u00fchren kann.<\/li>\n<li>Herzerkrankungen: Bei Patienten mit kardiovaskul\u00e4ren Erkrankungen ist Vorsicht geboten, da Dostinex in seltenen F\u00e4llen Herzklappenst\u00f6rungen verursachen kann. Es ist wichtig, Ihren Arzt \u00fcber alle Herzprobleme zu informieren, bevor Sie Dostinex einnehmen.<\/li>\n<li>\u00dcberempfindlichkeit: Wenn Sie \u00fcberempfindlich oder allergisch gegen\u00fcber Cabergolin oder anderen Bestandteilen von Dostinex sind, sollten Sie das Medikament nicht einnehmen.<\/li>\n<\/ul>\n<h2>Was sind die Nebenwirkungen von Dostinex?<\/h2>\n<p>Wie jedes Medikament kann auch Dostinex Nebenwirkungen verursachen. Nicht alle Personen, die Dostinex einnehmen, entwickeln jedoch Nebenwirkungen, und die Auspr\u00e4gung kann bei jedem unterschiedlich sein. Zu den m\u00f6glichen Nebenwirkungen von Dostinex geh\u00f6ren:<\/p>\n<ul>\n<li>\u00dcbelkeit und Erbrechen<\/li>\n<li>Schwindelgef\u00fchl<\/li>\n<li>Kopfschmerzen<\/li>\n<li>Schl\u00e4frigkeit oder M\u00fcdigkeit<\/li>\n<li>Ver\u00e4nderungen der Libido oder sexuelle Dysfunktion<\/li>\n<li>Schmerzen in der Brust<\/li>\n<li>\u00d6deme (Fl\u00fcssigkeitsansammlung)<\/li>\n<li>Magen-Darm-Beschwerden<\/li>\n<li>Depression oder Stimmungsschwankungen<\/li>\n<\/ul>\n<p>Es ist wichtig, Ihren Arzt \u00fcber alle Nebenwirkungen zu informieren, insbesondere wenn sie schwerwiegend sind oder anhalten. Ihr Arzt kann Ihnen weitere Anweisungen geben oder alternative Behandlungsm\u00f6glichkeiten in Betracht ziehen.<\/p>\n<h2>Wie nehme ich Dostinex ein?<\/h2>\n<p>Es ist wichtig, Dostinex gem\u00e4\u00df den Anweisungen Ihres Arztes einzunehmen. Die \u00fcbliche empfohlene Dosierung betr\u00e4gt 0,25 mg bis 1 mg pro Woche. Die genaue Dosierung kann je nach individueller Situation variieren. Dostinex wird in Tablettenform eingenommen und kann mit oder ohne Nahrung eingenommen werden.<\/p>\n<p>Wenn Sie eine Dosis von Dostinex vergessen haben, nehmen Sie sie ein, sobald Sie sich daran erinnern. Wenn es jedoch fast Zeit f\u00fcr die n\u00e4chste geplante Dosis ist, \u00fcberspringen Sie die vergessene Dosis und nehmen Sie die n\u00e4chste wie gewohnt ein. Nehmen Sie keine doppelte Dosis ein, um eine vergessene Dosis auszugleichen.<\/p>\n<p>Es ist wichtig, die Einnahme von Dostinex nicht pl\u00f6tzlich abzubrechen, es sei denn, Ihr Arzt hat Ihnen dies ausdr\u00fccklich angeordnet. Wenn Sie Fragen zur Einnahme des Medikaments haben, wenden Sie sich an Ihren Arzt oder Apotheker.<\/p>\n<p>Eine \u00dcberdosierung von Dostinex kann zu Symptomen wie \u00dcbelkeit, Erbrechen, Halluzinationen, Verwirrtheit oder niedrigem Blutdruck f\u00fchren. Falls eine \u00dcberdosierung vermutet wird, suchen Sie sofort medizinische Hilfe auf.<\/p>\n<h2>Wechselwirkungen mit anderen Medikamenten<\/h2>\n<p>Dostinex kann mit anderen Medikamenten interagieren, was zu ver\u00e4nderten Wirkungen oder erh\u00f6hten Nebenwirkungen f\u00fchren kann. Informieren Sie Ihren Arzt \u00fcber alle Medikamente, die Sie derzeit einnehmen, einschlie\u00dflich verschreibungspflichtiger, rezeptfreier und pflanzlicher Produkte.<\/p>\n<p>Es gibt einige Medikamente, die m\u00f6glicherweise die Wirkung von Dostinex verst\u00e4rken, wie zum Beispiel Medikamente, die den Dopaminspiegel im Gehirn erh\u00f6hen. Ihr Arzt wird m\u00f6glicherweise die Dosierung von Dostinex anpassen, wenn Sie solche Medikamente einnehmen.<\/p>\n<p>Es gibt auch bestimmte Medikamente, die die Wirkung von Dostinex abschw\u00e4chen k\u00f6nnen, wie zum Beispiel bestimmte Antibiotika oder Mittel zur Behandlung von Magen-Darm-Erkrankungen. Ihr Arzt wird m\u00f6glicherweise alternative Behandlungsm\u00f6glichkeiten in Betracht ziehen, wenn Sie diese Medikamente einnehmen m\u00fcssen.<\/p>\n<table>\n<tr>\n<th>Medikament<\/th>\n<th>Interaktion<\/th>\n<\/tr>\n<tr>\n<td>Dopamin<\/td>\n<td>Verst\u00e4rkte Wirkung, m\u00f6glicherweise Anpassung der Dostinex-Dosierung.<\/td>\n<\/tr>\n<tr>\n<td>Antibiotika<\/td>\n<td>Abschw\u00e4chung der Wirkung von Dostinex, alternative Behandlungsm\u00f6glichkeiten pr\u00fcfen.<\/td>\n<\/tr>\n<tr>\n<td>Magen-Darm-Medikamente<\/td>\n<td>Abschw\u00e4chung der Wirkung von Dostinex, alternative Behandlungsm\u00f6glichkeiten pr\u00fcfen.<\/td>\n<\/tr>\n<\/table>\n<h2>H\u00e4ufig gestellte Fragen<\/h2>\n<ul>\n<li>\n<p><strong>Wie lange dauert es, bis Dostinex wirkt?<\/strong><\/p>\n<p>Dostinex beginnt normalerweise innerhalb weniger Stunden nach der Einnahme zu wirken. Die volle Wirkung kann jedoch einige Wochen dauern, bis der Hormonspiegel vollst\u00e4ndig normalisiert ist.<\/p>\n<\/li>\n<li>\n<p><strong>Kann ich w\u00e4hrend der Einnahme von Dostinex schwanger werden?<\/strong><\/p>\n<p>Es wird empfohlen, w\u00e4hrend der Einnahme von Dostinex zu verh\u00fcten, da das Medikament das ungeborene Kind sch\u00e4digen kann. Wenn Sie schwanger werden m\u00f6chten, sprechen Sie bitte mit Ihrem Arzt \u00fcber alternative Behandlungsm\u00f6glichkeiten.<\/p>\n<\/li>\n<li>\n<p><strong>Gibt es spezielle Lagerungsbedingungen f\u00fcr Dostinex?<\/strong><\/p>\n<p>Die Tabletten sollten bei Raumtemperatur und vor Feuchtigkeit gesch\u00fctzt gelagert werden. Halten Sie das Medikament au\u00dferhalb der Reichweite von Kindern aufbewahren.<\/p>\n<\/li>\n<li>\n<p><strong>Wie oft muss ich Dostinex einnehmen?<\/strong><\/p>\n<p>Die empfohlene Dosierung von Dostinex betr\u00e4gt normalerweise einmal w\u00f6chentlich. Befolgen Sie immer die Anweisungen Ihres Arztes.<\/p>\n<\/li>\n<li>\n<p><strong>Gibt es eine Altersbeschr\u00e4nkung f\u00fcr die Einnahme von Dostinex?<\/strong><\/p>\n<p>Dostinex kann bei Erwachsenen jeden Alters angewendet werden, sofern keine Kontraindikationen vorliegen. Es sollte jedoch nicht bei Kindern oder Jugendlichen angewendet werden.<\/p>\n<\/li>\n<\/ul>\n","protected":false},"excerpt":{"rendered":"<p>Dostinex ist ein Medikament, das den Wirkstoff Cabergolin enth\u00e4lt. Es wird zur Behandlung bestimmter Erkrankungen eingesetzt, wie beispielsweise Hyperprolaktin\u00e4mie, einem Zustand, bei dem der K\u00f6rper zu viel Hormon Prolaktin produziert. Es wird auch zur Behandlung von Prolaktin-bedingten St\u00f6rungen wie Amenorrhoe (Ausbleiben der Menstruation), Galaktorrhoe (Milchfluss au\u00dferhalb der Stillperiode) und Unfruchtbarkeit verwendet. Dostinex wird auch manchmal bei bestimmten neurologischen St\u00f6rungen verwendet, wie zum Beispiel der Parkinson-Krankheit. Dostinex ist der Markenname dieses Medikaments. <\/p>\n<h2>Preis von Dostinex<\/h2>\n<p>Eine Packung Dostinex kann zwischen 3.15\u20ac und 12.34\u20ac kosten. Der genaue Preis h\u00e4ngt von der Packungsgr\u00f6\u00dfe und der Wirkstoffdichte ab (4 oder 56 mg).<\/p>\n","protected":false},"featured_media":942,"comment_status":"open","ping_status":"closed","template":"","meta":{"site-sidebar-layout":"default","site-content-layout":"","ast-site-content-layout":"default","site-content-style":"default","site-sidebar-style":"default","ast-global-header-display":"","ast-banner-title-visibility":"","ast-main-header-display":"","ast-hfb-above-header-display":"","ast-hfb-below-header-display":"","ast-hfb-mobile-header-display":"","site-post-title":"","ast-breadcrumbs-content":"","ast-featured-img":"","footer-sml-layout":"","ast-disable-related-posts":"","theme-transparent-header-meta":"","adv-header-id-meta":"","stick-header-meta":"","header-above-stick-meta":"","header-main-stick-meta":"","header-below-stick-meta":"","astra-migrate-meta-layouts":"default","ast-page-background-enabled":"default","ast-page-background-meta":{"desktop":{"background-color":"var(--ast-global-color-4)","background-image":"","background-repeat":"repeat","background-position":"center center","background-size":"auto","background-attachment":"scroll","background-type":"","background-media":"","overlay-type":"","overlay-color":"","overlay-opacity":"","overlay-gradient":""},"tablet":{"background-color":"","background-image":"","background-repeat":"repeat","background-position":"center center","background-size":"auto","background-attachment":"scroll","background-type":"","background-media":"","overlay-type":"","overlay-color":"","overlay-opacity":"","overlay-gradient":""},"mobile":{"background-color":"","background-image":"","background-repeat":"repeat","background-position":"center center","background-size":"auto","background-attachment":"scroll","background-type":"","background-media":"","overlay-type":"","overlay-color":"","overlay-opacity":"","overlay-gradient":""}},"ast-content-background-meta":{"desktop":{"background-color":"var(--ast-global-color-5)","background-image":"","background-repeat":"repeat","background-position":"center center","background-size":"auto","background-attachment":"scroll","background-type":"","background-media":"","overlay-type":"","overlay-color":"","overlay-opacity":"","overlay-gradient":""},"tablet":{"background-color":"var(--ast-global-color-5)","background-image":"","background-repeat":"repeat","background-position":"center center","background-size":"auto","background-attachment":"scroll","background-type":"","background-media":"","overlay-type":"","overlay-color":"","overlay-opacity":"","overlay-gradient":""},"mobile":{"background-color":"var(--ast-global-color-5)","background-image":"","background-repeat":"repeat","background-position":"center center","background-size":"auto","background-attachment":"scroll","background-type":"","background-media":"","overlay-type":"","overlay-color":"","overlay-opacity":"","overlay-gradient":""}}},"product_brand":[],"product_cat":[16],"product_tag":[],"class_list":{"0":"post-2672","1":"product","2":"type-product","3":"status-publish","4":"has-post-thumbnail","6":"product_cat-frauengesundheit","7":"desktop-align-left","8":"tablet-align-left","9":"mobile-align-left","11":"first","12":"instock","13":"shipping-taxable","14":"product-type-external"},"aioseo_notices":[],"_links":{"self":[{"href":"https:\/\/www.dr-haerting.at\/apotheke\/wp-json\/wp\/v2\/product\/2672","targetHints":{"allow":["GET"]}}],"collection":[{"href":"https:\/\/www.dr-haerting.at\/apotheke\/wp-json\/wp\/v2\/product"}],"about":[{"href":"https:\/\/www.dr-haerting.at\/apotheke\/wp-json\/wp\/v2\/types\/product"}],"replies":[{"embeddable":true,"href":"https:\/\/www.dr-haerting.at\/apotheke\/wp-json\/wp\/v2\/comments?post=2672"}],"wp:featuredmedia":[{"embeddable":true,"href":"https:\/\/www.dr-haerting.at\/apotheke\/wp-json\/wp\/v2\/media\/942"}],"wp:attachment":[{"href":"https:\/\/www.dr-haerting.at\/apotheke\/wp-json\/wp\/v2\/media?parent=2672"}],"wp:term":[{"taxonomy":"product_brand","embeddable":true,"href":"https:\/\/www.dr-haerting.at\/apotheke\/wp-json\/wp\/v2\/product_brand?post=2672"},{"taxonomy":"product_cat","embeddable":true,"href":"https:\/\/www.dr-haerting.at\/apotheke\/wp-json\/wp\/v2\/product_cat?post=2672"},{"taxonomy":"product_tag","embeddable":true,"href":"https:\/\/www.dr-haerting.at\/apotheke\/wp-json\/wp\/v2\/product_tag?post=2672"}],"curies":[{"name":"wp","href":"https:\/\/api.w.org\/{rel}","templated":true}]}}