{"id":2680,"date":"2026-02-12T16:37:07","date_gmt":"2026-02-12T16:37:07","guid":{"rendered":"https:\/\/www.dr-haerting.at\/apotheke\/?post_type=product&#038;p=2680"},"modified":"2026-02-26T20:27:18","modified_gmt":"2026-02-26T20:27:18","slug":"alli","status":"publish","type":"product","link":"https:\/\/www.dr-haerting.at\/apotheke\/online\/alli\/","title":{"rendered":"Alli"},"content":{"rendered":"<p>Alli ist ein Arzneimittel zur Gewichtsreduktion, das den Wirkstoff Orlistat enth\u00e4lt. Es wirkt, indem es die Aufnahme von Nahrungsfetten im K\u00f6rper blockiert. Alli ist rezeptfrei erh\u00e4ltlich und kann in Verbindung mit einer kalorienreduzierten Di\u00e4t und regelm\u00e4\u00dfiger k\u00f6rperlicher Aktivit\u00e4t angewendet werden, um beim Abnehmen zu unterst\u00fctzen.<\/p>\n<h2>Vermeidung von Risiken mit Alli<\/h2>\n<p>Alli sollte nicht eingenommen werden, wenn Sie \u00fcberempfindlich (allergisch) gegen Orlistat oder andere Bestandteile des Arzneimittels sind. Es sollte auch vermieden werden, wenn Sie an bestimmten Lebererkrankungen oder dem sogenannten chronischen Malabsorptionssyndrom leiden. Schwangere, stillende Frauen und Kinder unter 18 Jahren sollten ebenfalls nicht Alli einnehmen.<\/p>\n<h2>Nebenwirkungen und L\u00f6sungen<\/h2>\n<p>Alli kann Nebenwirkungen verursachen. Zu den h\u00e4ufigsten geh\u00f6ren fettige Stuhlkonsistenz, \u00fcberm\u00e4\u00dfige Gasbildung, Stuhlinkontinenz und \u00f6lige Flecken in der Unterw\u00e4sche. Diese Nebenwirkungen sind normalerweise vor\u00fcbergehend und k\u00f6nnen durch die Begrenzung der Fettaufnahme in der Ern\u00e4hrung reduziert werden. Es kann auch hilfreich sein, fettige Speisen zu vermeiden und auf eine ausgewogene Ern\u00e4hrung zu achten. Bei anhaltenden oder schwerwiegenden Nebenwirkungen sollte ein Arzt konsultiert werden.<\/p>\n<h2>Alli-Dosierung<\/h2>\n<p>Alli sollte gem\u00e4\u00df den Anweisungen auf der Packungsbeilage eingenommen werden. Es wird empfohlen, eine Kapsel mit 60 mg Orlistat dreimal t\u00e4glich w\u00e4hrend oder bis zu einer Stunde nach den Hauptmahlzeiten einzunehmen. Wenn eine Mahlzeit ausgelassen wird oder keine Fette enth\u00e4lt, sollte auf die Einnahme von Alli verzichtet werden. Eine \u00dcberdosierung von Alli kann zu schweren Verdauungsbeschwerden f\u00fchren und sollte vermieden werden.<\/p>\n<h2>Wie andere Medikamente Alli beeinflussen<\/h2>\n<p>Die Einnahme von Alli kann die Wirksamkeit bestimmter Medikamente beeinflussen. Insbesondere k\u00f6nnen Arzneimittel zur Behandlung von Schilddr\u00fcsenproblemen, Antikoagulanzien und Antiepileptika von der Einnahme von Alli betroffen sein. Es ist wichtig, Ihren Arzt \u00fcber alle Arzneimittel zu informieren, die Sie einnehmen, bevor Sie mit der Einnahme von Alli beginnen.<\/p>\n<h2>H\u00e4ufig gestellte Fragen<\/h2>\n<ul>\n<li><strong>Frage:<\/strong> Kann Alli w\u00e4hrend der Schwangerschaft eingenommen werden?<\/li>\n<li><strong>Antwort:<\/strong> Nein, Alli sollte w\u00e4hrend der Schwangerschaft vermieden werden.<\/li>\n<li><strong>Frage:<\/strong> Wie lange dauert es, bis Alli wirkt?<\/li>\n<li><strong>Antwort:<\/strong> Die Wirkung von Alli wird in der Regel innerhalb von 1 bis 2 Wochen nach regelm\u00e4\u00dfiger Einnahme sichtbar.<\/li>\n<li><strong>Frage:<\/strong> Kann Alli zusammen mit anderen Medikamenten eingenommen werden?<\/li>\n<li><strong>Antwort:<\/strong> Alli kann mit anderen Medikamenten interagieren, daher ist es wichtig, Ihren Arzt \u00fcber alle Medikamente zu informieren, die Sie einnehmen.<\/li>\n<li><strong>Frage:<\/strong> Gibt es besondere Anweisungen zur Aufbewahrung von Alli?<\/li>\n<li><strong>Antwort:<\/strong> Alli sollte bei Raumtemperatur (15-30\u00b0C) in der Originalverpackung aufbewahrt werden.<\/li>\n<li><strong>Frage:<\/strong> Kann Alli dauerhaft angewendet werden?<\/li>\n<li><strong>Antwort:<\/strong> Die langfristige Anwendung von Alli sollte mit einem Arzt besprochen werden, um m\u00f6gliche Risiken und Nutzen abzuw\u00e4gen.<\/li>\n<\/ul>\n","protected":false},"excerpt":{"rendered":"<p>Alli, auch bekannt unter dem chemischen Namen Orlistat, ist ein Medikament zur Behandlung von Fettleibigkeit. Es hilft dabei, die Aufnahme von Fett im K\u00f6rper zu reduzieren, was zu einer Gewichtsabnahme f\u00fchren kann. Alli ist ein rezeptfreies Medikament, das ohne \u00e4rztliche Beratung erh\u00e4ltlich ist. Es wird empfohlen, Alli als Teil eines umfassenden Gewichtsmanagementprogramms einzunehmen, einschlie\u00dflich einer ausgewogenen Ern\u00e4hrung und regelm\u00e4\u00dfiger k\u00f6rperlicher Aktivit\u00e4t.<\/p>\n<h2>Preis von Alli<\/h2>\n<p>Die Kosten f\u00fcr die Alli# variieren von 0.86\u20ac bis 1.3\u20ac pro Pillen. Abh\u00e4ngig von der Gr\u00f6\u00dfe der Packung und der Anzahl der Tabletten darin (30 oder 360 mg).<\/p>\n","protected":false},"featured_media":2692,"comment_status":"open","ping_status":"closed","template":"","meta":{"site-sidebar-layout":"default","site-content-layout":"","ast-site-content-layout":"default","site-content-style":"default","site-sidebar-style":"default","ast-global-header-display":"","ast-banner-title-visibility":"","ast-main-header-display":"","ast-hfb-above-header-display":"","ast-hfb-below-header-display":"","ast-hfb-mobile-header-display":"","site-post-title":"","ast-breadcrumbs-content":"","ast-featured-img":"","footer-sml-layout":"","ast-disable-related-posts":"","theme-transparent-header-meta":"","adv-header-id-meta":"","stick-header-meta":"","header-above-stick-meta":"","header-main-stick-meta":"","header-below-stick-meta":"","astra-migrate-meta-layouts":"default","ast-page-background-enabled":"default","ast-page-background-meta":{"desktop":{"background-color":"var(--ast-global-color-4)","background-image":"","background-repeat":"repeat","background-position":"center center","background-size":"auto","background-attachment":"scroll","background-type":"","background-media":"","overlay-type":"","overlay-color":"","overlay-opacity":"","overlay-gradient":""},"tablet":{"background-color":"","background-image":"","background-repeat":"repeat","background-position":"center center","background-size":"auto","background-attachment":"scroll","background-type":"","background-media":"","overlay-type":"","overlay-color":"","overlay-opacity":"","overlay-gradient":""},"mobile":{"background-color":"","background-image":"","background-repeat":"repeat","background-position":"center center","background-size":"auto","background-attachment":"scroll","background-type":"","background-media":"","overlay-type":"","overlay-color":"","overlay-opacity":"","overlay-gradient":""}},"ast-content-background-meta":{"desktop":{"background-color":"var(--ast-global-color-5)","background-image":"","background-repeat":"repeat","background-position":"center center","background-size":"auto","background-attachment":"scroll","background-type":"","background-media":"","overlay-type":"","overlay-color":"","overlay-opacity":"","overlay-gradient":""},"tablet":{"background-color":"var(--ast-global-color-5)","background-image":"","background-repeat":"repeat","background-position":"center center","background-size":"auto","background-attachment":"scroll","background-type":"","background-media":"","overlay-type":"","overlay-color":"","overlay-opacity":"","overlay-gradient":""},"mobile":{"background-color":"var(--ast-global-color-5)","background-image":"","background-repeat":"repeat","background-position":"center center","background-size":"auto","background-attachment":"scroll","background-type":"","background-media":"","overlay-type":"","overlay-color":"","overlay-opacity":"","overlay-gradient":""}}},"product_brand":[],"product_cat":[17],"product_tag":[],"class_list":{"0":"post-2680","1":"product","2":"type-product","3":"status-publish","4":"has-post-thumbnail","6":"product_cat-gewichtsabnahme","7":"desktop-align-left","8":"tablet-align-left","9":"mobile-align-left","11":"first","12":"instock","13":"shipping-taxable","14":"product-type-external"},"aioseo_notices":[],"_links":{"self":[{"href":"https:\/\/www.dr-haerting.at\/apotheke\/wp-json\/wp\/v2\/product\/2680","targetHints":{"allow":["GET"]}}],"collection":[{"href":"https:\/\/www.dr-haerting.at\/apotheke\/wp-json\/wp\/v2\/product"}],"about":[{"href":"https:\/\/www.dr-haerting.at\/apotheke\/wp-json\/wp\/v2\/types\/product"}],"replies":[{"embeddable":true,"href":"https:\/\/www.dr-haerting.at\/apotheke\/wp-json\/wp\/v2\/comments?post=2680"}],"wp:featuredmedia":[{"embeddable":true,"href":"https:\/\/www.dr-haerting.at\/apotheke\/wp-json\/wp\/v2\/media\/2692"}],"wp:attachment":[{"href":"https:\/\/www.dr-haerting.at\/apotheke\/wp-json\/wp\/v2\/media?parent=2680"}],"wp:term":[{"taxonomy":"product_brand","embeddable":true,"href":"https:\/\/www.dr-haerting.at\/apotheke\/wp-json\/wp\/v2\/product_brand?post=2680"},{"taxonomy":"product_cat","embeddable":true,"href":"https:\/\/www.dr-haerting.at\/apotheke\/wp-json\/wp\/v2\/product_cat?post=2680"},{"taxonomy":"product_tag","embeddable":true,"href":"https:\/\/www.dr-haerting.at\/apotheke\/wp-json\/wp\/v2\/product_tag?post=2680"}],"curies":[{"name":"wp","href":"https:\/\/api.w.org\/{rel}","templated":true}]}}