{"id":2695,"date":"2026-02-01T01:24:25","date_gmt":"2026-02-01T01:24:25","guid":{"rendered":"https:\/\/www.dr-haerting.at\/apotheke\/?post_type=product&#038;p=2695"},"modified":"2026-02-26T20:27:13","modified_gmt":"2026-02-26T20:27:13","slug":"acticin","status":"publish","type":"product","link":"https:\/\/www.dr-haerting.at\/apotheke\/online\/acticin\/","title":{"rendered":"Acticin"},"content":{"rendered":"<p>Acticin ist ein verschreibungspflichtiges Medikament, das zur Behandlung von Skabies verwendet wird. Es enth\u00e4lt den Wirkstoff Permethrin, der ein Akarizid ist und die Milben abt\u00f6tet, die Skabies verursachen. Acticin wird topisch angewendet und sollte nur gem\u00e4\u00df den Anweisungen Ihres Arztes verwendet werden.<\/p>\n<h2>Gesundheitliche Risiken<\/h2>\n<p>Acticin darf nicht angewendet werden, wenn Sie eine bekannte Allergie oder \u00dcberempfindlichkeit gegen\u00fcber Permethrin oder anderen Pyrethroiden haben. Informieren Sie Ihren Arzt \u00fcber alle Medikamente, die Sie einnehmen, insbesondere \u00fcber andere topische Medikamente oder Cremes.<\/p>\n<h2>M\u00f6gliche Nebenwirkungen<\/h2>\n<p>Die Anwendung von Acticin kann einige Nebenwirkungen verursachen, darunter vor\u00fcbergehende R\u00f6tung, Brennen oder Juckreiz der Haut. In einigen F\u00e4llen k\u00f6nnen auch Hautausschl\u00e4ge, Schwellungen oder Taubheitsgef\u00fchle auftreten. Wenn Sie diese oder andere ungew\u00f6hnliche Reaktionen bemerken, informieren Sie sofort Ihren Arzt.<\/p>\n<h2>Acticin Dosierung<\/h2>\n<p>Acticin wird in Form einer Creme auf die betroffenen Hautstellen aufgetragen. Die genaue Dosierung und Anwendungsanweisungen erhalten Sie von Ihrem Arzt. In der Regel wird die Creme einmalig aufgetragen und nach 8-14 Stunden wieder abgewaschen. Die Behandlung kann je nach Schwere der Skabies wiederholt werden.<\/p>\n<p>Wenn Sie eine Dosis von Acticin verpassen, wenden Sie die Creme so bald wie m\u00f6glich an. \u00dcberspringen Sie die vergessene Dosis jedoch, wenn es bereits fast Zeit f\u00fcr die n\u00e4chste geplante Dosis ist. Eine \u00dcberdosierung von Acticin ist unwahrscheinlich, kann jedoch zu Hautirritationen f\u00fchren. Wenn Sie versehentlich zu viel Creme auftragen, sp\u00fclen Sie die betroffenen Stellen mit viel Wasser ab und suchen Sie sofort einen Arzt auf.<\/p>\n<h2>Worauf ist zu achten<\/h2>\n<p>Acticin kann mit anderen Medikamenten interagieren. Informieren Sie Ihren Arzt \u00fcber alle Arzneimittel, die Sie einnehmen, insbesondere andere topische Medikamente oder Cremes. Acticin kann auch die Aufnahme anderer Medikamente durch die Haut beeinflussen. Sprechen Sie daher mit Ihrem Arzt, wenn Sie andere topische Medikamente oder Cremes gleichzeitig verwenden m\u00f6chten.<\/p>\n<h2>Ihre Fragen werden beantwortet<\/h2>\n<ul>\n<li><strong>Frage 1:<\/strong> Wie lange dauert es, bis Acticin wirkt?<\/li>\n<li><strong>Antwort:<\/strong> Acticin t\u00f6tet die Skabies-Milben ab, wenn es auf die Haut aufgetragen wird. Die genaue Wirkungsdauer kann je nach Schwere der Infektion variieren.<\/li>\n<li><strong>Frage 2:<\/strong> Gibt es besondere Vorsichtsma\u00dfnahmen beim Gebrauch von Acticin?<\/li>\n<li><strong>Antwort:<\/strong> Ja, Acticin sollte nicht in die Augen gelangen und sollte nicht auf offene Wunden oder gereizte Hautstellen aufgetragen werden. Vermeiden Sie au\u00dferdem den Kontakt mit Augen, Mund und Nasenschleimh\u00e4uten.<\/li>\n<li><strong>Frage 3:<\/strong> Kann ich Acticin w\u00e4hrend der Schwangerschaft oder Stillzeit verwenden?<\/li>\n<li><strong>Antwort:<\/strong> Acticin sollte w\u00e4hrend der Schwangerschaft und Stillzeit nur auf ausdr\u00fcckliche Anweisung Ihres Arztes angewendet werden.<\/li>\n<li><strong>Frage 4:<\/strong> Kann Acticin auch bei Kindern angewendet werden?<\/li>\n<li><strong>Antwort:<\/strong> Acticin kann bei Kindern angewendet werden, jedoch sollte die Dosierung und Anwendungsh\u00e4ufigkeit von einem Arzt festgelegt werden.<\/li>\n<li><strong>Frage 5:<\/strong> Kann ich Acticin zusammen mit anderen Medikamenten verwenden?<\/li>\n<li><strong>Antwort:<\/strong> Sie sollten Acticin nicht zusammen mit anderen topischen Medikamenten oder Cremes verwenden, es sei denn, Ihr Arzt hat dies ausdr\u00fccklich empfohlen.<\/li>\n<\/ul>\n","protected":false},"excerpt":{"rendered":"<p>Acticin, in der pharmazeutischen Welt bekannt als Permethrin, ist ein topisches Medikament, das zur Behandlung von Kr\u00e4tze und Kopfl\u00e4usen verwendet wird. Es handelt sich um ein chemisches Insektizid, insbesondere ein synthetisches Pyrethroid, das sich durch seine insektiziden und akariziden Eigenschaften auszeichnet. Sowohl Kr\u00e4tzmilben als auch Kopfl\u00e4use werden durch das Vorhandensein von Permethrin in Acticin effektiv abget\u00f6tet. Acticin hat sich als wirksam bei der Behandlung dieser parasit\u00e4ren Infektionen erwiesen und kann eine schnelle und nachhaltige Linderung der Symptome bieten. Es bietet eine L\u00f6sung f\u00fcr Patienten mit Kr\u00e4tze und Kopfl\u00e4usen, die eine medikament\u00f6se Behandlung w\u00fcnschen. <\/p>\n<h2>Preis von Acticin<\/h2>\n<p>F\u00fcr Acticin reicht das Kostenspektrum von 10.4\u20ac bis 15.75\u20ac pro Cremes. Die Kostenschwankungen beruhen auf den Verpackungsanteilen und der St\u00e4rke der Kernkomponenten (3 oder 10 gm).<\/p>\n","protected":false},"featured_media":992,"comment_status":"open","ping_status":"closed","template":"","meta":{"site-sidebar-layout":"default","site-content-layout":"","ast-site-content-layout":"default","site-content-style":"default","site-sidebar-style":"default","ast-global-header-display":"","ast-banner-title-visibility":"","ast-main-header-display":"","ast-hfb-above-header-display":"","ast-hfb-below-header-display":"","ast-hfb-mobile-header-display":"","site-post-title":"","ast-breadcrumbs-content":"","ast-featured-img":"","footer-sml-layout":"","ast-disable-related-posts":"","theme-transparent-header-meta":"","adv-header-id-meta":"","stick-header-meta":"","header-above-stick-meta":"","header-main-stick-meta":"","header-below-stick-meta":"","astra-migrate-meta-layouts":"default","ast-page-background-enabled":"default","ast-page-background-meta":{"desktop":{"background-color":"var(--ast-global-color-4)","background-image":"","background-repeat":"repeat","background-position":"center center","background-size":"auto","background-attachment":"scroll","background-type":"","background-media":"","overlay-type":"","overlay-color":"","overlay-opacity":"","overlay-gradient":""},"tablet":{"background-color":"","background-image":"","background-repeat":"repeat","background-position":"center center","background-size":"auto","background-attachment":"scroll","background-type":"","background-media":"","overlay-type":"","overlay-color":"","overlay-opacity":"","overlay-gradient":""},"mobile":{"background-color":"","background-image":"","background-repeat":"repeat","background-position":"center center","background-size":"auto","background-attachment":"scroll","background-type":"","background-media":"","overlay-type":"","overlay-color":"","overlay-opacity":"","overlay-gradient":""}},"ast-content-background-meta":{"desktop":{"background-color":"var(--ast-global-color-5)","background-image":"","background-repeat":"repeat","background-position":"center center","background-size":"auto","background-attachment":"scroll","background-type":"","background-media":"","overlay-type":"","overlay-color":"","overlay-opacity":"","overlay-gradient":""},"tablet":{"background-color":"var(--ast-global-color-5)","background-image":"","background-repeat":"repeat","background-position":"center center","background-size":"auto","background-attachment":"scroll","background-type":"","background-media":"","overlay-type":"","overlay-color":"","overlay-opacity":"","overlay-gradient":""},"mobile":{"background-color":"var(--ast-global-color-5)","background-image":"","background-repeat":"repeat","background-position":"center center","background-size":"auto","background-attachment":"scroll","background-type":"","background-media":"","overlay-type":"","overlay-color":"","overlay-opacity":"","overlay-gradient":""}}},"product_brand":[],"product_cat":[20],"product_tag":[],"class_list":{"0":"post-2695","1":"product","2":"type-product","3":"status-publish","4":"has-post-thumbnail","6":"product_cat-hautpflege","7":"desktop-align-left","8":"tablet-align-left","9":"mobile-align-left","11":"first","12":"instock","13":"shipping-taxable","14":"product-type-external"},"aioseo_notices":[],"_links":{"self":[{"href":"https:\/\/www.dr-haerting.at\/apotheke\/wp-json\/wp\/v2\/product\/2695","targetHints":{"allow":["GET"]}}],"collection":[{"href":"https:\/\/www.dr-haerting.at\/apotheke\/wp-json\/wp\/v2\/product"}],"about":[{"href":"https:\/\/www.dr-haerting.at\/apotheke\/wp-json\/wp\/v2\/types\/product"}],"replies":[{"embeddable":true,"href":"https:\/\/www.dr-haerting.at\/apotheke\/wp-json\/wp\/v2\/comments?post=2695"}],"wp:featuredmedia":[{"embeddable":true,"href":"https:\/\/www.dr-haerting.at\/apotheke\/wp-json\/wp\/v2\/media\/992"}],"wp:attachment":[{"href":"https:\/\/www.dr-haerting.at\/apotheke\/wp-json\/wp\/v2\/media?parent=2695"}],"wp:term":[{"taxonomy":"product_brand","embeddable":true,"href":"https:\/\/www.dr-haerting.at\/apotheke\/wp-json\/wp\/v2\/product_brand?post=2695"},{"taxonomy":"product_cat","embeddable":true,"href":"https:\/\/www.dr-haerting.at\/apotheke\/wp-json\/wp\/v2\/product_cat?post=2695"},{"taxonomy":"product_tag","embeddable":true,"href":"https:\/\/www.dr-haerting.at\/apotheke\/wp-json\/wp\/v2\/product_tag?post=2695"}],"curies":[{"name":"wp","href":"https:\/\/api.w.org\/{rel}","templated":true}]}}