{"id":2709,"date":"2026-02-08T01:42:26","date_gmt":"2026-02-08T01:42:26","guid":{"rendered":"https:\/\/www.dr-haerting.at\/apotheke\/?post_type=product&#038;p=2709"},"modified":"2026-02-26T20:27:15","modified_gmt":"2026-02-26T20:27:15","slug":"kaletra","status":"publish","type":"product","link":"https:\/\/www.dr-haerting.at\/apotheke\/online\/kaletra\/","title":{"rendered":"Kaletra"},"content":{"rendered":"<p>Kaletra ist ein antiretrovirales Medikament, das zur Behandlung von HIV-1-Infektionen eingesetzt wird. Es besteht aus einer Kombination der Wirkstoffe Lopinavir und Ritonavir, die beide die Vermehrung des HI-Virus im K\u00f6rper hemmen. Kaletra wird als Filmtablette oder L\u00f6sung zur oralen Einnahme verabreicht und geh\u00f6rt zur Klasse der Protease-Inhibitoren.<\/p>\n<h2>Vermeidung von Risiken mit Kaletra<\/h2>\n<p>Kaletra sollte nicht eingenommen werden, wenn eine \u00dcberempfindlichkeit gegen\u00fcber Lopinavir, Ritonavir oder anderen Bestandteilen des Medikaments besteht. Es ist kontraindiziert bei Patienten mit schweren Lebererkrankungen, einschlie\u00dflich Hepatitis B oder C. Dar\u00fcber hinaus sollten auch bestimmte Arzneimittel, wie z. B. Cisaprid, Pimozid oder Methergin, nicht zusammen mit Kaletra eingenommen werden, da dies zu schweren Wechselwirkungen f\u00fchren kann.<\/p>\n<h2>Umgang mit Nebenwirkungen<\/h2>\n<p>Wie bei den meisten Medikamenten k\u00f6nnen bei der Einnahme von Kaletra Nebenwirkungen auftreten. Zu den h\u00e4ufigsten Nebenwirkungen geh\u00f6ren \u00dcbelkeit, Erbrechen, Durchfall, Bauchschmerzen, Kopfschmerzen, M\u00fcdigkeit und Hautausschl\u00e4ge. In einigen F\u00e4llen k\u00f6nnen schwerwiegendere Nebenwirkungen wie Leberprobleme, Blutzuckerprobleme oder \u00c4nderungen des Lipidspiegels im Blut auftreten. Wenn diese Nebenwirkungen auftreten, sollte sofort ein Arzt konsultiert werden.<\/p>\n<h2>Kaletra sicher einnehmen<\/h2>\n<p>Es ist wichtig, Kaletra genau nach den Anweisungen des Arztes einzunehmen. Die empfohlene Dosis betr\u00e4gt in der Regel 400 mg Lopinavir und 100 mg Ritonavir, zweimal t\u00e4glich. Wenn eine Dosis vergessen wird, sollte sie so bald wie m\u00f6glich eingenommen werden, es sei denn, es ist fast Zeit f\u00fcr die n\u00e4chste Dosis. In diesem Fall sollte die vergessene Dosis \u00fcbersprungen und mit dem regul\u00e4ren Einnahmeschema fortgefahren werden. Eine \u00dcberdosierung von Kaletra kann zu unerw\u00fcnschten Wirkungen f\u00fchren und sollte vermieden werden.<\/p>\n<h2>Mischung mit anderen Medikamenten<\/h2>\n<p>Kaletra kann mit bestimmten Medikamenten interagieren und die Wirkung von Kaletra oder den anderen Medikamenten ver\u00e4ndern. Es ist wichtig, dem Arzt alle anderen Medikamente mitzuteilen, einschlie\u00dflich rezeptfreier Medikamente und Nahrungserg\u00e4nzungsmittel. Beispielsweise k\u00f6nnen Medikamente wie Rifampicin, Carbamazepin oder Johanniskraut die Wirkung von Kaletra abschw\u00e4chen, w\u00e4hrend Medikamente wie Atazanavir oder Tenofoviralafenamid das Risiko von Nebenwirkungen erh\u00f6hen k\u00f6nnen.<\/p>\n<h2>Fragen und Antworten<\/h2>\n<ul>\n<li>\n<p><strong>F: Kann ich Kaletra w\u00e4hrend der Schwangerschaft einnehmen?<\/strong><\/p>\n<p>A: Es wird empfohlen, vor der Einnahme von Kaletra w\u00e4hrend der Schwangerschaft R\u00fccksprache mit einem Arzt zu halten, da das Medikament Auswirkungen auf das ungeborene Kind haben kann.<\/p>\n<\/li>\n<li>\n<p><strong>F: Wie lange dauert die Einnahme von Kaletra?<\/strong><\/p>\n<p>A: Die Dauer der Einnahme von Kaletra h\u00e4ngt von der individuellen Situation des Patienten ab. Ein Arzt wird den Behandlungsverlauf festlegen.<\/p>\n<\/li>\n<li>\n<p><strong>F: Gibt es bestimmte Nahrungsmittel, die vermieden werden sollten, w\u00e4hrend ich Kaletra einnehme?<\/strong><\/p>\n<p>A: Bestimmte Nahrungsmittel, insbesondere fettreiche Mahlzeiten, k\u00f6nnen die Aufnahme von Kaletra beeintr\u00e4chtigen. Es wird empfohlen, dies mit dem behandelnden Arzt zu besprechen.<\/p>\n<\/li>\n<li>\n<p><strong>F: Sollte ich regelm\u00e4\u00dfige Blutuntersuchungen w\u00e4hrend der Einnahme von Kaletra durchf\u00fchren lassen?<\/strong><\/p>\n<p>A: Ja, regelm\u00e4\u00dfige Blutuntersuchungen sind wichtig, um die Wirksamkeit von Kaletra zu \u00fcberwachen und m\u00f6gliche Nebenwirkungen zu kontrollieren.<\/p>\n<\/li>\n<li>\n<p><strong>F: Kann ich Alkohol trinken, w\u00e4hrend ich Kaletra einnehme?<\/strong><\/p>\n<p>A: Es wird empfohlen, den Konsum von Alkohol w\u00e4hrend der Einnahme von Kaletra zu begrenzen, da dies die Leberfunktion beeinflussen kann.<\/p>\n<\/li>\n<\/ul>\n","protected":false},"excerpt":{"rendered":"<p>Kaletra, auch unter dem generischen Namen Lopinavir und Ritonavir bekannt, ist ein Medikament, das zur Behandlung von HIV (Humanes Immundefizienzvirus) eingesetzt wird. Es handelt sich um eine Kombination aus zwei antiviralen Wirkstoffen, die das Virus daran hindern, sich in menschlichen Zellen zu vermehren. Kaletra wird zur Verlangsamung des Fortschreitens von HIV-Infektionen eingesetzt und hilft dabei, das Immunsystem zu st\u00e4rken. <\/p>\n<h2>Preis von Kaletra<\/h2>\n<p>Kaletra kostet zwischen 3.85\u20ac und 4.37\u20ac pro Pillen. Er h\u00e4ngt von der Gr\u00f6\u00dfe der Packung und der Menge des Wirkstoffs ab (60 oder 360 mg).<\/p>\n","protected":false},"featured_media":1007,"comment_status":"open","ping_status":"closed","template":"","meta":{"site-sidebar-layout":"default","site-content-layout":"","ast-site-content-layout":"default","site-content-style":"default","site-sidebar-style":"default","ast-global-header-display":"","ast-banner-title-visibility":"","ast-main-header-display":"","ast-hfb-above-header-display":"","ast-hfb-below-header-display":"","ast-hfb-mobile-header-display":"","site-post-title":"","ast-breadcrumbs-content":"","ast-featured-img":"","footer-sml-layout":"","ast-disable-related-posts":"","theme-transparent-header-meta":"","adv-header-id-meta":"","stick-header-meta":"","header-above-stick-meta":"","header-main-stick-meta":"","header-below-stick-meta":"","astra-migrate-meta-layouts":"default","ast-page-background-enabled":"default","ast-page-background-meta":{"desktop":{"background-color":"var(--ast-global-color-4)","background-image":"","background-repeat":"repeat","background-position":"center center","background-size":"auto","background-attachment":"scroll","background-type":"","background-media":"","overlay-type":"","overlay-color":"","overlay-opacity":"","overlay-gradient":""},"tablet":{"background-color":"","background-image":"","background-repeat":"repeat","background-position":"center center","background-size":"auto","background-attachment":"scroll","background-type":"","background-media":"","overlay-type":"","overlay-color":"","overlay-opacity":"","overlay-gradient":""},"mobile":{"background-color":"","background-image":"","background-repeat":"repeat","background-position":"center center","background-size":"auto","background-attachment":"scroll","background-type":"","background-media":"","overlay-type":"","overlay-color":"","overlay-opacity":"","overlay-gradient":""}},"ast-content-background-meta":{"desktop":{"background-color":"var(--ast-global-color-5)","background-image":"","background-repeat":"repeat","background-position":"center center","background-size":"auto","background-attachment":"scroll","background-type":"","background-media":"","overlay-type":"","overlay-color":"","overlay-opacity":"","overlay-gradient":""},"tablet":{"background-color":"var(--ast-global-color-5)","background-image":"","background-repeat":"repeat","background-position":"center center","background-size":"auto","background-attachment":"scroll","background-type":"","background-media":"","overlay-type":"","overlay-color":"","overlay-opacity":"","overlay-gradient":""},"mobile":{"background-color":"var(--ast-global-color-5)","background-image":"","background-repeat":"repeat","background-position":"center center","background-size":"auto","background-attachment":"scroll","background-type":"","background-media":"","overlay-type":"","overlay-color":"","overlay-opacity":"","overlay-gradient":""}}},"product_brand":[],"product_cat":[22],"product_tag":[],"class_list":{"0":"post-2709","1":"product","2":"type-product","3":"status-publish","4":"has-post-thumbnail","6":"product_cat-andere","7":"desktop-align-left","8":"tablet-align-left","9":"mobile-align-left","11":"first","12":"instock","13":"shipping-taxable","14":"product-type-external"},"aioseo_notices":[],"_links":{"self":[{"href":"https:\/\/www.dr-haerting.at\/apotheke\/wp-json\/wp\/v2\/product\/2709","targetHints":{"allow":["GET"]}}],"collection":[{"href":"https:\/\/www.dr-haerting.at\/apotheke\/wp-json\/wp\/v2\/product"}],"about":[{"href":"https:\/\/www.dr-haerting.at\/apotheke\/wp-json\/wp\/v2\/types\/product"}],"replies":[{"embeddable":true,"href":"https:\/\/www.dr-haerting.at\/apotheke\/wp-json\/wp\/v2\/comments?post=2709"}],"wp:featuredmedia":[{"embeddable":true,"href":"https:\/\/www.dr-haerting.at\/apotheke\/wp-json\/wp\/v2\/media\/1007"}],"wp:attachment":[{"href":"https:\/\/www.dr-haerting.at\/apotheke\/wp-json\/wp\/v2\/media?parent=2709"}],"wp:term":[{"taxonomy":"product_brand","embeddable":true,"href":"https:\/\/www.dr-haerting.at\/apotheke\/wp-json\/wp\/v2\/product_brand?post=2709"},{"taxonomy":"product_cat","embeddable":true,"href":"https:\/\/www.dr-haerting.at\/apotheke\/wp-json\/wp\/v2\/product_cat?post=2709"},{"taxonomy":"product_tag","embeddable":true,"href":"https:\/\/www.dr-haerting.at\/apotheke\/wp-json\/wp\/v2\/product_tag?post=2709"}],"curies":[{"name":"wp","href":"https:\/\/api.w.org\/{rel}","templated":true}]}}