{"id":2712,"date":"2026-02-12T02:41:51","date_gmt":"2026-02-12T02:41:51","guid":{"rendered":"https:\/\/www.dr-haerting.at\/apotheke\/?post_type=product&#038;p=2712"},"modified":"2026-02-26T20:27:17","modified_gmt":"2026-02-26T20:27:17","slug":"kemadrin","status":"publish","type":"product","link":"https:\/\/www.dr-haerting.at\/apotheke\/online\/kemadrin\/","title":{"rendered":"Kemadrin"},"content":{"rendered":"<p>Kemadrin ist ein Medikament, das den Wirkstoff Procyclidin enth\u00e4lt. Es geh\u00f6rt zur Klasse der Anticholinergika und wird zur Behandlung von Bewegungsst\u00f6rungen bei Parkinson-Krankheit und andere medizinische Zust\u00e4nde verwendet. Procyclidin wirkt, indem es den Botenstoff Acetylcholin blockiert, was zu einer Verringerung der Muskelsteifheit und einer Verbesserung der Kontrolle \u00fcber Bewegungen f\u00fchrt. Kemadrin wird oft als Teil einer umfassenden Behandlung eingesetzt, die auch andere Medikamente und Therapien umfasst.<\/p>\n<h2>Was zu vermeiden ist, wenn Sie Kemadrin einnehmen<\/h2>\n<p>Kemadrin sollte nicht eingenommen werden, wenn Sie eine bekannte \u00dcberempfindlichkeit gegen Procyclidin oder andere Bestandteile des Arzneimittels haben. Es ist auch kontraindiziert bei Patienten mit Engwinkelglaukom, Myasthenia gravis oder Darmverschluss. Schwangere Frauen sollten Kemadrin nur mit Vorsicht einnehmen und nur, wenn der potenzielle Nutzen das m\u00f6gliche Risiko \u00fcberwiegt. Es wird empfohlen, dass Sie Ihren Arzt \u00fcber alle anderen Medikamente informieren, die Sie einnehmen, da Kemadrin mit bestimmten Arzneimitteln, einschlie\u00dflich einiger Antidepressiva und Antihistaminika, interagieren kann.<\/p>\n<h2>Umgang mit Nebenwirkungen<\/h2>\n<p>Wie bei den meisten Medikamenten kann die Einnahme von Kemadrin Nebenwirkungen verursachen. Zu den h\u00e4ufigsten Nebenwirkungen geh\u00f6ren Mundtrockenheit, verschwommenes Sehen, Verstopfung, Harnverhaltung und Schwindel. Diese Nebenwirkungen sind normalerweise vor\u00fcbergehend und gehen in der Regel von selbst weg. Wenn Sie jedoch ernsthafte oder anhaltende Nebenwirkungen bemerken, sollten Sie sofort einen Arzt aufsuchen. Ihr Arzt kann Ihnen dabei helfen, mit den Nebenwirkungen umzugehen oder alternative Behandlungsoptionen zu diskutieren.<\/p>\n<h2>Kemadrin sicher einnehmen<\/h2>\n<p>Es ist wichtig, Kemadrin gem\u00e4\u00df den Anweisungen Ihres Arztes oder Apothekers einzunehmen. Die \u00fcbliche empfohlene Dosis betr\u00e4gt dreimal t\u00e4glich 2,5 mg bis 5 mg. Sie k\u00f6nnen Kemadrin mit oder ohne Nahrung einnehmen, aber es wird empfohlen, es immer zur gleichen Zeit jeden Tag einzunehmen. Wenn Sie eine Dosis verpassen, nehmen Sie sie ein, sobald Sie sich daran erinnern, es sei denn, es ist fast Zeit f\u00fcr die n\u00e4chste geplante Dosis. Nehmen Sie nicht die doppelte Dosis ein, um eine verpasste Dosis auszugleichen. Bei einer \u00dcberdosierung von Kemadrin sollten Sie sofort medizinische Hilfe suchen.<\/p>\n<h2>Wie andere Medikamente Kemadrin beeinflussen<\/h2>\n<p>Kemadrin kann mit anderen Medikamenten interagieren und deren Wirkung beeinflussen. Informieren Sie Ihren Arzt \u00fcber alle Medikamente, die Sie einnehmen, insbesondere \u00fcber andere Anticholinergika, bestimmte Antidepressiva, Antihistaminika und Medikamente gegen Magen-Darm-Erkrankungen. Die gleichzeitige Einnahme dieser Medikamente mit Kemadrin kann zu einem erh\u00f6hten Risiko f\u00fcr Nebenwirkungen f\u00fchren oder die Wirksamkeit des Medikaments beeintr\u00e4chtigen. Ihr Arzt wird in der Lage sein, die potenziellen Interaktionen zu bewerten und gegebenenfalls Anpassungen an Ihrer Medikation vorzunehmen.<\/p>\n<h2>H\u00e4ufig gestellte Fragen<\/h2>\n<ul>\n<li><b>Frage 1:<\/b> Kann ich Kemadrin w\u00e4hrend der Schwangerschaft einnehmen?<\/li>\n<li><b>Antwort:<\/b> Kemadrin sollte w\u00e4hrend der Schwangerschaft nur nach R\u00fccksprache mit einem Arzt eingenommen werden.<\/li>\n<li><b>Frage 2:<\/b> Welche Nebenwirkungen kann die Einnahme von Kemadrin verursachen?<\/li>\n<li><b>Antwort:<\/b> Zu den h\u00e4ufigsten Nebenwirkungen von Kemadrin geh\u00f6ren Mundtrockenheit, verschwommenes Sehen, Verstopfung, Harnverhaltung und Schwindel.<\/li>\n<li><b>Frage 3:<\/b> Was passiert, wenn ich eine Dosis von Kemadrin vergesse?<\/li>\n<li><b>Antwort:<\/b> Nehmen Sie die verpasste Dosis ein, sobald Sie sich daran erinnern, es sei denn, es ist fast Zeit f\u00fcr die n\u00e4chste geplante Dosis. Nehmen Sie nicht die doppelte Dosis ein, um eine verpasste Dosis auszugleichen.<\/li>\n<li><b>Frage 4:<\/b> Gibt es Wechselwirkungen zwischen Kemadrin und anderen Medikamenten?<\/li>\n<li><b>Antwort:<\/b> Ja, Kemadrin kann mit anderen Medikamenten interagieren. Informieren Sie Ihren Arzt \u00fcber alle Medikamente, die Sie einnehmen, um potenzielle Wechselwirkungen zu vermeiden.<\/li>\n<li><b>Frage 5:<\/b> Wie oft sollte ich Kemadrin einnehmen?<\/li>\n<li><b>Antwort:<\/b> Die \u00fcbliche empfohlene Dosis betr\u00e4gt dreimal t\u00e4glich. Befolgen Sie die Anweisungen Ihres Arztes.<\/li>\n<\/ul>\n","protected":false},"excerpt":{"rendered":"<p>Das Medikament mit dem Namen Kemadrin ist ein verschreibungspflichtiges Arzneimittel, das den Wirkstoff Procyclidinhydrochlorid enth\u00e4lt. Es wird zur Behandlung der Parkinson-Krankheit und zur Linderung der damit verbundenen Symptome wie Muskelsteife, Zittern und Bewegungsprobleme verwendet. Kemadrin ist unter anderem auch als Handelsname f\u00fcr dieses Medikament bekannt. <\/p>\n<h2>Preis von Kemadrin<\/h2>\n<p>Die Preisstruktur f\u00fcr Kemadrin ist zwischen 0.76\u20ac und 1.63\u20ac f\u00fcr jeden Pillen festgelegt. Sie richtet sich nach der Gr\u00f6\u00dfe der Verpackung und der Konzentration der Inhaltsstoffe (20 oder 360 mg).<\/p>\n","protected":false},"featured_media":1012,"comment_status":"open","ping_status":"closed","template":"","meta":{"site-sidebar-layout":"default","site-content-layout":"","ast-site-content-layout":"default","site-content-style":"default","site-sidebar-style":"default","ast-global-header-display":"","ast-banner-title-visibility":"","ast-main-header-display":"","ast-hfb-above-header-display":"","ast-hfb-below-header-display":"","ast-hfb-mobile-header-display":"","site-post-title":"","ast-breadcrumbs-content":"","ast-featured-img":"","footer-sml-layout":"","ast-disable-related-posts":"","theme-transparent-header-meta":"","adv-header-id-meta":"","stick-header-meta":"","header-above-stick-meta":"","header-main-stick-meta":"","header-below-stick-meta":"","astra-migrate-meta-layouts":"default","ast-page-background-enabled":"default","ast-page-background-meta":{"desktop":{"background-color":"var(--ast-global-color-4)","background-image":"","background-repeat":"repeat","background-position":"center center","background-size":"auto","background-attachment":"scroll","background-type":"","background-media":"","overlay-type":"","overlay-color":"","overlay-opacity":"","overlay-gradient":""},"tablet":{"background-color":"","background-image":"","background-repeat":"repeat","background-position":"center center","background-size":"auto","background-attachment":"scroll","background-type":"","background-media":"","overlay-type":"","overlay-color":"","overlay-opacity":"","overlay-gradient":""},"mobile":{"background-color":"","background-image":"","background-repeat":"repeat","background-position":"center center","background-size":"auto","background-attachment":"scroll","background-type":"","background-media":"","overlay-type":"","overlay-color":"","overlay-opacity":"","overlay-gradient":""}},"ast-content-background-meta":{"desktop":{"background-color":"var(--ast-global-color-5)","background-image":"","background-repeat":"repeat","background-position":"center center","background-size":"auto","background-attachment":"scroll","background-type":"","background-media":"","overlay-type":"","overlay-color":"","overlay-opacity":"","overlay-gradient":""},"tablet":{"background-color":"var(--ast-global-color-5)","background-image":"","background-repeat":"repeat","background-position":"center center","background-size":"auto","background-attachment":"scroll","background-type":"","background-media":"","overlay-type":"","overlay-color":"","overlay-opacity":"","overlay-gradient":""},"mobile":{"background-color":"var(--ast-global-color-5)","background-image":"","background-repeat":"repeat","background-position":"center center","background-size":"auto","background-attachment":"scroll","background-type":"","background-media":"","overlay-type":"","overlay-color":"","overlay-opacity":"","overlay-gradient":""}}},"product_brand":[],"product_cat":[22],"product_tag":[],"class_list":{"0":"post-2712","1":"product","2":"type-product","3":"status-publish","4":"has-post-thumbnail","6":"product_cat-andere","7":"desktop-align-left","8":"tablet-align-left","9":"mobile-align-left","11":"first","12":"instock","13":"shipping-taxable","14":"product-type-external"},"aioseo_notices":[],"_links":{"self":[{"href":"https:\/\/www.dr-haerting.at\/apotheke\/wp-json\/wp\/v2\/product\/2712","targetHints":{"allow":["GET"]}}],"collection":[{"href":"https:\/\/www.dr-haerting.at\/apotheke\/wp-json\/wp\/v2\/product"}],"about":[{"href":"https:\/\/www.dr-haerting.at\/apotheke\/wp-json\/wp\/v2\/types\/product"}],"replies":[{"embeddable":true,"href":"https:\/\/www.dr-haerting.at\/apotheke\/wp-json\/wp\/v2\/comments?post=2712"}],"wp:featuredmedia":[{"embeddable":true,"href":"https:\/\/www.dr-haerting.at\/apotheke\/wp-json\/wp\/v2\/media\/1012"}],"wp:attachment":[{"href":"https:\/\/www.dr-haerting.at\/apotheke\/wp-json\/wp\/v2\/media?parent=2712"}],"wp:term":[{"taxonomy":"product_brand","embeddable":true,"href":"https:\/\/www.dr-haerting.at\/apotheke\/wp-json\/wp\/v2\/product_brand?post=2712"},{"taxonomy":"product_cat","embeddable":true,"href":"https:\/\/www.dr-haerting.at\/apotheke\/wp-json\/wp\/v2\/product_cat?post=2712"},{"taxonomy":"product_tag","embeddable":true,"href":"https:\/\/www.dr-haerting.at\/apotheke\/wp-json\/wp\/v2\/product_tag?post=2712"}],"curies":[{"name":"wp","href":"https:\/\/api.w.org\/{rel}","templated":true}]}}