{"id":2739,"date":"2026-02-13T04:20:02","date_gmt":"2026-02-13T04:20:02","guid":{"rendered":"https:\/\/www.dr-haerting.at\/apotheke\/?post_type=product&#038;p=2739"},"modified":"2026-02-26T20:27:22","modified_gmt":"2026-02-26T20:27:22","slug":"exelon","status":"publish","type":"product","link":"https:\/\/www.dr-haerting.at\/apotheke\/online\/exelon\/","title":{"rendered":"Exelon"},"content":{"rendered":"<p>Exelon (Wirkstoff Rivastigmin) ist ein Medikament, das zur Behandlung von Demenz (insbesondere der Alzheimer-Krankheit und der Parkinson-Krankheit) eingesetzt wird. Es geh\u00f6rt zur Klasse der Acetylcholinesterase-Inhibitoren, die den Abbau von Acetylcholin im Gehirn hemmen. Acetylcholin ist ein Neurotransmitter, der f\u00fcr die \u00dcbertragung von Signalen zwischen Nervenzellen verantwortlich ist. Durch die Erh\u00f6hung des Acetylcholin-Spiegels im Gehirn kann Exelon die kognitiven Funktionen verbessern und die Symptome der Demenz lindern.<\/p>\n<h2>Warnungen<\/h2>\n<p>Exelon sollte nicht eingenommen werden, wenn eine Allergie gegen Rivastigmin oder andere Bestandteile des Medikaments besteht. Es kann auch kontraindiziert sein bei Personen mit schweren Leberproblemen oder Magen-Darm-Blutungen. Schwangere Frauen und stillende M\u00fctter sollten Exelon nicht einnehmen, da seine Auswirkungen auf den F\u00f6tus oder das Baby nicht ausreichend untersucht wurden.<\/p>\n<h2>Exelon Nebenwirkungen<\/h2>\n<p>Wie bei den meisten Medikamenten k\u00f6nnen bei der Einnahme von Exelon bestimmte Nebenwirkungen auftreten. H\u00e4ufige Nebenwirkungen sind \u00dcbelkeit, Erbrechen, Durchfall, Appetitlosigkeit und Gewichtsverlust. Andere m\u00f6gliche Nebenwirkungen sind Schwindel, Kopfschmerzen, M\u00fcdigkeit, Schlafst\u00f6rungen und Hautreaktionen. Bei schweren Nebenwirkungen wie Halluzinationen, schwerer \u00dcbelkeit oder Erbrechen, gelblicher Haut oder Augen, oder schwerer Schw\u00e4che sollte sofort ein Arzt aufgesucht werden.<\/p>\n<h2>Wie man Exelon einnimmt<\/h2>\n<p>Exelon sollte in der Regel zweimal t\u00e4glich mit den Mahlzeiten eingenommen werden. Es ist wichtig, die vom Arzt verordnete Dosierung einzuhalten. Wenn eine Dosis vergessen wurde, sollte sie eingenommen werden, sobald man sich daran erinnert, es sei denn, es ist fast Zeit f\u00fcr die n\u00e4chste geplante Dosis. In diesem Fall sollte die vergessene Dosis ausgelassen und mit dem normalen Einnahmeschema fortgefahren werden. Eine \u00dcberdosierung von Exelon kann zu Symptomen wie starkem Erbrechen, \u00fcberm\u00e4\u00dfigem Speichelfluss, Schwei\u00dfausbr\u00fcchen, Muskelschw\u00e4che, Kr\u00e4mpfen und verlangsamtem Puls f\u00fchren. Bei Verdacht auf eine \u00dcberdosierung sollte sofort ein Arzt aufgesucht werden.<\/p>\n<h2>Wechselwirkungen mit anderen Medikamenten<\/h2>\n<p>Exelon kann mit bestimmten Medikamenten und Substanzen interagieren, was zu unerw\u00fcnschten Effekten f\u00fchren oder die Wirksamkeit des Medikaments beeintr\u00e4chtigen kann. Anticholinergika, wie z.B. einige Medikamente zur Behandlung von Parkinson-Krankheit, sollten nicht gleichzeitig mit Exelon eingenommen werden, da sie seine Wirkung abschw\u00e4chen k\u00f6nnen. Es ist wichtig, dem Arzt alle Medikamente, Nahrungserg\u00e4nzungsmittel und pflanzlichen Pr\u00e4parate mitzuteilen, die man einnimmt, um m\u00f6gliche Wechselwirkungen zu vermeiden.<\/p>\n<h2>Fragen und Antworten<\/h2>\n<ul>\n<li><strong>Frage: <\/strong> Wie lange dauert es, bis Exelon wirkt?<\/li>\n<li><strong>Antwort: <\/strong> Es kann einige Wochen dauern, bis die volle Wirkung von Exelon sp\u00fcrbar wird. Einzelne Reaktionen k\u00f6nnen jedoch schon fr\u00fcher auftreten.<\/li>\n<li><strong>Frage: <\/strong> Kann Exelon bei Menschen mit schwerer Demenz wirksam sein?<\/li>\n<li><strong>Antwort: <\/strong> Exelon wurde haupts\u00e4chlich f\u00fcr die Behandlung von leichten bis mittelschweren Demenzformen untersucht. Es kann jedoch in einigen F\u00e4llen auch bei schwerer Demenz eingesetzt werden, um die Symptome zu lindern.<\/li>\n<li><strong>Frage: <\/strong> Gibt es spezielle Vorsichtsma\u00dfnahmen bei der Einnahme von Exelon?<\/li>\n<li><strong>Antwort: <\/strong> Ja, w\u00e4hrend der Einnahme von Exelon sollten regelm\u00e4\u00dfige Kontrolluntersuchungen durchgef\u00fchrt werden, um die Leber- und Nierenfunktion zu \u00fcberwachen. Bei Auftreten von Nebenwirkungen oder Ver\u00e4nderungen im Allgemeinzustand sollte ein Arzt konsultiert werden.<\/li>\n<li><strong>Frage: <\/strong> Kann Exelon in Kombination mit anderen Demenzmedikamenten eingenommen werden?<\/li>\n<li><strong>Antwort: <\/strong> Die gleichzeitige Einnahme von Exelon mit anderen Demenzmedikamenten sollte nur unter \u00e4rztlicher Aufsicht erfolgen, da es zu Wechselwirkungen kommen kann.<\/li>\n<li><strong>Frage: <\/strong> Wie lange sollte Exelon eingenommen werden?<\/li>\n<li><strong>Antwort: <\/strong> Die Dauer der Behandlung mit Exelon h\u00e4ngt von der individuellen Situation ab und sollte mit dem Arzt besprochen werden.<\/li>\n<\/ul>\n","protected":false},"excerpt":{"rendered":"<p>Exelon, auch unter dem chemischen Namen Rivastigmin bekannt, ist ein mit der Behandlung bestimmter Erkrankungen in Zusammenhang stehendes Medikament. Es wird zur Behandlung von Alzheimer-Krankheit, Parkinson-Krankheit und Demenz bei Patienten eingesetzt. Exelon wird von der Exelon Corporation hergestellt und vertrieben und ist auf dem Markt weit verbreitet. Es ist wichtig zu beachten, dass die Einnahme von Exelon nur nach R\u00fccksprache mit einem medizinischen Fachpersonal erfolgen sollte. <\/p>\n<h2>Preis von Exelon<\/h2>\n<p>Das Exelon Preisspektrum reicht von 0.57\u20ac bis 1.52\u20ac f\u00fcr jeden Pillen. Die wichtigsten Einflussfaktoren sind die Packungsgr\u00f6\u00dfe und der Wirkstoffgehalt (30 oder 360 mg).<\/p>\n","protected":false},"featured_media":1065,"comment_status":"open","ping_status":"closed","template":"","meta":{"site-sidebar-layout":"default","site-content-layout":"","ast-site-content-layout":"default","site-content-style":"default","site-sidebar-style":"default","ast-global-header-display":"","ast-banner-title-visibility":"","ast-main-header-display":"","ast-hfb-above-header-display":"","ast-hfb-below-header-display":"","ast-hfb-mobile-header-display":"","site-post-title":"","ast-breadcrumbs-content":"","ast-featured-img":"","footer-sml-layout":"","ast-disable-related-posts":"","theme-transparent-header-meta":"","adv-header-id-meta":"","stick-header-meta":"","header-above-stick-meta":"","header-main-stick-meta":"","header-below-stick-meta":"","astra-migrate-meta-layouts":"default","ast-page-background-enabled":"default","ast-page-background-meta":{"desktop":{"background-color":"var(--ast-global-color-4)","background-image":"","background-repeat":"repeat","background-position":"center center","background-size":"auto","background-attachment":"scroll","background-type":"","background-media":"","overlay-type":"","overlay-color":"","overlay-opacity":"","overlay-gradient":""},"tablet":{"background-color":"","background-image":"","background-repeat":"repeat","background-position":"center center","background-size":"auto","background-attachment":"scroll","background-type":"","background-media":"","overlay-type":"","overlay-color":"","overlay-opacity":"","overlay-gradient":""},"mobile":{"background-color":"","background-image":"","background-repeat":"repeat","background-position":"center center","background-size":"auto","background-attachment":"scroll","background-type":"","background-media":"","overlay-type":"","overlay-color":"","overlay-opacity":"","overlay-gradient":""}},"ast-content-background-meta":{"desktop":{"background-color":"var(--ast-global-color-5)","background-image":"","background-repeat":"repeat","background-position":"center center","background-size":"auto","background-attachment":"scroll","background-type":"","background-media":"","overlay-type":"","overlay-color":"","overlay-opacity":"","overlay-gradient":""},"tablet":{"background-color":"var(--ast-global-color-5)","background-image":"","background-repeat":"repeat","background-position":"center center","background-size":"auto","background-attachment":"scroll","background-type":"","background-media":"","overlay-type":"","overlay-color":"","overlay-opacity":"","overlay-gradient":""},"mobile":{"background-color":"var(--ast-global-color-5)","background-image":"","background-repeat":"repeat","background-position":"center center","background-size":"auto","background-attachment":"scroll","background-type":"","background-media":"","overlay-type":"","overlay-color":"","overlay-opacity":"","overlay-gradient":""}}},"product_brand":[],"product_cat":[22],"product_tag":[],"class_list":{"0":"post-2739","1":"product","2":"type-product","3":"status-publish","4":"has-post-thumbnail","6":"product_cat-andere","7":"desktop-align-left","8":"tablet-align-left","9":"mobile-align-left","11":"first","12":"instock","13":"shipping-taxable","14":"product-type-external"},"aioseo_notices":[],"_links":{"self":[{"href":"https:\/\/www.dr-haerting.at\/apotheke\/wp-json\/wp\/v2\/product\/2739","targetHints":{"allow":["GET"]}}],"collection":[{"href":"https:\/\/www.dr-haerting.at\/apotheke\/wp-json\/wp\/v2\/product"}],"about":[{"href":"https:\/\/www.dr-haerting.at\/apotheke\/wp-json\/wp\/v2\/types\/product"}],"replies":[{"embeddable":true,"href":"https:\/\/www.dr-haerting.at\/apotheke\/wp-json\/wp\/v2\/comments?post=2739"}],"wp:featuredmedia":[{"embeddable":true,"href":"https:\/\/www.dr-haerting.at\/apotheke\/wp-json\/wp\/v2\/media\/1065"}],"wp:attachment":[{"href":"https:\/\/www.dr-haerting.at\/apotheke\/wp-json\/wp\/v2\/media?parent=2739"}],"wp:term":[{"taxonomy":"product_brand","embeddable":true,"href":"https:\/\/www.dr-haerting.at\/apotheke\/wp-json\/wp\/v2\/product_brand?post=2739"},{"taxonomy":"product_cat","embeddable":true,"href":"https:\/\/www.dr-haerting.at\/apotheke\/wp-json\/wp\/v2\/product_cat?post=2739"},{"taxonomy":"product_tag","embeddable":true,"href":"https:\/\/www.dr-haerting.at\/apotheke\/wp-json\/wp\/v2\/product_tag?post=2739"}],"curies":[{"name":"wp","href":"https:\/\/api.w.org\/{rel}","templated":true}]}}