{"id":2761,"date":"2026-02-11T15:34:49","date_gmt":"2026-02-11T15:34:49","guid":{"rendered":"https:\/\/www.dr-haerting.at\/apotheke\/?post_type=product&#038;p=2761"},"modified":"2026-02-26T20:27:18","modified_gmt":"2026-02-26T20:27:18","slug":"mestinon","status":"publish","type":"product","link":"https:\/\/www.dr-haerting.at\/apotheke\/online\/mestinon\/","title":{"rendered":"Mestinon"},"content":{"rendered":"<p>Mestinon ist ein verschreibungspflichtiges Medikament, das den Wirkstoff Pyridostigminbromid enth\u00e4lt. Es wird zur Behandlung von Myasthenia gravis verwendet, einer Autoimmunerkrankung, die Muskelschw\u00e4che und -erm\u00fcdung verursacht. Mestinon wirkt, indem es die Kommunikation zwischen Nervenenden und Muskeln verbessert und somit die Muskelkraft erh\u00f6ht.<\/p>\n<p>Mestinon sollte nicht eingenommen werden, wenn Sie allergisch gegen Pyridostigminbromid oder andere Inhaltsstoffe des Medikaments sind. Es ist auch wichtig, Ihrem Arzt mitzuteilen, wenn Sie bestimmte medizinische Probleme haben, wie z. B. Asthma, Herzerkrankungen oder Darmerkrankungen. Mestinon kann mit anderen Medikamenten und Substanzen interagieren, daher sollten Sie alle Ihre derzeitigen Medikamente und Erg\u00e4nzungsmittel mit Ihrem Arzt besprechen, um m\u00f6gliche Wechselwirkungen zu vermeiden.<\/p>\n<p>Wie bei den meisten Medikamenten kann die Einnahme von Mestinon Nebenwirkungen verursachen. Zu den h\u00e4ufigsten Nebenwirkungen geh\u00f6ren Magen-Darm-Beschwerden wie \u00dcbelkeit, Erbrechen und Durchfall. Sie k\u00f6nnen auch vermehrtes Schwitzen, Muskelzuckungen und vermehrten Speichelfluss erfahren. Seltener k\u00f6nnen schwerwiegendere Nebenwirkungen auftreten, wie z. B. Herzrhythmusst\u00f6rungen, Atembeschwerden oder allergische Reaktionen. Wenn Sie solche Nebenwirkungen bemerken, informieren Sie sofort Ihren Arzt.<\/p>\n<p>Mestinon sollte gem\u00e4\u00df den Anweisungen Ihres Arztes eingenommen werden. Die \u00fcbliche Dosierung f\u00fcr Erwachsene betr\u00e4gt 60 mg bis 180 mg pro Tag, aufgeteilt auf mehrere Dosen. Die genaue Dosierung und Frequenz kann je nach Ihrem Zustand variieren. Wenn Sie eine Dosis verpassen, nehmen Sie sie ein, sobald Sie sich daran erinnern. Wenn es jedoch fast Zeit f\u00fcr Ihre n\u00e4chste geplante Dosis ist, \u00fcberspringen Sie die vergessene Dosis und setzen Sie die Einnahme wie gewohnt fort. Eine \u00dcberdosierung von Mestinon kann zu schwerwiegenden Nebenwirkungen f\u00fchren und erfordert eine sofortige \u00e4rztliche Behandlung. Wenn Sie eine \u00dcberdosierung vermuten, suchen Sie sofort medizinische Hilfe auf.<\/p>\n<p>Mestinon kann mit anderen Medikamenten und Substanzen interagieren, einschlie\u00dflich verschreibungspflichtiger Medikamente, rezeptfreier Medikamente, Nahrungserg\u00e4nzungsmittel und Kr\u00e4uterpr\u00e4parate. Informieren Sie Ihren Arzt \u00fcber alle Medikamente, die Sie derzeit einnehmen, einschlie\u00dflich solcher zur Behandlung von Bluthochdruck, Herzerkrankungen, Asthma und Verdauungsst\u00f6rungen. Bestimmte Medikamente k\u00f6nnen die Wirkung von Mestinon verst\u00e4rken oder abschw\u00e4chen, w\u00e4hrend andere die Wahrscheinlichkeit von Nebenwirkungen erh\u00f6hen k\u00f6nnen. Ihr Arzt kann Ihre Medikamentendosis anpassen oder alternative Optionen vorschlagen, um m\u00f6gliche Interaktionen zu vermeiden.<\/p>\n<ul>\n<li>\n<p><strong>Wie lange dauert es, bis Mestinon wirkt?<\/strong><\/p>\n<p>Die Wirkung von Mestinon tritt normalerweise innerhalb von 30 Minuten bis 2 Stunden nach der Einnahme ein.<\/p>\n<\/li>\n<li>\n<p><strong>Sind Wechselwirkungen mit anderen Medikamenten h\u00e4ufig?<\/strong><\/p>\n<p>Ja, Mestinon kann mit verschiedenen Medikamenten interagieren. Es ist wichtig, alle Ihre derzeitigen Medikamente mit Ihrem Arzt zu besprechen, um m\u00f6gliche Wechselwirkungen zu vermeiden.<\/p>\n<\/li>\n<li>\n<p><strong>Kann Mestinon w\u00e4hrend der Schwangerschaft eingenommen werden?<\/strong><\/p>\n<p>Es wird empfohlen, dass Sie Ihren Arzt konsultieren, bevor Sie Mestinon w\u00e4hrend der Schwangerschaft einnehmen. Ihr Arzt wird den potenziellen Nutzen f\u00fcr Sie abw\u00e4gen und m\u00f6gliche Risiken ber\u00fccksichtigen.<\/p>\n<\/li>\n<li>\n<p><strong>Gibt es spezielle Anweisungen zur Aufbewahrung von Mestinon?<\/strong><\/p>\n<p>Mestinon sollte bei Raumtemperatur, fern von Feuchtigkeit und direktem Sonnenlicht, aufbewahrt werden. Halten Sie es au\u00dferhalb der Reichweite von Kindern auf.<\/p>\n<\/li>\n<li>\n<p><strong>K\u00f6nnen Kinder Mestinon einnehmen?<\/strong><\/p>\n<p>Mestinon kann Kindern verschrieben werden, jedoch in einer angepassten Dosierung. Bei Kindern unter 6 Jahren ist besondere Vorsicht geboten.<\/p>\n<\/li>\n<\/ul>\n","protected":false},"excerpt":{"rendered":"<p>Mestinon, auch unter dem chemischen Namen Pyridostigmin bekannt, ist ein Medikament zur Behandlung von bestimmten Erkrankungen. Es wird eingesetzt bei Myasthenia gravis, einer Autoimmunerkrankung, bei der es zu Muskelschw\u00e4che und Ersch\u00f6pfung kommt. Mestinon wird auch bei der Behandlung von Lambert-Eaton-Myasthenie-Syndrom eingesetzt, einer seltenen neuromuskul\u00e4ren Erkrankung. Es wird ebenfalls bei postoperativer Darmatonie angewendet, einer Verlangsamung der Magen-Darm-Bewegung nach einer Operation. Mestinon verbessert die Muskelkraft und erh\u00f6ht die Verf\u00fcgbarkeit von Acetylcholin, einem Neurotransmitter, in den neuromuskul\u00e4ren Synapsen. <\/p>\n<h2>Preis von Mestinon<\/h2>\n<p>Mestinon kostet zwischen 1.45\u20ac und 2.05\u20ac pro Pillen. Abh\u00e4ngig von der Gr\u00f6\u00dfe der Packung und der Anzahl der darin enthaltenen Tabletten (30 oder 270 mg).<\/p>\n","protected":false},"featured_media":1117,"comment_status":"open","ping_status":"closed","template":"","meta":{"site-sidebar-layout":"default","site-content-layout":"","ast-site-content-layout":"default","site-content-style":"default","site-sidebar-style":"default","ast-global-header-display":"","ast-banner-title-visibility":"","ast-main-header-display":"","ast-hfb-above-header-display":"","ast-hfb-below-header-display":"","ast-hfb-mobile-header-display":"","site-post-title":"","ast-breadcrumbs-content":"","ast-featured-img":"","footer-sml-layout":"","ast-disable-related-posts":"","theme-transparent-header-meta":"","adv-header-id-meta":"","stick-header-meta":"","header-above-stick-meta":"","header-main-stick-meta":"","header-below-stick-meta":"","astra-migrate-meta-layouts":"default","ast-page-background-enabled":"default","ast-page-background-meta":{"desktop":{"background-color":"var(--ast-global-color-4)","background-image":"","background-repeat":"repeat","background-position":"center center","background-size":"auto","background-attachment":"scroll","background-type":"","background-media":"","overlay-type":"","overlay-color":"","overlay-opacity":"","overlay-gradient":""},"tablet":{"background-color":"","background-image":"","background-repeat":"repeat","background-position":"center center","background-size":"auto","background-attachment":"scroll","background-type":"","background-media":"","overlay-type":"","overlay-color":"","overlay-opacity":"","overlay-gradient":""},"mobile":{"background-color":"","background-image":"","background-repeat":"repeat","background-position":"center center","background-size":"auto","background-attachment":"scroll","background-type":"","background-media":"","overlay-type":"","overlay-color":"","overlay-opacity":"","overlay-gradient":""}},"ast-content-background-meta":{"desktop":{"background-color":"var(--ast-global-color-5)","background-image":"","background-repeat":"repeat","background-position":"center center","background-size":"auto","background-attachment":"scroll","background-type":"","background-media":"","overlay-type":"","overlay-color":"","overlay-opacity":"","overlay-gradient":""},"tablet":{"background-color":"var(--ast-global-color-5)","background-image":"","background-repeat":"repeat","background-position":"center center","background-size":"auto","background-attachment":"scroll","background-type":"","background-media":"","overlay-type":"","overlay-color":"","overlay-opacity":"","overlay-gradient":""},"mobile":{"background-color":"var(--ast-global-color-5)","background-image":"","background-repeat":"repeat","background-position":"center center","background-size":"auto","background-attachment":"scroll","background-type":"","background-media":"","overlay-type":"","overlay-color":"","overlay-opacity":"","overlay-gradient":""}}},"product_brand":[],"product_cat":[21],"product_tag":[],"class_list":{"0":"post-2761","1":"product","2":"type-product","3":"status-publish","4":"has-post-thumbnail","6":"product_cat-schmerzerleichterung","7":"desktop-align-left","8":"tablet-align-left","9":"mobile-align-left","11":"first","12":"instock","13":"shipping-taxable","14":"product-type-external"},"aioseo_notices":[],"_links":{"self":[{"href":"https:\/\/www.dr-haerting.at\/apotheke\/wp-json\/wp\/v2\/product\/2761","targetHints":{"allow":["GET"]}}],"collection":[{"href":"https:\/\/www.dr-haerting.at\/apotheke\/wp-json\/wp\/v2\/product"}],"about":[{"href":"https:\/\/www.dr-haerting.at\/apotheke\/wp-json\/wp\/v2\/types\/product"}],"replies":[{"embeddable":true,"href":"https:\/\/www.dr-haerting.at\/apotheke\/wp-json\/wp\/v2\/comments?post=2761"}],"wp:featuredmedia":[{"embeddable":true,"href":"https:\/\/www.dr-haerting.at\/apotheke\/wp-json\/wp\/v2\/media\/1117"}],"wp:attachment":[{"href":"https:\/\/www.dr-haerting.at\/apotheke\/wp-json\/wp\/v2\/media?parent=2761"}],"wp:term":[{"taxonomy":"product_brand","embeddable":true,"href":"https:\/\/www.dr-haerting.at\/apotheke\/wp-json\/wp\/v2\/product_brand?post=2761"},{"taxonomy":"product_cat","embeddable":true,"href":"https:\/\/www.dr-haerting.at\/apotheke\/wp-json\/wp\/v2\/product_cat?post=2761"},{"taxonomy":"product_tag","embeddable":true,"href":"https:\/\/www.dr-haerting.at\/apotheke\/wp-json\/wp\/v2\/product_tag?post=2761"}],"curies":[{"name":"wp","href":"https:\/\/api.w.org\/{rel}","templated":true}]}}