{"id":2775,"date":"2026-02-06T18:11:14","date_gmt":"2026-02-06T18:11:14","guid":{"rendered":"https:\/\/www.dr-haerting.at\/apotheke\/?post_type=product&#038;p=2775"},"modified":"2026-02-26T20:27:22","modified_gmt":"2026-02-26T20:27:22","slug":"kamagra-oral-jelly","status":"publish","type":"product","link":"https:\/\/www.dr-haerting.at\/apotheke\/online\/kamagra-oral-jelly\/","title":{"rendered":"Kamagra oral jelly"},"content":{"rendered":"<p>Kamagra Oral Jelly ist ein Medikament zur Behandlung von erektiler Dysfunktion (ED). Es enth\u00e4lt den Wirkstoff Sildenafil, der auch in Viagra enthalten ist. Kamagra Oral Jelly wird als Gel verkauft und wird oral eingenommen, indem es direkt in den Mund gegeben oder auf einen L\u00f6ffel gelegt wird und dann geschluckt wird. Es ist in verschiedenen fruchtigen Geschmacksrichtungen erh\u00e4ltlich und bietet eine alternative Form der Einnahme im Vergleich zu herk\u00f6mmlichen Tabletten.<\/p>\n<p>Wie Viagra wirkt Kamagra Oral Jelly, indem es die Blutgef\u00e4\u00dfe im Penis entspannt und den Blutfluss erh\u00f6ht, was zu einer Erektion f\u00fchren kann. Es ist wichtig zu beachten, dass sexuelle Stimulation erforderlich ist, um eine Erektion zu erreichen, da Kamagra Oral Jelly allein keine sexuelle Erregung verursacht.<\/p>\n<h2>Was zu vermeiden ist, wenn Sie Kamagra Oral Jelly einnehmen<\/h2>\n<p>Es gibt bestimmte Situationen oder medizinische Bedingungen, bei denen die Einnahme von Kamagra Oral Jelly nicht ratsam ist. Zu den Kontraindikationen geh\u00f6ren:<\/p>\n<ul>\n<li>Herz-Kreislauf-Erkrankungen wie Herzinfarkt oder Schlaganfall in den letzten 6 Monaten<\/li>\n<li>Hoher oder niedriger Blutdruck, der nicht gut kontrolliert ist<\/li>\n<li>Eine bekannte Allergie oder \u00dcberempfindlichkeit gegen Sildenafil oder andere Bestandteile von Kamagra Oral Jelly<\/li>\n<li>Die Einnahme von organischen Nitraten oder Stickstoffmonoxid-Donatoren<\/li>\n<li>Erkrankungen der Leber oder Nieren<\/li>\n<li>Retinitis pigmentosa (eine seltene erbliche Augenerkrankung)<\/li>\n<li>Bestimmte Medikamente wie Alpha-Blocker oder HIV-Protease-Inhibitoren<\/li>\n<\/ul>\n<h2>Kamagra Oral Jelly-Reaktionen<\/h2>\n<p>Wie bei den meisten Medikamenten k\u00f6nnen bei der Einnahme von Kamagra Oral Jelly bestimmte Nebenwirkungen auftreten. Zu den h\u00e4ufigsten Nebenwirkungen geh\u00f6ren:<\/p>\n<ul>\n<li>Kopfschmerzen<\/li>\n<li>Gesichtsr\u00f6tung<\/li>\n<li>Verdauungsst\u00f6rungen<\/li>\n<li>Verstopfte oder laufende Nase<\/li>\n<\/ul>\n<p>In seltenen F\u00e4llen k\u00f6nnen schwerwiegendere Nebenwirkungen wie Seh- oder H\u00f6rst\u00f6rungen, Priapismus (eine schmerzhafte und lang anhaltende Erektion) und allergische Reaktionen auftreten. Bei Auftreten solcher Nebenwirkungen sollte sofort ein Arzt aufgesucht werden.<\/p>\n<h2>Kamagra Oral Jelly sicher einnehmen<\/h2>\n<p>Es ist wichtig, Kamagra Oral Jelly gem\u00e4\u00df den Anweisungen Ihres Arztes oder Apothekers einzunehmen. Die empfohlene Dosis betr\u00e4gt in der Regel 50 mg, etwa eine Stunde vor dem beabsichtigten Geschlechtsverkehr. Die maximale Tagesdosis sollte 100 mg nicht \u00fcberschreiten. Das Gel kann direkt in den Mund gegeben oder auf einen L\u00f6ffel gelegt und dann geschluckt werden. Es kann mit oder ohne Nahrung eingenommen werden.<\/p>\n<p>Wenn Sie eine Dosis verpassen, k\u00f6nnen Sie das Gel einnehmen, sobald Sie es bemerken. Nehmen Sie jedoch keine doppelte Dosis ein, um eine vergessene Dosis auszugleichen. Bei einer \u00dcberdosierung von Kamagra Oral Jelly kann es zu verst\u00e4rkten Nebenwirkungen kommen. In einem solchen Fall sollte sofort ein Arzt aufgesucht werden.<\/p>\n<h2>Wie andere Medikamente Kamagra Oral Jelly beeinflussen<\/h2>\n<p>Es ist wichtig, Ihren Arzt \u00fcber alle anderen Medikamente zu informieren, die Sie einnehmen, einschlie\u00dflich rezeptfreier Medikamente, Nahrungserg\u00e4nzungsmittel und pflanzlicher Produkte. Kamagra Oral Jelly kann mit bestimmten Medikamenten interagieren und unerw\u00fcnschte Wirkungen verursachen. Zu den Medikamenten, die die Wirkung von Kamagra Oral Jelly beeinflussen k\u00f6nnen, geh\u00f6ren:<\/p>\n<ul>\n<li>Organische Nitrate wie Nitroglycerin<\/li>\n<li>Alpha-Blocker<\/li>\n<li>HIV-Protease-Inhibitoren<\/li>\n<li>Andere Medikamente zur Behandlung von erektiler Dysfunktion<\/li>\n<\/ul>\n<h2>Fragen und Antworten<\/h2>\n<ul>\n<li>\n<p><strong>Frage:<\/strong> Wie oft sollte ich Kamagra Oral Jelly einnehmen?<\/p>\n<p><strong>Antwort:<\/strong> Kamagra Oral Jelly sollte einmal t\u00e4glich eingenommen werden, nicht \u00f6fter.<\/p>\n<\/li>\n<li>\n<p><strong>Frage:<\/strong> Kann ich Kamagra Oral Jelly mit Alkohol einnehmen?<\/p>\n<p><strong>Antwort:<\/strong> Es wird empfohlen, Alkohol zu vermeiden oder in Ma\u00dfen zu trinken, w\u00e4hrend Sie Kamagra Oral Jelly einnehmen, da Alkohol die Wirkung des Medikaments beeintr\u00e4chtigen kann.<\/p>\n<\/li>\n<li>\n<p><strong>Frage:<\/strong> Kann Kamagra Oral Jelly erektile Dysfunktion dauerhaft heilen?<\/p>\n<p><strong>Antwort:<\/strong> Kamagra Oral Jelly ist keine dauerhafte Heilung f\u00fcr erektile Dysfunktion, sondern kann vor\u00fcbergehend bei der Erreichung einer Erektion helfen. Die zugrunde liegende Ursache der erektilen Dysfunktion sollte von einem Arzt behandelt werden.<\/p>\n<\/li>\n<li>\n<p><strong>Frage:<\/strong> Kann ich Kamagra Oral Jelly mit anderen Medikamenten zur Behandlung von ED kombinieren?<\/p>\n<p><strong>Antwort:<\/strong> Es wird nicht empfohlen, Kamagra Oral Jelly mit anderen Medikamenten zur Behandlung von erektiler Dysfunktion zu kombinieren, es sei denn, es wurde von einem Arzt empfohlen.<\/p>\n<\/li>\n<li>\n<p><strong>Frage:<\/strong> Kann Kamagra Oral Jelly ohne Rezept gekauft werden?<\/p>\n<p><strong>Antwort:<\/strong> Nein, Kamagra Oral Jelly ist ein verschreibungspflichtiges Medikament und kann nicht ohne \u00e4rztliche Verschreibung erworben werden.<\/p>\n<\/li>\n<\/ul>\n","protected":false},"excerpt":{"rendered":"<p>Kamagra Oral Jelly, auch unter dem chemischen Namen Sildenafil bekannt, ist ein Medikament zur Behandlung von erektiler Dysfunktion bei erwachsenen M\u00e4nnern. Es handelt sich um eine orale Darreichungsform in Form eines Gels, welches den Wirkstoff Sildenafil in konzentrierter Form enth\u00e4lt. Kamagra Oral Jelly wird von einem renommierten Pharmaunternehmen hergestellt und ist in verschiedenen Geschmacksrichtungen erh\u00e4ltlich. Es ist darauf hinzuweisen, dass Kamagra Oral Jelly ohne \u00e4rztliche Verschreibung erh\u00e4ltlich ist.<\/p>\n<h2>Preis von Kamagra Oral Jelly<\/h2>\n<p>Sie k\u00f6nnen mit einem Preis zwischen 3.79\u20ac und 5.41\u20ac f\u00fcr Kamagra oral jelly pro Sachets rechnen. Die Preise variieren je nach Verpackungsgr\u00f6\u00dfe und Wirkstoffmenge (10 oder 50 mg).<\/p>\n","protected":false},"featured_media":1134,"comment_status":"open","ping_status":"closed","template":"","meta":{"site-sidebar-layout":"default","site-content-layout":"","ast-site-content-layout":"default","site-content-style":"default","site-sidebar-style":"default","ast-global-header-display":"","ast-banner-title-visibility":"","ast-main-header-display":"","ast-hfb-above-header-display":"","ast-hfb-below-header-display":"","ast-hfb-mobile-header-display":"","site-post-title":"","ast-breadcrumbs-content":"","ast-featured-img":"","footer-sml-layout":"","ast-disable-related-posts":"","theme-transparent-header-meta":"","adv-header-id-meta":"","stick-header-meta":"","header-above-stick-meta":"","header-main-stick-meta":"","header-below-stick-meta":"","astra-migrate-meta-layouts":"default","ast-page-background-enabled":"default","ast-page-background-meta":{"desktop":{"background-color":"var(--ast-global-color-4)","background-image":"","background-repeat":"repeat","background-position":"center center","background-size":"auto","background-attachment":"scroll","background-type":"","background-media":"","overlay-type":"","overlay-color":"","overlay-opacity":"","overlay-gradient":""},"tablet":{"background-color":"","background-image":"","background-repeat":"repeat","background-position":"center center","background-size":"auto","background-attachment":"scroll","background-type":"","background-media":"","overlay-type":"","overlay-color":"","overlay-opacity":"","overlay-gradient":""},"mobile":{"background-color":"","background-image":"","background-repeat":"repeat","background-position":"center center","background-size":"auto","background-attachment":"scroll","background-type":"","background-media":"","overlay-type":"","overlay-color":"","overlay-opacity":"","overlay-gradient":""}},"ast-content-background-meta":{"desktop":{"background-color":"var(--ast-global-color-5)","background-image":"","background-repeat":"repeat","background-position":"center center","background-size":"auto","background-attachment":"scroll","background-type":"","background-media":"","overlay-type":"","overlay-color":"","overlay-opacity":"","overlay-gradient":""},"tablet":{"background-color":"var(--ast-global-color-5)","background-image":"","background-repeat":"repeat","background-position":"center center","background-size":"auto","background-attachment":"scroll","background-type":"","background-media":"","overlay-type":"","overlay-color":"","overlay-opacity":"","overlay-gradient":""},"mobile":{"background-color":"var(--ast-global-color-5)","background-image":"","background-repeat":"repeat","background-position":"center center","background-size":"auto","background-attachment":"scroll","background-type":"","background-media":"","overlay-type":"","overlay-color":"","overlay-opacity":"","overlay-gradient":""}}},"product_brand":[],"product_cat":[24],"product_tag":[],"class_list":{"0":"post-2775","1":"product","2":"type-product","3":"status-publish","4":"has-post-thumbnail","6":"product_cat-mannergesundheit","7":"desktop-align-left","8":"tablet-align-left","9":"mobile-align-left","11":"first","12":"instock","13":"shipping-taxable","14":"product-type-external"},"aioseo_notices":[],"_links":{"self":[{"href":"https:\/\/www.dr-haerting.at\/apotheke\/wp-json\/wp\/v2\/product\/2775","targetHints":{"allow":["GET"]}}],"collection":[{"href":"https:\/\/www.dr-haerting.at\/apotheke\/wp-json\/wp\/v2\/product"}],"about":[{"href":"https:\/\/www.dr-haerting.at\/apotheke\/wp-json\/wp\/v2\/types\/product"}],"replies":[{"embeddable":true,"href":"https:\/\/www.dr-haerting.at\/apotheke\/wp-json\/wp\/v2\/comments?post=2775"}],"wp:featuredmedia":[{"embeddable":true,"href":"https:\/\/www.dr-haerting.at\/apotheke\/wp-json\/wp\/v2\/media\/1134"}],"wp:attachment":[{"href":"https:\/\/www.dr-haerting.at\/apotheke\/wp-json\/wp\/v2\/media?parent=2775"}],"wp:term":[{"taxonomy":"product_brand","embeddable":true,"href":"https:\/\/www.dr-haerting.at\/apotheke\/wp-json\/wp\/v2\/product_brand?post=2775"},{"taxonomy":"product_cat","embeddable":true,"href":"https:\/\/www.dr-haerting.at\/apotheke\/wp-json\/wp\/v2\/product_cat?post=2775"},{"taxonomy":"product_tag","embeddable":true,"href":"https:\/\/www.dr-haerting.at\/apotheke\/wp-json\/wp\/v2\/product_tag?post=2775"}],"curies":[{"name":"wp","href":"https:\/\/api.w.org\/{rel}","templated":true}]}}