{"id":2792,"date":"2026-02-10T02:11:22","date_gmt":"2026-02-10T02:11:22","guid":{"rendered":"https:\/\/www.dr-haerting.at\/apotheke\/?post_type=product&#038;p=2792"},"modified":"2026-02-26T20:27:23","modified_gmt":"2026-02-26T20:27:23","slug":"rumalaya","status":"publish","type":"product","link":"https:\/\/www.dr-haerting.at\/apotheke\/online\/rumalaya\/","title":{"rendered":"Rumalaya"},"content":{"rendered":"<p>Rumalaya ist ein pflanzliches Arzneimittel, das zur Behandlung von Gelenkentz\u00fcndungen und Muskelschmerzen eingesetzt wird. Es wird h\u00e4ufig bei Erkrankungen wie Arthritis, Rheuma und Fibromyalgie eingesetzt. Rumalaya hat entz\u00fcndungshemmende und schmerzstillende Eigenschaften, die zur Linderung von Schmerzen und Schwellungen beitragen k\u00f6nnen. Es wird in Form von Tabletten und Gelen angeboten, die lokal auf die betroffenen Bereiche aufgetragen werden k\u00f6nnen.<\/p>\n<h2>Was zu vermeiden ist, wenn Sie Rumalaya einnehmen<\/h2>\n<p>Es gibt einige Kontraindikationen f\u00fcr die Einnahme von Rumalaya. Es sollte nicht eingenommen werden, wenn Sie \u00fcberempfindlich auf einen der Inhaltsstoffe reagieren. Schwangere Frauen sollten vor der Anwendung von Rumalaya einen Arzt konsultieren, da seine Auswirkungen auf den F\u00f6tus nicht ausreichend erforscht wurden. Es gibt auch keine ausreichenden Informationen \u00fcber die Sicherheit der Anwendung von Rumalaya w\u00e4hrend der Stillzeit.<\/p>\n<h2>Unerw\u00fcnschte Reaktionen<\/h2>\n<p>Bei der Einnahme von Rumalaya k\u00f6nnen einige unerw\u00fcnschte Reaktionen auftreten. Zu den h\u00e4ufigsten Nebenwirkungen geh\u00f6ren Magen-Darm-Beschwerden wie \u00dcbelkeit, Bauchschmerzen und Durchfall. Gelegentlich kann es auch zu allergischen Reaktionen wie Hautausschlag, Juckreiz und Schwellungen kommen. Wenn Sie schwere Nebenwirkungen wie Atembeschwerden oder Herzprobleme bemerken, sollten Sie sofort medizinische Hilfe suchen.<\/p>\n<h2>Dosierungsinformationen<\/h2>\n<p>Die empfohlene Dosierung von Rumalaya variiert je nach individuellem Zustand und Schweregrad der Erkrankung. Es wird empfohlen, die Anweisungen des Arztes oder die Dosierungsanweisungen in der Packungsbeilage zu befolgen. Wenn Sie eine Dosis verpassen, nehmen Sie diese ein, sobald Sie sich daran erinnern. \u00dcberschreiten Sie nicht die empfohlene Dosis, da eine \u00dcberdosierung zu schwerwiegenden gesundheitlichen Problemen f\u00fchren kann.<\/p>\n<h2>Rumalaya und andere Medikamente<\/h2>\n<p>Rumalaya kann mit einigen anderen Medikamenten interagieren, daher ist es wichtig, Ihren Arzt \u00fcber alle verschreibungspflichtigen, rezeptfreien und pflanzlichen Arzneimittel zu informieren, die Sie einnehmen. Es kann Wechselwirkungen mit blutverd\u00fcnnenden Medikamenten, entz\u00fcndungshemmenden Medikamenten und bestimmten Antibiotika geben. Ihr Arzt kann Ihnen Anweisungen geben, wie diese Medikamente zusammen mit Rumalaya eingenommen werden sollten, um m\u00f6gliche Wechselwirkungen zu vermeiden.<\/p>\n<h2>H\u00e4ufig gestellte Fragen<\/h2>\n<ul>\n<li>\n<h3>Ist Rumalaya f\u00fcr Kinder geeignet?<\/h3>\n<p>Rumalaya wird normalerweise nicht zur Behandlung von Kindern unter 12 Jahren empfohlen. Es ist wichtig, mit einem Arzt zu sprechen, um festzustellen, ob Rumalaya f\u00fcr Ihr Kind geeignet ist.<\/p>\n<\/li>\n<li>\n<h3>Wie lange dauert es, bis Rumalaya wirkt?<\/h3>\n<p>Die Wirkung von Rumalaya kann je nach individuellem Zustand variieren. Einige Personen k\u00f6nnen eine schnelle Linderung der Symptome bemerken, w\u00e4hrend es bei anderen l\u00e4nger dauern kann. Es ist wichtig, Geduld zu haben und die Einnahme gem\u00e4\u00df den Anweisungen fortzusetzen.<\/p>\n<\/li>\n<li>\n<h3>Verursacht Rumalaya Schl\u00e4frigkeit?<\/h3>\n<p>Rumalaya kann bei manchen Menschen Schl\u00e4frigkeit verursachen. Wenn Sie w\u00e4hrend oder nach der Einnahme von Rumalaya Schl\u00e4frigkeit bemerken, sollten Sie keine Fahrzeuge lenken oder Maschinen bedienen.<\/p>\n<\/li>\n<li>\n<h3>Kann Rumalaya mit anderen pflanzlichen Pr\u00e4paraten eingenommen werden?<\/h3>\n<p>Es gibt keine bekannten Wechselwirkungen zwischen Rumalaya und anderen pflanzlichen Pr\u00e4paraten. Es ist dennoch ratsam, vor der Einnahme von zus\u00e4tzlichen pflanzlichen Arzneimitteln, die \u00e4hnliche Wirkungen haben, Ihren Arzt zu konsultieren.<\/p>\n<\/li>\n<li>\n<h3>Kann ich Alkohol trinken, w\u00e4hrend ich Rumalaya einnehme?<\/h3>\n<p>Es gibt keine bekannten Wechselwirkungen zwischen Alkohol und Rumalaya. Es ist jedoch wichtig, Alkohol in Ma\u00dfen zu konsumieren und die Auswirkungen auf Ihren K\u00f6rper zu beachten.<\/p>\n<\/li>\n<\/ul>\n","protected":false},"excerpt":{"rendered":"<p>Rumalaya, auch unter dem generischen Namen bekannt, ist ein Medikament zur Behandlung bestimmter Zust\u00e4nde. Es wird verwendet, um diese Bedingungen zu lindern und Symptome zu verbessern. Das Medikament ist in verschiedenen Formen erh\u00e4ltlich und wird von vielen Patienten zur Linderung ihrer Beschwerden eingesetzt. Es besteht aus einer speziellen Mischung von Inhaltsstoffen, die gezielt auf die betroffenen Bereiche abzielen und deren Wohlbefinden verbessern. Rumalaya hat sich als wirksame Option zur Behandlung dieser spezifischen Zust\u00e4nde erwiesen.<\/p>\n<h2>Preis von Rumalaya<\/h2>\n<p>Die gesch\u00e4tzte Preisspanne f\u00fcr Rumalaya ist 20.89\u20ac bis 32.14\u20ac pro Flaschen. Dies h\u00e4ngt von der Gr\u00f6\u00dfe der Packung und der Konzentration der Wirkstoffe ab (1 oder 10 pills).<\/p>\n","protected":false},"featured_media":1179,"comment_status":"open","ping_status":"closed","template":"","meta":{"site-sidebar-layout":"default","site-content-layout":"","ast-site-content-layout":"default","site-content-style":"default","site-sidebar-style":"default","ast-global-header-display":"","ast-banner-title-visibility":"","ast-main-header-display":"","ast-hfb-above-header-display":"","ast-hfb-below-header-display":"","ast-hfb-mobile-header-display":"","site-post-title":"","ast-breadcrumbs-content":"","ast-featured-img":"","footer-sml-layout":"","ast-disable-related-posts":"","theme-transparent-header-meta":"","adv-header-id-meta":"","stick-header-meta":"","header-above-stick-meta":"","header-main-stick-meta":"","header-below-stick-meta":"","astra-migrate-meta-layouts":"default","ast-page-background-enabled":"default","ast-page-background-meta":{"desktop":{"background-color":"var(--ast-global-color-4)","background-image":"","background-repeat":"repeat","background-position":"center center","background-size":"auto","background-attachment":"scroll","background-type":"","background-media":"","overlay-type":"","overlay-color":"","overlay-opacity":"","overlay-gradient":""},"tablet":{"background-color":"","background-image":"","background-repeat":"repeat","background-position":"center center","background-size":"auto","background-attachment":"scroll","background-type":"","background-media":"","overlay-type":"","overlay-color":"","overlay-opacity":"","overlay-gradient":""},"mobile":{"background-color":"","background-image":"","background-repeat":"repeat","background-position":"center center","background-size":"auto","background-attachment":"scroll","background-type":"","background-media":"","overlay-type":"","overlay-color":"","overlay-opacity":"","overlay-gradient":""}},"ast-content-background-meta":{"desktop":{"background-color":"var(--ast-global-color-5)","background-image":"","background-repeat":"repeat","background-position":"center center","background-size":"auto","background-attachment":"scroll","background-type":"","background-media":"","overlay-type":"","overlay-color":"","overlay-opacity":"","overlay-gradient":""},"tablet":{"background-color":"var(--ast-global-color-5)","background-image":"","background-repeat":"repeat","background-position":"center center","background-size":"auto","background-attachment":"scroll","background-type":"","background-media":"","overlay-type":"","overlay-color":"","overlay-opacity":"","overlay-gradient":""},"mobile":{"background-color":"var(--ast-global-color-5)","background-image":"","background-repeat":"repeat","background-position":"center center","background-size":"auto","background-attachment":"scroll","background-type":"","background-media":"","overlay-type":"","overlay-color":"","overlay-opacity":"","overlay-gradient":""}}},"product_brand":[],"product_cat":[21],"product_tag":[],"class_list":{"0":"post-2792","1":"product","2":"type-product","3":"status-publish","4":"has-post-thumbnail","6":"product_cat-schmerzerleichterung","7":"desktop-align-left","8":"tablet-align-left","9":"mobile-align-left","11":"first","12":"instock","13":"shipping-taxable","14":"product-type-external"},"aioseo_notices":[],"_links":{"self":[{"href":"https:\/\/www.dr-haerting.at\/apotheke\/wp-json\/wp\/v2\/product\/2792","targetHints":{"allow":["GET"]}}],"collection":[{"href":"https:\/\/www.dr-haerting.at\/apotheke\/wp-json\/wp\/v2\/product"}],"about":[{"href":"https:\/\/www.dr-haerting.at\/apotheke\/wp-json\/wp\/v2\/types\/product"}],"replies":[{"embeddable":true,"href":"https:\/\/www.dr-haerting.at\/apotheke\/wp-json\/wp\/v2\/comments?post=2792"}],"wp:featuredmedia":[{"embeddable":true,"href":"https:\/\/www.dr-haerting.at\/apotheke\/wp-json\/wp\/v2\/media\/1179"}],"wp:attachment":[{"href":"https:\/\/www.dr-haerting.at\/apotheke\/wp-json\/wp\/v2\/media?parent=2792"}],"wp:term":[{"taxonomy":"product_brand","embeddable":true,"href":"https:\/\/www.dr-haerting.at\/apotheke\/wp-json\/wp\/v2\/product_brand?post=2792"},{"taxonomy":"product_cat","embeddable":true,"href":"https:\/\/www.dr-haerting.at\/apotheke\/wp-json\/wp\/v2\/product_cat?post=2792"},{"taxonomy":"product_tag","embeddable":true,"href":"https:\/\/www.dr-haerting.at\/apotheke\/wp-json\/wp\/v2\/product_tag?post=2792"}],"curies":[{"name":"wp","href":"https:\/\/api.w.org\/{rel}","templated":true}]}}