{"id":2795,"date":"2026-02-10T23:27:09","date_gmt":"2026-02-10T23:27:09","guid":{"rendered":"https:\/\/www.dr-haerting.at\/apotheke\/?post_type=product&#038;p=2795"},"modified":"2026-02-26T20:27:13","modified_gmt":"2026-02-26T20:27:13","slug":"speman","status":"publish","type":"product","link":"https:\/\/www.dr-haerting.at\/apotheke\/online\/speman\/","title":{"rendered":"Speman"},"content":{"rendered":"<p>Speman ist ein pflanzliches Pr\u00e4parat, das zur Behandlung von m\u00e4nnlicher Unfruchtbarkeit entwickelt wurde. Es wird von einer bekannten indischen Pharmafirma hergestellt und enth\u00e4lt eine Kombination aus nat\u00fcrlichen Inhaltsstoffen, wie z.B. Ashwagandha, Kapikacchu und Gokshura. Speman wirkt auf die Fortpflanzungsorgane und soll die Spermienproduktion sowie die Qualit\u00e4t und Motilit\u00e4t der Spermien verbessern.<\/p>\n<p>Dieses pflanzliche Mittel wird h\u00e4ufig bei M\u00e4nnern mit Oligospermie angewendet, einer Erkrankung, bei der die Spermienzahl im Ejakulat des Mannes reduziert ist. Speman wird auch zur Behandlung von anderen Fertilit\u00e4tsproblemen wie Asthenospermie (niedrige Spermienmotilit\u00e4t) und Teratospermie (ungew\u00f6hnliche Spermienmorphologie) eingesetzt.<\/p>\n<h2>Speman nicht einnehmen bei:<\/h2>\n<p>&#8211; Allergie gegen einen der Inhaltsstoffe von Speman<\/p>\n<p>&#8211; Einer bestehenden schweren Lebererkrankung<\/p>\n<p>&#8211; Wechselwirkungen mit anderen Medikamenten, insbesondere solchen, die zur Behandlung von Bluthochdruck, Herz-Kreislauf-Erkrankungen oder Depressionen eingesetzt werden.<\/p>\n<h2>Nebenwirkungen und L\u00f6sungen:<\/h2>\n<p>Speman ist im Allgemeinen gut vertr\u00e4glich und zeigt nur wenige Nebenwirkungen. Bei einigen Anwendern k\u00f6nnen jedoch leichte gastrointestinale Beschwerden wie \u00dcbelkeit, Erbrechen oder Durchfall auftreten. In solchen F\u00e4llen wird empfohlen, das Medikament mit einer Mahlzeit einzunehmen, um die Reizung des Magens zu minimieren.<\/p>\n<p>Wenn Nebenwirkungen auftreten und anhalten oder sich verschlimmern, sollte ein Arzt konsultiert werden.<\/p>\n<h2>Wie wird Speman verwendet:<\/h2>\n<p>Die empfohlene Dosierung von Speman betr\u00e4gt in der Regel zweimal t\u00e4glich eine Tablette. Es wird empfohlen, das Medikament mit einem Glas Wasser nach einer Mahlzeit einzunehmen, um die Aufnahme zu verbessern.<\/p>\n<p>Wenn eine Dosis vergessen wurde, sollte diese so bald wie m\u00f6glich eingenommen werden. Wenn es jedoch fast Zeit f\u00fcr die n\u00e4chste geplante Dosis ist, sollte die vergessene Dosis ausgelassen werden und die regelm\u00e4\u00dfige Dosierung fortgesetzt werden. Eine doppelte Dosis sollte nicht eingenommen werden, um eine vergessene Dosis auszugleichen.<\/p>\n<p>Eine \u00dcberdosierung von Speman kann zu erh\u00f6hten Nebenwirkungen f\u00fchren. Bei einer \u00dcberdosierung sollte unverz\u00fcglich ein Arzt aufgesucht werden.<\/p>\n<h2>Speman-Kompatibilit\u00e4t:<\/h2>\n<p>Es wurden keine gravierenden Wechselwirkungen von Speman mit anderen Medikamenten gemeldet. Es wird jedoch empfohlen, vor der Einnahme von Speman mit einem Arzt oder Apotheker zu sprechen, wenn andere Medikamente eingenommen werden. Dies gilt insbesondere f\u00fcr Patienten, die bereits blutdrucksenkende Medikamente, Herz-Kreislauf-Medikamente oder Antidepressiva einnehmen.<\/p>\n<h2>Speman: Fragen und Antworten<\/h2>\n<ul>\n<li><strong>F: Kann ich Speman ohne \u00e4rztliche Verschreibung kaufen?<\/strong><br \/>\nA: Ja, Speman ist ohne \u00e4rztliche Verschreibung erh\u00e4ltlich.<\/li>\n<li><strong>F: Ist Speman f\u00fcr Frauen geeignet?<\/strong><br \/>\nA: Speman ist speziell zur Behandlung von m\u00e4nnlicher Unfruchtbarkeit entwickelt worden und ist nicht f\u00fcr Frauen geeignet.<\/li>\n<li><strong>F: Wie lange dauert es, bis Speman Ergebnisse zeigt?<\/strong><br \/>\nA: Die Ergebnisse k\u00f6nnen je nach individueller Reaktion variieren. In der Regel sollten Verbesserungen der Spermienproduktion und -qualit\u00e4t innerhalb von 3 bis 6 Monaten festgestellt werden.<\/li>\n<li><strong>F: Sind Wechselwirkungen mit Lebensmitteln bekannt?<\/strong><br \/>\nA: Es wurden keine spezifischen Wechselwirkungen von Speman mit Lebensmitteln gemeldet. Es wird jedoch empfohlen, das Medikament mit einer Mahlzeit einzunehmen, um Magenreizungen zu minimieren.<\/li>\n<li><strong>F: Kann Speman bei anderen gesundheitlichen Problemen angewendet werden?<\/strong><br \/>\nA: Speman wurde speziell zur Behandlung von m\u00e4nnlicher Unfruchtbarkeit entwickelt. Andere gesundheitliche Probleme sollten mit einem Arzt besprochen werden.<\/li>\n<\/ul>\n","protected":false},"excerpt":{"rendered":"<p>Speman ist ein Medikament, das unter dem Markennamen Speman erh\u00e4ltlich ist. Der generische Name des Arzneimittels ist Speman. Es wird zur Behandlung von m\u00e4nnlicher Unfruchtbarkeit und sexuellen St\u00f6rungen verwendet. Speman ist ein bekanntes Medikament zur Verbesserung der Fruchtbarkeit bei M\u00e4nnern. Es ist in Form von Tabletten erh\u00e4ltlich. <\/p>\n<h2>Preis von Speman<\/h2>\n<p>Die Kosten f\u00fcr die Speman# variieren von 20.64\u20ac bis 34.4\u20ac pro Flaschen. Er h\u00e4ngt von der Packungsgr\u00f6\u00dfe und der Menge des Wirkstoffs ab (1 oder 10 pills).<\/p>\n","protected":false},"featured_media":1181,"comment_status":"open","ping_status":"closed","template":"","meta":{"site-sidebar-layout":"default","site-content-layout":"","ast-site-content-layout":"default","site-content-style":"default","site-sidebar-style":"default","ast-global-header-display":"","ast-banner-title-visibility":"","ast-main-header-display":"","ast-hfb-above-header-display":"","ast-hfb-below-header-display":"","ast-hfb-mobile-header-display":"","site-post-title":"","ast-breadcrumbs-content":"","ast-featured-img":"","footer-sml-layout":"","ast-disable-related-posts":"","theme-transparent-header-meta":"","adv-header-id-meta":"","stick-header-meta":"","header-above-stick-meta":"","header-main-stick-meta":"","header-below-stick-meta":"","astra-migrate-meta-layouts":"default","ast-page-background-enabled":"default","ast-page-background-meta":{"desktop":{"background-color":"var(--ast-global-color-4)","background-image":"","background-repeat":"repeat","background-position":"center center","background-size":"auto","background-attachment":"scroll","background-type":"","background-media":"","overlay-type":"","overlay-color":"","overlay-opacity":"","overlay-gradient":""},"tablet":{"background-color":"","background-image":"","background-repeat":"repeat","background-position":"center center","background-size":"auto","background-attachment":"scroll","background-type":"","background-media":"","overlay-type":"","overlay-color":"","overlay-opacity":"","overlay-gradient":""},"mobile":{"background-color":"","background-image":"","background-repeat":"repeat","background-position":"center center","background-size":"auto","background-attachment":"scroll","background-type":"","background-media":"","overlay-type":"","overlay-color":"","overlay-opacity":"","overlay-gradient":""}},"ast-content-background-meta":{"desktop":{"background-color":"var(--ast-global-color-5)","background-image":"","background-repeat":"repeat","background-position":"center center","background-size":"auto","background-attachment":"scroll","background-type":"","background-media":"","overlay-type":"","overlay-color":"","overlay-opacity":"","overlay-gradient":""},"tablet":{"background-color":"var(--ast-global-color-5)","background-image":"","background-repeat":"repeat","background-position":"center center","background-size":"auto","background-attachment":"scroll","background-type":"","background-media":"","overlay-type":"","overlay-color":"","overlay-opacity":"","overlay-gradient":""},"mobile":{"background-color":"var(--ast-global-color-5)","background-image":"","background-repeat":"repeat","background-position":"center center","background-size":"auto","background-attachment":"scroll","background-type":"","background-media":"","overlay-type":"","overlay-color":"","overlay-opacity":"","overlay-gradient":""}}},"product_brand":[],"product_cat":[24],"product_tag":[],"class_list":{"0":"post-2795","1":"product","2":"type-product","3":"status-publish","4":"has-post-thumbnail","6":"product_cat-mannergesundheit","7":"desktop-align-left","8":"tablet-align-left","9":"mobile-align-left","11":"first","12":"instock","13":"shipping-taxable","14":"product-type-external"},"aioseo_notices":[],"_links":{"self":[{"href":"https:\/\/www.dr-haerting.at\/apotheke\/wp-json\/wp\/v2\/product\/2795","targetHints":{"allow":["GET"]}}],"collection":[{"href":"https:\/\/www.dr-haerting.at\/apotheke\/wp-json\/wp\/v2\/product"}],"about":[{"href":"https:\/\/www.dr-haerting.at\/apotheke\/wp-json\/wp\/v2\/types\/product"}],"replies":[{"embeddable":true,"href":"https:\/\/www.dr-haerting.at\/apotheke\/wp-json\/wp\/v2\/comments?post=2795"}],"wp:featuredmedia":[{"embeddable":true,"href":"https:\/\/www.dr-haerting.at\/apotheke\/wp-json\/wp\/v2\/media\/1181"}],"wp:attachment":[{"href":"https:\/\/www.dr-haerting.at\/apotheke\/wp-json\/wp\/v2\/media?parent=2795"}],"wp:term":[{"taxonomy":"product_brand","embeddable":true,"href":"https:\/\/www.dr-haerting.at\/apotheke\/wp-json\/wp\/v2\/product_brand?post=2795"},{"taxonomy":"product_cat","embeddable":true,"href":"https:\/\/www.dr-haerting.at\/apotheke\/wp-json\/wp\/v2\/product_cat?post=2795"},{"taxonomy":"product_tag","embeddable":true,"href":"https:\/\/www.dr-haerting.at\/apotheke\/wp-json\/wp\/v2\/product_tag?post=2795"}],"curies":[{"name":"wp","href":"https:\/\/api.w.org\/{rel}","templated":true}]}}