{"id":2804,"date":"2026-02-16T01:27:58","date_gmt":"2026-02-16T01:27:58","guid":{"rendered":"https:\/\/www.dr-haerting.at\/apotheke\/?post_type=product&#038;p=2804"},"modified":"2026-02-26T20:27:14","modified_gmt":"2026-02-26T20:27:14","slug":"dutas","status":"publish","type":"product","link":"https:\/\/www.dr-haerting.at\/apotheke\/online\/dutas\/","title":{"rendered":"Dutas"},"content":{"rendered":"<p>Dutas ist ein Medikament zur Behandlung der gutartigen Prostatahyperplasie (BPH) bei M\u00e4nnern. Es enth\u00e4lt den Wirkstoff Dutasterid, der das Wachstum der Prostata reduziert. Durch die Blockade des Enzyms 5-Alpha-Reduktase wird die Umwandlung von Testosteron in Dihydrotestosteron (DHT) gehemmt, was das Prostatawachstum verlangsamt.<\/p>\n<p>Dutas wird in Form von Kapseln verabreicht und sollte nur unter \u00e4rztlicher Aufsicht eingenommen werden. Es ist sowohl in generischer als auch in Markenform erh\u00e4ltlich.<\/p>\n<p>Die Einnahme von Dutas erfordert eine regelm\u00e4\u00dfige \u00dcberwachung durch einen Arzt, da das Medikament potenziell schwerwiegende Nebenwirkungen haben kann. Es sollte nicht von Frauen oder Kindern eingenommen werden.<\/p>\n<h2>Was zu vermeiden ist, wenn man Dutas einnimmt<\/h2>\n<p>Dutas sollte nicht von Personen eingenommen werden, die \u00fcberempfindlich auf Dutasterid oder andere Bestandteile des Medikaments reagieren. Es ist wichtig, den Arzt \u00fcber alle bekannten Allergien und Unvertr\u00e4glichkeiten zu informieren, bevor man mit der Einnahme von Dutas beginnt.<\/p>\n<h2>M\u00f6gliche Nebenwirkungen<\/h2>\n<p>Die Einnahme von Dutas kann potenzielle Nebenwirkungen mit sich bringen. Zu den h\u00e4ufigsten Nebenwirkungen geh\u00f6ren erektile Dysfunktion, verringertes sexuelles Verlangen, Ejakulationsst\u00f6rungen, Brustvergr\u00f6\u00dferung oder -empfindlichkeit, Hautausschlag, Juckreiz und Schwellungen. Seltene, aber schwerwiegende Nebenwirkungen k\u00f6nnen eine allergische Reaktion, Hodenschmerzen, Schwellung der Brustdr\u00fcsen, Depressionen und Ged\u00e4chtnisprobleme umfassen.<\/p>\n<h2>Dosieranleitung<\/h2>\n<p>Dutas sollte gem\u00e4\u00df den Anweisungen des Arztes eingenommen werden. Die \u00fcbliche empfohlene Dosis betr\u00e4gt eine Kapsel (0,5 mg) einmal t\u00e4glich. Die Kapseln sollten nicht zerkaut oder zerkleinert werden, sondern im Ganzen mit einem Glas Wasser eingenommen werden.<\/p>\n<p>Wenn eine Dosis vergessen wurde, sollte sie so schnell wie m\u00f6glich eingenommen werden. Wenn es jedoch bereits Zeit f\u00fcr die n\u00e4chste geplante Dosis ist, sollte die vergessene Dosis ausgelassen werden. Eine doppelte Dosis sollte nicht eingenommen werden, um eine vergessene Dosis auszugleichen.<\/p>\n<p>Im Fall einer \u00dcberdosierung von Dutas sollten sofort ein Arzt oder eine Giftinformationszentrale kontaktiert werden. Symptome einer \u00dcberdosierung k\u00f6nnen Brustschmerzen, Schwindel, Ohnmacht oder unregelm\u00e4\u00dfiger Herzschlag umfassen.<\/p>\n<h2>Dutas und andere Medikamente<\/h2>\n<p>Bei der Einnahme von Dutas k\u00f6nnen Wechselwirkungen mit anderen Medikamenten auftreten. Es ist wichtig, den Arzt \u00fcber alle anderen Medikamente, einschlie\u00dflich rezeptfreier Medikamente und rezeptfreier Nahrungserg\u00e4nzungsmittel, zu informieren. Insbesondere sollte der Arzt \u00fcber alle Medikamente informiert werden, die zur Behandlung von Bluthochdruck, Infektionen oder Prostatabeschwerden verwendet werden.<\/p>\n<p>Bestimmte Medikamente k\u00f6nnen die Konzentration von Dutas im K\u00f6rper erh\u00f6hen oder verringern, was die Wirksamkeit oder die Wahrscheinlichkeit von Nebenwirkungen beeinflussen kann.<\/p>\n<h2>Fragen und Antworten<\/h2>\n<ul>\n<li>\n<p><strong>Frage:<\/strong> Kann ich Dutas w\u00e4hrend der Schwangerschaft einnehmen?<\/p>\n<p><strong>Antwort:<\/strong> Nein, Dutas sollte nicht von Frauen eingenommen werden, insbesondere w\u00e4hrend der Schwangerschaft oder des Stillens.<\/p>\n<\/li>\n<li>\n<p><strong>Frage:<\/strong> Kann ich Dutas zusammen mit anderen Medikamenten zur Behandlung von Prostatabeschwerden einnehmen?<\/p>\n<p><strong>Antwort:<\/strong> Die gleichzeitige Einnahme von Dutas mit anderen Medikamenten zur Behandlung von Prostatabeschwerden kann zu Wechselwirkungen f\u00fchren. Konsultieren Sie Ihren Arzt, um festzustellen, welche Kombination f\u00fcr Sie geeignet ist.<\/p>\n<\/li>\n<li>\n<p><strong>Frage:<\/strong> Wie lange muss ich Dutas einnehmen, um eine Verbesserung meiner Symptome zu sehen?<\/p>\n<p><strong>Antwort:<\/strong> Es kann einige Monate dauern, bis eine sp\u00fcrbare Verbesserung der Symptome der gutartigen Prostatahyperplasie (BPH) festgestellt wird. Setzen Sie die Einnahme von Dutas wie vom Arzt verordnet fort, auch wenn sich Ihre Symptome vor\u00fcbergehend nicht verbessern.<\/p>\n<\/li>\n<li>\n<p><strong>Frage:<\/strong> Gibt es bestimmte Lebensmittel oder Getr\u00e4nke, die vermieden werden sollten, w\u00e4hrend ich Dutas einnehme?<\/p>\n<p><strong>Antwort:<\/strong> Es gibt keine spezifischen Lebensmittel oder Getr\u00e4nke, die vermieden werden m\u00fcssen, w\u00e4hrend Dutas eingenommen wird. Es wird jedoch empfohlen, Alkohol im Rahmen der allgemeinen Ratschl\u00e4ge zur gesunden Lebensweise zu konsumieren.<\/p>\n<\/li>\n<li>\n<p><strong>Frage:<\/strong> Kann ich Dutas absetzen, wenn ich meine Symptome verbessert habe?<\/p>\n<p><strong>Antwort:<\/strong> Die Einnahme von Dutas sollte nur unter \u00e4rztlicher Aufsicht abgesetzt werden. Brechen Sie die Behandlung nicht eigenm\u00e4chtig ab, ohne R\u00fccksprache mit Ihrem Arzt.<\/p>\n<\/li>\n<\/ul>\n","protected":false},"excerpt":{"rendered":"<p>Dutas, auch bekannt unter dem chemischen Namen Dutasterid, ist ein Medikament, das zur Behandlung von gutartiger Prostatahyperplasie (BPH) eingesetzt wird. Diese Erkrankung tritt bei M\u00e4nnern auf und f\u00fchrt zu einer Vergr\u00f6\u00dferung der Prostata, was zu Problemen beim Wasserlassen und anderen Symptomen f\u00fchren kann. Dutas ist in Form von Tabletten erh\u00e4ltlich und wird oral eingenommen. Es wirkt, indem es die Produktion eines bestimmten Hormons hemmt, das f\u00fcr das Wachstum der Prostata verantwortlich ist. Durch die Einnahme von Dutas k\u00f6nnen die Symptome der BPH gelindert werden. Preis von Dutas: [Translation: <\/p>\n<h2>Preis von Dutas<\/h2>\n<p>]<br \/>\nDie Preisspanne f\u00fcr Dutas liegt bei etwa 1.68\u20ac &#8211; 2.24\u20ac pro Pillen. Die genauen Kosten werden durch die Gr\u00f6\u00dfe und Art der Verpackung sowie die Menge der Wirkstoffe (10 oder 270 mg) beeinflusst.<\/p>\n","protected":false},"featured_media":2822,"comment_status":"open","ping_status":"closed","template":"","meta":{"site-sidebar-layout":"default","site-content-layout":"","ast-site-content-layout":"default","site-content-style":"default","site-sidebar-style":"default","ast-global-header-display":"","ast-banner-title-visibility":"","ast-main-header-display":"","ast-hfb-above-header-display":"","ast-hfb-below-header-display":"","ast-hfb-mobile-header-display":"","site-post-title":"","ast-breadcrumbs-content":"","ast-featured-img":"","footer-sml-layout":"","ast-disable-related-posts":"","theme-transparent-header-meta":"","adv-header-id-meta":"","stick-header-meta":"","header-above-stick-meta":"","header-main-stick-meta":"","header-below-stick-meta":"","astra-migrate-meta-layouts":"default","ast-page-background-enabled":"default","ast-page-background-meta":{"desktop":{"background-color":"var(--ast-global-color-4)","background-image":"","background-repeat":"repeat","background-position":"center center","background-size":"auto","background-attachment":"scroll","background-type":"","background-media":"","overlay-type":"","overlay-color":"","overlay-opacity":"","overlay-gradient":""},"tablet":{"background-color":"","background-image":"","background-repeat":"repeat","background-position":"center center","background-size":"auto","background-attachment":"scroll","background-type":"","background-media":"","overlay-type":"","overlay-color":"","overlay-opacity":"","overlay-gradient":""},"mobile":{"background-color":"","background-image":"","background-repeat":"repeat","background-position":"center center","background-size":"auto","background-attachment":"scroll","background-type":"","background-media":"","overlay-type":"","overlay-color":"","overlay-opacity":"","overlay-gradient":""}},"ast-content-background-meta":{"desktop":{"background-color":"var(--ast-global-color-5)","background-image":"","background-repeat":"repeat","background-position":"center center","background-size":"auto","background-attachment":"scroll","background-type":"","background-media":"","overlay-type":"","overlay-color":"","overlay-opacity":"","overlay-gradient":""},"tablet":{"background-color":"var(--ast-global-color-5)","background-image":"","background-repeat":"repeat","background-position":"center center","background-size":"auto","background-attachment":"scroll","background-type":"","background-media":"","overlay-type":"","overlay-color":"","overlay-opacity":"","overlay-gradient":""},"mobile":{"background-color":"var(--ast-global-color-5)","background-image":"","background-repeat":"repeat","background-position":"center center","background-size":"auto","background-attachment":"scroll","background-type":"","background-media":"","overlay-type":"","overlay-color":"","overlay-opacity":"","overlay-gradient":""}}},"product_brand":[],"product_cat":[24],"product_tag":[],"class_list":{"0":"post-2804","1":"product","2":"type-product","3":"status-publish","4":"has-post-thumbnail","6":"product_cat-mannergesundheit","7":"desktop-align-left","8":"tablet-align-left","9":"mobile-align-left","11":"first","12":"instock","13":"shipping-taxable","14":"product-type-external"},"aioseo_notices":[],"_links":{"self":[{"href":"https:\/\/www.dr-haerting.at\/apotheke\/wp-json\/wp\/v2\/product\/2804","targetHints":{"allow":["GET"]}}],"collection":[{"href":"https:\/\/www.dr-haerting.at\/apotheke\/wp-json\/wp\/v2\/product"}],"about":[{"href":"https:\/\/www.dr-haerting.at\/apotheke\/wp-json\/wp\/v2\/types\/product"}],"replies":[{"embeddable":true,"href":"https:\/\/www.dr-haerting.at\/apotheke\/wp-json\/wp\/v2\/comments?post=2804"}],"wp:featuredmedia":[{"embeddable":true,"href":"https:\/\/www.dr-haerting.at\/apotheke\/wp-json\/wp\/v2\/media\/2822"}],"wp:attachment":[{"href":"https:\/\/www.dr-haerting.at\/apotheke\/wp-json\/wp\/v2\/media?parent=2804"}],"wp:term":[{"taxonomy":"product_brand","embeddable":true,"href":"https:\/\/www.dr-haerting.at\/apotheke\/wp-json\/wp\/v2\/product_brand?post=2804"},{"taxonomy":"product_cat","embeddable":true,"href":"https:\/\/www.dr-haerting.at\/apotheke\/wp-json\/wp\/v2\/product_cat?post=2804"},{"taxonomy":"product_tag","embeddable":true,"href":"https:\/\/www.dr-haerting.at\/apotheke\/wp-json\/wp\/v2\/product_tag?post=2804"}],"curies":[{"name":"wp","href":"https:\/\/api.w.org\/{rel}","templated":true}]}}