{"id":2834,"date":"2026-02-01T23:17:13","date_gmt":"2026-02-01T23:17:13","guid":{"rendered":"https:\/\/www.dr-haerting.at\/apotheke\/?post_type=product&#038;p=2834"},"modified":"2026-02-26T20:27:09","modified_gmt":"2026-02-26T20:27:09","slug":"precose","status":"publish","type":"product","link":"https:\/\/www.dr-haerting.at\/apotheke\/online\/precose\/","title":{"rendered":"Precose"},"content":{"rendered":"<p>Precose ist ein verschreibungspflichtiges Medikament, das zur Behandlung von Typ-2-Diabetes eingesetzt wird. Der Wirkstoff in Precose ist Acarbose, ein Alpha-Glucosidase-Hemmer. Es funktioniert, indem es den Abbau von Kohlenhydraten im K\u00f6rper verlangsamt und den Blutzuckerspiegel senkt. Precose sollte in Kombination mit einer gesunden Ern\u00e4hrung und regelm\u00e4\u00dfiger k\u00f6rperlicher Aktivit\u00e4t angewendet werden, um den Blutzuckerspiegel zu kontrollieren.<\/p>\n<p>Precose ist in Form von Tabletten erh\u00e4ltlich und sollte oral eingenommen werden. Es ist wichtig, die vom Arzt verschriebene Dosierung genau einzuhalten und die Einnahme nicht ohne R\u00fccksprache mit dem Arzt zu beenden. Es kann einige Wochen dauern, bis die volle Wirkung von Precose erreicht ist, daher ist Geduld erforderlich.<\/p>\n<h2>&#8220;Dos und Don&#8217;ts&#8221;<\/h2>\n<p>Es gibt bestimmte Situationen, in denen die Einnahme von Precose kontraindiziert ist. Dazu geh\u00f6ren:<\/p>\n<ul>\n<li>\u00dcberempfindlichkeit gegen Acarbose oder einen der Bestandteile von Precose<\/li>\n<li>Bauchkr\u00e4mpfe, Darmverschluss oder Magen-Darm-Erkrankungen<\/li>\n<li>Lebererkrankungen<\/li>\n<li>Schwere Nierenfunktionsst\u00f6rungen<\/li>\n<li>Schwangerschaft oder Stillzeit<\/li>\n<\/ul>\n<p>Es ist wichtig, den behandelnden Arzt \u00fcber alle bestehenden Erkrankungen oder Allergien zu informieren, bevor mit der Einnahme von Precose begonnen wird. Andernfalls kann es zu schweren gesundheitlichen Komplikationen kommen.<\/p>\n<h2>&#8220;Nebenwirkungen verwalten&#8221;<\/h2>\n<p>Wie alle Medikamente kann auch Precose Nebenwirkungen verursachen. Die h\u00e4ufigsten Nebenwirkungen sind:<\/p>\n<ul>\n<li>Bl\u00e4hungen<\/li>\n<li>Durchfall<\/li>\n<li>Bauchschmerzen<\/li>\n<li>\u00dcbelkeit<\/li>\n<li>Erh\u00f6hte Leberenzymwerte<\/li>\n<\/ul>\n<p>Bei Auftreten dieser Nebenwirkungen sollten Sie Ihren Arzt informieren. In den meisten F\u00e4llen sind die Nebenwirkungen vor\u00fcbergehend und verschwinden von selbst. Es ist wichtig, dass Sie nicht eigenm\u00e4chtig die Einnahme von Precose abbrechen, sondern sich an Ihren Arzt wenden, um die weitere Vorgehensweise zu besprechen.<\/p>\n<h2>&#8220;Dosierungsinformationen&#8221;<\/h2>\n<p>Die Dosierung von Precose wird individuell auf den Patienten abgestimmt und h\u00e4ngt von verschiedenen Faktoren wie dem Schweregrad des Diabetes, der Nierenfunktion und den Blutzuckerwerten ab. Es ist wichtig, die verschriebene Dosierung genau einzuhalten und die Tabletten mit ausreichend Fl\u00fcssigkeit einzunehmen.<\/p>\n<p>Wenn Sie eine Dosis von Precose verpassen, nehmen Sie sie ein, sobald Sie daran denken. Wenn es jedoch fast Zeit f\u00fcr die n\u00e4chste Dosis ist, \u00fcberspringen Sie die vergessene Dosis und setzen Sie die Einnahme wie gewohnt fort. Nehmen Sie keine doppelte Dosis ein, um eine vergessene Dosis auszugleichen.<\/p>\n<p>Im Falle einer \u00dcberdosierung von Precose sollten Sie sofort medizinische Hilfe suchen. Die Symptome einer \u00dcberdosierung k\u00f6nnen Unterzuckerung, Bl\u00e4hungen und Durchfall sein. Ein Arzt wird die erforderlichen Ma\u00dfnahmen ergreifen, um die \u00dcberdosierung zu behandeln.<\/p>\n<h2>&#8220;Precose und Begleitmedikation&#8221;<\/h2>\n<p>Precose kann mit bestimmten Medikamenten interagieren und die Wirkung sowohl von Precose als auch von anderen Medikamenten beeinflussen. Informieren Sie Ihren Arzt \u00fcber alle Medikamente, die Sie einnehmen, einschlie\u00dflich verschreibungspflichtiger, rezeptfreier und pflanzlicher Pr\u00e4parate.<\/p>\n<p>Es ist besonders wichtig, den Arzt \u00fcber die Einnahme von Insulin oder anderen blutzuckersenkenden Medikamenten zu informieren, da die Kombination mit Precose den Blutzuckerspiegel zu stark senken kann.<\/p>\n<h2>&#8220;Precose: Anfragen und Antworten&#8221;<\/h2>\n<ul>\n<li>\n<p><strong>F: Kann Precose w\u00e4hrend der Schwangerschaft eingenommen werden?<\/strong><\/p>\n<p>A: Nein, Precose ist w\u00e4hrend der Schwangerschaft kontraindiziert. Es wird empfohlen, andere Optionen zur Kontrolle des Blutzuckerspiegels w\u00e4hrend der Schwangerschaft zu nutzen. Konsultieren Sie Ihren Arzt f\u00fcr weitere Informationen.<\/p>\n<\/li>\n<li>\n<p><strong>F: Gibt es spezielle Ern\u00e4hrungsrichtlinien, die w\u00e4hrend der Einnahme von Precose beachtet werden sollten?<\/strong><\/p>\n<p>A: Ja, w\u00e4hrend der Einnahme von Precose wird empfohlen, eine kohlenhydratarme Di\u00e4t einzuhalten. Ihr Arzt oder Ern\u00e4hrungsberater kann Ihnen dabei helfen, einen passenden Ern\u00e4hrungsplan zu erstellen.<\/p>\n<\/li>\n<li>\n<p><strong>F: Kann Precose mit alkoholischen Getr\u00e4nken eingenommen werden?<\/strong><\/p>\n<p>A: Es wird empfohlen, w\u00e4hrend der Einnahme von Precose keinen Alkohol zu trinken, da dies das Risiko von Nebenwirkungen erh\u00f6hen kann.<\/p>\n<\/li>\n<li>\n<p><strong>F: Ist Precose f\u00fcr Kinder geeignet?<\/strong><\/p>\n<p>A: Die Verwendung von Precose bei Kindern wird nicht empfohlen, da die Wirksamkeit und Sicherheit nicht ausreichend untersucht wurden.<\/p>\n<\/li>\n<li>\n<p><strong>F: Kann ich an Gewicht zunehmen, w\u00e4hrend ich Precose einnehme?<\/strong><\/p>\n<p>A: Gewichtszunahme ist keine h\u00e4ufige Nebenwirkung von Precose. Wenn Sie jedoch ungewollte Gewichtsver\u00e4nderungen bemerken, sollten Sie dies mit Ihrem Arzt besprechen, um die Ursache zu ermitteln.<\/p>\n<\/li>\n<\/ul>\n","protected":false},"excerpt":{"rendered":"<p>Precose, auch bekannt als Acarbose, ist ein Medikament zur Behandlung von Typ-2-Diabetes. Es verringert die Blutzuckerspiegel nach den Mahlzeiten, indem es die Aufnahme von Kohlenhydraten im Darm verz\u00f6gert. Precose kann in Form von Tabletten eingenommen werden und wird gew\u00f6hnlich zusammen mit anderen blutzuckersenkenden Medikamenten verwendet. Es ist nicht zur Behandlung von Typ-1-Diabetes geeignet. <\/p>\n<h2>Preis von Precose<\/h2>\n<p>Die Preisskala f\u00fcr Precose schwankt normalerweise zwischen 0.51\u20ac und 0.83\u20ac pro Pillen. Dabei spielen Faktoren wie Verpackungsgr\u00f6\u00dfe und Wirkstoffanteil (60 oder 360 mg) eine Rolle.<\/p>\n","protected":false},"featured_media":1244,"comment_status":"open","ping_status":"closed","template":"","meta":{"site-sidebar-layout":"default","site-content-layout":"","ast-site-content-layout":"default","site-content-style":"default","site-sidebar-style":"default","ast-global-header-display":"","ast-banner-title-visibility":"","ast-main-header-display":"","ast-hfb-above-header-display":"","ast-hfb-below-header-display":"","ast-hfb-mobile-header-display":"","site-post-title":"","ast-breadcrumbs-content":"","ast-featured-img":"","footer-sml-layout":"","ast-disable-related-posts":"","theme-transparent-header-meta":"","adv-header-id-meta":"","stick-header-meta":"","header-above-stick-meta":"","header-main-stick-meta":"","header-below-stick-meta":"","astra-migrate-meta-layouts":"default","ast-page-background-enabled":"default","ast-page-background-meta":{"desktop":{"background-color":"var(--ast-global-color-4)","background-image":"","background-repeat":"repeat","background-position":"center center","background-size":"auto","background-attachment":"scroll","background-type":"","background-media":"","overlay-type":"","overlay-color":"","overlay-opacity":"","overlay-gradient":""},"tablet":{"background-color":"","background-image":"","background-repeat":"repeat","background-position":"center center","background-size":"auto","background-attachment":"scroll","background-type":"","background-media":"","overlay-type":"","overlay-color":"","overlay-opacity":"","overlay-gradient":""},"mobile":{"background-color":"","background-image":"","background-repeat":"repeat","background-position":"center center","background-size":"auto","background-attachment":"scroll","background-type":"","background-media":"","overlay-type":"","overlay-color":"","overlay-opacity":"","overlay-gradient":""}},"ast-content-background-meta":{"desktop":{"background-color":"var(--ast-global-color-5)","background-image":"","background-repeat":"repeat","background-position":"center center","background-size":"auto","background-attachment":"scroll","background-type":"","background-media":"","overlay-type":"","overlay-color":"","overlay-opacity":"","overlay-gradient":""},"tablet":{"background-color":"var(--ast-global-color-5)","background-image":"","background-repeat":"repeat","background-position":"center center","background-size":"auto","background-attachment":"scroll","background-type":"","background-media":"","overlay-type":"","overlay-color":"","overlay-opacity":"","overlay-gradient":""},"mobile":{"background-color":"var(--ast-global-color-5)","background-image":"","background-repeat":"repeat","background-position":"center center","background-size":"auto","background-attachment":"scroll","background-type":"","background-media":"","overlay-type":"","overlay-color":"","overlay-opacity":"","overlay-gradient":""}}},"product_brand":[],"product_cat":[27],"product_tag":[],"class_list":{"0":"post-2834","1":"product","2":"type-product","3":"status-publish","4":"has-post-thumbnail","6":"product_cat-diabetes","7":"desktop-align-left","8":"tablet-align-left","9":"mobile-align-left","11":"first","12":"instock","13":"shipping-taxable","14":"product-type-external"},"aioseo_notices":[],"_links":{"self":[{"href":"https:\/\/www.dr-haerting.at\/apotheke\/wp-json\/wp\/v2\/product\/2834","targetHints":{"allow":["GET"]}}],"collection":[{"href":"https:\/\/www.dr-haerting.at\/apotheke\/wp-json\/wp\/v2\/product"}],"about":[{"href":"https:\/\/www.dr-haerting.at\/apotheke\/wp-json\/wp\/v2\/types\/product"}],"replies":[{"embeddable":true,"href":"https:\/\/www.dr-haerting.at\/apotheke\/wp-json\/wp\/v2\/comments?post=2834"}],"wp:featuredmedia":[{"embeddable":true,"href":"https:\/\/www.dr-haerting.at\/apotheke\/wp-json\/wp\/v2\/media\/1244"}],"wp:attachment":[{"href":"https:\/\/www.dr-haerting.at\/apotheke\/wp-json\/wp\/v2\/media?parent=2834"}],"wp:term":[{"taxonomy":"product_brand","embeddable":true,"href":"https:\/\/www.dr-haerting.at\/apotheke\/wp-json\/wp\/v2\/product_brand?post=2834"},{"taxonomy":"product_cat","embeddable":true,"href":"https:\/\/www.dr-haerting.at\/apotheke\/wp-json\/wp\/v2\/product_cat?post=2834"},{"taxonomy":"product_tag","embeddable":true,"href":"https:\/\/www.dr-haerting.at\/apotheke\/wp-json\/wp\/v2\/product_tag?post=2834"}],"curies":[{"name":"wp","href":"https:\/\/api.w.org\/{rel}","templated":true}]}}