{"id":2861,"date":"2026-02-06T18:09:55","date_gmt":"2026-02-06T18:09:55","guid":{"rendered":"https:\/\/www.dr-haerting.at\/apotheke\/?post_type=product&#038;p=2861"},"modified":"2026-02-26T20:27:09","modified_gmt":"2026-02-26T20:27:09","slug":"celexa","status":"publish","type":"product","link":"https:\/\/www.dr-haerting.at\/apotheke\/online\/celexa\/","title":{"rendered":"Celexa"},"content":{"rendered":"<p>Celexa ist ein verschreibungspflichtiges Medikament, das den Wirkstoff Citalopram enth\u00e4lt. Es geh\u00f6rt zur Klasse der selektiven Serotonin-Wiederaufnahmehemmer (SSRIs) und wird zur Behandlung von Depressionen verwendet. Celexa erh\u00f6ht den Serotoninspiegel im Gehirn, um die Stimmung zu verbessern und depressive Symptome zu lindern. Es wird in Tablettenform in verschiedenen St\u00e4rken angeboten und sollte nur unter \u00e4rztlicher Anleitung eingenommen werden.<\/p>\n<h2>Was zu vermeiden ist, wenn Sie Celexa einnehmen<\/h2>\n<p>Es gibt bestimmte Situationen und Bedingungen, unter denen die Einnahme von Celexa m\u00f6glicherweise nicht empfohlen wird. Dazu geh\u00f6ren:<\/p>\n<ul>\n<li>Eine bekannte \u00dcberempfindlichkeit gegen\u00fcber Citalopram oder anderen Bestandteilen des Arzneimittels<\/li>\n<li>Eine gleichzeitige Einnahme von MAO-Hemmern oder andere serotonergen Arzneimitteln<\/li>\n<li>Eine schwere Leber- oder Nierenerkrankung<\/li>\n<li>Ein erh\u00f6htes Risiko f\u00fcr Blutungen oder ein niedriger Natriumspiegel im Blut<\/li>\n<\/ul>\n<p>Es ist wichtig, dass Sie alle Medikamente, einschlie\u00dflich rezeptfreier Arzneimittel und pflanzlicher Pr\u00e4parate, die Sie einnehmen, Ihrem Arzt mitteilen, um m\u00f6gliche Wechselwirkungen zu vermeiden.<\/p>\n<h2>Celexa und Ihre Gesundheit<\/h2>\n<p>Bei der Einnahme von Celexa k\u00f6nnen Nebenwirkungen auftreten. Zu den h\u00e4ufigsten geh\u00f6ren:<\/p>\n<ul>\n<li>\u00dcbelkeit und Erbrechen<\/li>\n<li>Trockener Mund<\/li>\n<li>Kopfschmerzen<\/li>\n<li>Schwindelgef\u00fchl<\/li>\n<li>Schlafst\u00f6rungen<\/li>\n<\/ul>\n<p>Weitere seltene, aber ernstere Nebenwirkungen k\u00f6nnen auftreten. Wenn Sie eine ver\u00e4nderte Stimmung, erh\u00f6hte Angstzust\u00e4nde, ungew\u00f6hnliche Blutungen oder andere schwerwiegende Symptome bemerken, sollten Sie sofort einen Arzt aufsuchen.<\/p>\n<h2>Verabreichung<\/h2>\n<p>Celexa sollte gem\u00e4\u00df den Anweisungen Ihres Arztes eingenommen werden. Die \u00fcbliche Dosis betr\u00e4gt einmal t\u00e4glich eine Tablette. Es kann mit oder ohne Nahrung eingenommen werden. Wenn Sie eine Dosis vergessen haben, nehmen Sie sie ein, sobald Sie sich daran erinnern, es sei denn, es ist fast Zeit f\u00fcr die n\u00e4chste geplante Dosis. In diesem Fall lassen Sie die vergessene Dosis aus. Verdoppeln Sie nicht die Dosis, um eine vergessene Dosis auszugleichen.<\/p>\n<p>Eine \u00dcberdosierung von Celexa kann zu lebensbedrohlichen Komplikationen f\u00fchren. Bei Verdacht auf eine \u00dcberdosierung ist sofort \u00e4rztliche Hilfe erforderlich. Zu den Symptomen einer \u00dcberdosierung geh\u00f6ren \u00dcbelkeit, Erbrechen, Schl\u00e4frigkeit, Koma, beschleunigter Herzschlag und Krampfanf\u00e4lle.<\/p>\n<h2>Worauf Sie achten sollten<\/h2>\n<p>Bei der Einnahme von Celexa kann es zu Wechselwirkungen mit anderen Medikamenten kommen. Informieren Sie Ihren Arzt \u00fcber alle Medikamente, die Sie einnehmen, insbesondere:<\/p>\n<ul>\n<li>Andere Antidepressiva<\/li>\n<li>Migr\u00e4nemedikamente<\/li>\n<li>Blutverd\u00fcnner<\/li>\n<li>NSAIDs (nichtsteroidale entz\u00fcndungshemmende Medikamente)<\/li>\n<\/ul>\n<p>Die Kombination von Celexa mit bestimmten Medikamenten kann das Risiko von Blutungen erh\u00f6hen oder zu Serotonin-Syndrom f\u00fchren, einer schwerwiegenden Erkrankung, die lebensbedrohlich sein kann.<\/p>\n<h2>Die Antworten, die Sie ben\u00f6tigen<\/h2>\n<ul>\n<li><strong>Frage 1:<\/strong> Wie lange dauert es, bis Celexa wirkt?<\/li>\n<li><strong>Antwort:<\/strong> Die vollst\u00e4ndige Wirkung von Celexa kann mehrere Wochen dauern. Es ist wichtig, das Medikament regelm\u00e4\u00dfig einzunehmen, um die bestm\u00f6glichen Ergebnisse zu erzielen.<\/li>\n<li><strong>Frage 2:<\/strong> Kann Celexa Gewichtszunahme verursachen?<\/li>\n<li><strong>Antwort:<\/strong> Ja, Gewichtszunahme kann als eine der m\u00f6glichen Nebenwirkungen von Celexa auftreten. Es ist jedoch nicht bei jedem Patienten der Fall.<\/li>\n<li><strong>Frage 3:<\/strong> Kann Celexa w\u00e4hrend der Schwangerschaft eingenommen werden?<\/li>\n<li><strong>Antwort:<\/strong> Celexa sollte w\u00e4hrend der Schwangerschaft mit Vorsicht verwendet werden. Es ist wichtig, mit Ihrem Arzt \u00fcber m\u00f6gliche Risiken und Nutzen zu sprechen.<\/li>\n<li><strong>Frage 4:<\/strong> Kann Celexa mit Alkohol eingenommen werden?<\/li>\n<li><strong>Antwort:<\/strong> Es wird empfohlen, die Einnahme von Alkohol w\u00e4hrend der Behandlung mit Celexa zu vermeiden, da dies das Risiko von Nebenwirkungen erh\u00f6hen kann.<\/li>\n<li><strong>Frage 5:<\/strong> Wie sollte Celexa abgesetzt werden?<\/li>\n<li><strong>Antwort:<\/strong> Das Absetzen von Celexa sollte schrittweise unter \u00e4rztlicher Aufsicht erfolgen, um Entzugssymptome zu vermeiden. Ihr Arzt wird einen geeigneten Absetzplan empfehlen.<\/li>\n<\/ul>\n","protected":false},"excerpt":{"rendered":"<p>Brandname: Celexa<br \/>\nGenerischer Name: Citalopramhydrobromid<br \/>\nIndikationen: Celexa wird zur Behandlung von Depressionen und damit verbundenen Stimmungsst\u00f6rungen eingesetzt.<\/p>\n<h2>Preis von Celexa<\/h2>\n<p>Der Celexa Preis betr\u00e4gt ungef\u00e4hr 0.28\u20ac &#8211; 1.97\u20ac pro Pillen. Er h\u00e4ngt von der Gr\u00f6\u00dfe der Packung und der Menge des Wirkstoffs ab (30 oder 360 mg).<\/p>\n","protected":false},"featured_media":1299,"comment_status":"open","ping_status":"closed","template":"","meta":{"site-sidebar-layout":"default","site-content-layout":"","ast-site-content-layout":"default","site-content-style":"default","site-sidebar-style":"default","ast-global-header-display":"","ast-banner-title-visibility":"","ast-main-header-display":"","ast-hfb-above-header-display":"","ast-hfb-below-header-display":"","ast-hfb-mobile-header-display":"","site-post-title":"","ast-breadcrumbs-content":"","ast-featured-img":"","footer-sml-layout":"","ast-disable-related-posts":"","theme-transparent-header-meta":"","adv-header-id-meta":"","stick-header-meta":"","header-above-stick-meta":"","header-main-stick-meta":"","header-below-stick-meta":"","astra-migrate-meta-layouts":"default","ast-page-background-enabled":"default","ast-page-background-meta":{"desktop":{"background-color":"var(--ast-global-color-4)","background-image":"","background-repeat":"repeat","background-position":"center center","background-size":"auto","background-attachment":"scroll","background-type":"","background-media":"","overlay-type":"","overlay-color":"","overlay-opacity":"","overlay-gradient":""},"tablet":{"background-color":"","background-image":"","background-repeat":"repeat","background-position":"center center","background-size":"auto","background-attachment":"scroll","background-type":"","background-media":"","overlay-type":"","overlay-color":"","overlay-opacity":"","overlay-gradient":""},"mobile":{"background-color":"","background-image":"","background-repeat":"repeat","background-position":"center center","background-size":"auto","background-attachment":"scroll","background-type":"","background-media":"","overlay-type":"","overlay-color":"","overlay-opacity":"","overlay-gradient":""}},"ast-content-background-meta":{"desktop":{"background-color":"var(--ast-global-color-5)","background-image":"","background-repeat":"repeat","background-position":"center center","background-size":"auto","background-attachment":"scroll","background-type":"","background-media":"","overlay-type":"","overlay-color":"","overlay-opacity":"","overlay-gradient":""},"tablet":{"background-color":"var(--ast-global-color-5)","background-image":"","background-repeat":"repeat","background-position":"center center","background-size":"auto","background-attachment":"scroll","background-type":"","background-media":"","overlay-type":"","overlay-color":"","overlay-opacity":"","overlay-gradient":""},"mobile":{"background-color":"var(--ast-global-color-5)","background-image":"","background-repeat":"repeat","background-position":"center center","background-size":"auto","background-attachment":"scroll","background-type":"","background-media":"","overlay-type":"","overlay-color":"","overlay-opacity":"","overlay-gradient":""}}},"product_brand":[],"product_cat":[28],"product_tag":[],"class_list":{"0":"post-2861","1":"product","2":"type-product","3":"status-publish","4":"has-post-thumbnail","6":"product_cat-depression","7":"desktop-align-left","8":"tablet-align-left","9":"mobile-align-left","11":"first","12":"instock","13":"shipping-taxable","14":"product-type-external"},"aioseo_notices":[],"_links":{"self":[{"href":"https:\/\/www.dr-haerting.at\/apotheke\/wp-json\/wp\/v2\/product\/2861","targetHints":{"allow":["GET"]}}],"collection":[{"href":"https:\/\/www.dr-haerting.at\/apotheke\/wp-json\/wp\/v2\/product"}],"about":[{"href":"https:\/\/www.dr-haerting.at\/apotheke\/wp-json\/wp\/v2\/types\/product"}],"replies":[{"embeddable":true,"href":"https:\/\/www.dr-haerting.at\/apotheke\/wp-json\/wp\/v2\/comments?post=2861"}],"wp:featuredmedia":[{"embeddable":true,"href":"https:\/\/www.dr-haerting.at\/apotheke\/wp-json\/wp\/v2\/media\/1299"}],"wp:attachment":[{"href":"https:\/\/www.dr-haerting.at\/apotheke\/wp-json\/wp\/v2\/media?parent=2861"}],"wp:term":[{"taxonomy":"product_brand","embeddable":true,"href":"https:\/\/www.dr-haerting.at\/apotheke\/wp-json\/wp\/v2\/product_brand?post=2861"},{"taxonomy":"product_cat","embeddable":true,"href":"https:\/\/www.dr-haerting.at\/apotheke\/wp-json\/wp\/v2\/product_cat?post=2861"},{"taxonomy":"product_tag","embeddable":true,"href":"https:\/\/www.dr-haerting.at\/apotheke\/wp-json\/wp\/v2\/product_tag?post=2861"}],"curies":[{"name":"wp","href":"https:\/\/api.w.org\/{rel}","templated":true}]}}