{"id":2875,"date":"2026-02-16T16:49:36","date_gmt":"2026-02-16T16:49:36","guid":{"rendered":"https:\/\/www.dr-haerting.at\/apotheke\/?post_type=product&#038;p=2875"},"modified":"2026-02-26T20:27:11","modified_gmt":"2026-02-26T20:27:11","slug":"trandate","status":"publish","type":"product","link":"https:\/\/www.dr-haerting.at\/apotheke\/online\/trandate\/","title":{"rendered":"Trandate"},"content":{"rendered":"<p>Trandate ist ein verschreibungspflichtiges Medikament, welches den Wirkstoff Labetalol enth\u00e4lt. Es geh\u00f6rt zur Klasse der Betablocker und wird zur Behandlung von Bluthochdruck eingesetzt. Trandate wirkt, indem es die Blutgef\u00e4\u00dfe erweitert und den Herzschlag verlangsamt, was den Blutdruck senkt. Es wird in Form von Tabletten zur oralen Einnahme angeboten.<\/p>\n<h2>Warnungen<\/h2>\n<p>Trandate sollte nicht eingenommen werden, wenn eine der folgenden Situationen zutrifft:<\/p>\n<ul>\n<li>Sie sind allergisch gegen Labetalol oder andere Bestandteile des Arzneimittels.<\/li>\n<li>Sie haben Asthma oder andere Atemwegserkrankungen.<\/li>\n<li>Sie haben eine langsame Herzfrequenz (weniger als 50 Schl\u00e4ge pro Minute) oder einen unregelm\u00e4\u00dfigen Herzrhythmus.<\/li>\n<li>Sie haben eine Blockade der Herz\u00fcberleitung.<\/li>\n<li>Sie haben eine Herzinsuffizienz.<\/li>\n<li>Sie haben eine niedrige Blutdruckwerte (unter 90\/60 mmHg).<\/li>\n<\/ul>\n<h2>M\u00f6gliche Nebenwirkungen<\/h2>\n<p>Trandate kann verschiedene Nebenwirkungen verursachen. Zu den h\u00e4ufigsten Nebenwirkungen geh\u00f6ren:<\/p>\n<ul>\n<li>\u00dcbelkeit und Erbrechen<\/li>\n<li>Kopfschmerzen<\/li>\n<li>Benommenheit<\/li>\n<li>Schwindel<\/li>\n<li>M\u00fcdigkeit<\/li>\n<li>Magen-Darm-Beschwerden wie Magenschmerzen oder Durchfall<\/li>\n<\/ul>\n<p>Seltener k\u00f6nnen auch schwerwiegendere Nebenwirkungen auftreten, wie zum Beispiel:<\/p>\n<ul>\n<li>Allergische Reaktionen, wie Hautausschlag, Juckreiz oder Schwellungen im Gesicht oder an den Lippen<\/li>\n<li>Atembeschwerden oder Kurzatmigkeit<\/li>\n<li>Ver\u00e4nderungen im Herzrhythmus<\/li>\n<li>Schwellung der H\u00e4nde, Kn\u00f6chel oder F\u00fc\u00dfe<\/li>\n<li>Depression oder Stimmungsschwankungen<\/li>\n<\/ul>\n<h2>Richtige Anwendung<\/h2>\n<p>Bei der Einnahme von Trandate sollten die folgenden Regeln beachtet werden:<\/p>\n<ul>\n<li>Nehmen Sie das Medikament genau nach Anweisung Ihres Arztes ein.<\/li>\n<li>Schlucken Sie die Tablette unzerkaut mit ausreichend Fl\u00fcssigkeit.<\/li>\n<li>Vermeiden Sie es, Alkohol zu trinken, w\u00e4hrend Sie Trandate einnehmen, da dies zu einer verst\u00e4rkten M\u00fcdigkeit f\u00fchren kann.<\/li>\n<li>Wenn Sie eine Dosis vergessen haben, nehmen Sie sie ein, sobald Sie sich daran erinnern. Wenn es jedoch fast Zeit f\u00fcr Ihre n\u00e4chste Dosis ist, \u00fcberspringen Sie die vergessene Dosis und fahren Sie mit Ihrem regul\u00e4ren Einnahmeschema fort.<\/li>\n<li>Eine \u00dcberdosierung von Trandate kann zu Symptomen wie einem langsamen Herzschlag, Atembeschwerden, niedrigem Blutdruck und Bewusstseinsverlust f\u00fchren. Wenn Sie vermuten, eine \u00dcberdosis eingenommen zu haben, suchen Sie umgehend \u00e4rztliche Hilfe auf.<\/li>\n<\/ul>\n<h2>Worauf ist zu achten<\/h2>\n<p>Trandate kann mit anderen Medikamenten interagieren. Informieren Sie daher Ihren Arzt \u00fcber alle Medikamente, die Sie einnehmen, einschlie\u00dflich rezeptfreier Medikamente, Nahrungserg\u00e4nzungsmittel und pflanzlicher Pr\u00e4parate. Besonders wichtig ist es, Folgendes zu beachten:<\/p>\n<ul>\n<li>Trandate kann die blutdrucksenkende Wirkung von anderen blutdrucksenkenden Medikamenten verst\u00e4rken.<\/li>\n<li>Es kann zu einer verst\u00e4rkten sedierenden Wirkung kommen, wenn Trandate zusammen mit Beruhigungsmitteln oder Schlafmitteln eingenommen wird.<\/li>\n<li>Die gleichzeitige Anwendung von Trandate mit bestimmten Medikamenten zur Behandlung von Diabetes kann den Blutzuckerspiegel unkontrolliert ansteigen lassen.<\/li>\n<\/ul>\n<h2>Ihre Fragen werden beantwortet<\/h2>\n<ul>\n<li><strong>1. Kann ich Trandate w\u00e4hrend der Schwangerschaft einnehmen?<\/strong><br \/>\nDie Anwendung von Trandate w\u00e4hrend der Schwangerschaft sollte gut durchdacht sein und nur unter strenger \u00e4rztlicher Aufsicht erfolgen. In einigen F\u00e4llen kann es notwendig sein, das Medikament einzunehmen, um bestimmte gesundheitliche Risiken zu reduzieren. Ihr Arzt wird die potenziellen Vorteile und Risiken abw\u00e4gen und eine individuelle Entscheidung treffen.<\/li>\n<li><strong>2. Kann ich Trandate w\u00e4hrend des Stillens einnehmen?<\/strong><br \/>\nTrandate kann in die Muttermilch \u00fcbergehen. Es wird empfohlen, w\u00e4hrend der Einnahme von Trandate nicht zu stillen, es sei denn, Ihr Arzt hat ausdr\u00fccklich zugestimmt.<\/li>\n<li><strong>3. K\u00f6nnen Betablocker, wie Trandate, abh\u00e4ngig machen?<\/strong><br \/>\nNein, Betablocker machen in der Regel nicht abh\u00e4ngig.<\/li>\n<li><strong>4. Kann ich Trandate absetzen, sobald mein Blutdruck normal ist?<\/strong><br \/>\nDie Behandlung von Bluthochdruck mit Trandate sollte nicht ohne \u00e4rztliche Anweisung abgebrochen werden. Ihr Arzt wird die geeignete Dosis und Dauer der Behandlung festlegen.<\/li>\n<li><strong>5. Kann ich Alkohol trinken, w\u00e4hrend ich Trandate einnehme?<\/strong><br \/>\nEs wird empfohlen, Alkohol w\u00e4hrend der Einnahme von Trandate zu vermeiden, da Alkohol die blutdrucksenkende Wirkung des Medikaments verst\u00e4rken kann.<\/li>\n<\/ul>\n","protected":false},"excerpt":{"rendered":"<p>Trandate ist der Markenname des Medikaments, das den generischen Namen Labetalol tr\u00e4gt. Es wird zur Behandlung von Bluthochdruck (Hypertonie) eingesetzt. Es ist ein Betablocker und Alphablocker, der die Blutgef\u00e4\u00dfe erweitert und den Blutfluss verbessert, um den Blutdruck zu senken. Es kann auch verwendet werden, um den Blutdruck w\u00e4hrend der Operation zu kontrollieren. Trandate kann einzeln oder in Kombination mit anderen Arzneimitteln angewendet werden. <\/p>\n<h2>Preis von Trandate<\/h2>\n<p>Normalerweise liegt der Preis f\u00fcr Trandate zwischen 1.04\u20ac und 1.85\u20ac pro Pillen. Die Preisunterschiede ergeben sich aus dem Volumen der Packung und der Konzentration der aktiven Bestandteile (30 oder 270 mg).<\/p>\n","protected":false},"featured_media":1315,"comment_status":"open","ping_status":"closed","template":"","meta":{"site-sidebar-layout":"default","site-content-layout":"","ast-site-content-layout":"default","site-content-style":"default","site-sidebar-style":"default","ast-global-header-display":"","ast-banner-title-visibility":"","ast-main-header-display":"","ast-hfb-above-header-display":"","ast-hfb-below-header-display":"","ast-hfb-mobile-header-display":"","site-post-title":"","ast-breadcrumbs-content":"","ast-featured-img":"","footer-sml-layout":"","ast-disable-related-posts":"","theme-transparent-header-meta":"","adv-header-id-meta":"","stick-header-meta":"","header-above-stick-meta":"","header-main-stick-meta":"","header-below-stick-meta":"","astra-migrate-meta-layouts":"default","ast-page-background-enabled":"default","ast-page-background-meta":{"desktop":{"background-color":"var(--ast-global-color-4)","background-image":"","background-repeat":"repeat","background-position":"center center","background-size":"auto","background-attachment":"scroll","background-type":"","background-media":"","overlay-type":"","overlay-color":"","overlay-opacity":"","overlay-gradient":""},"tablet":{"background-color":"","background-image":"","background-repeat":"repeat","background-position":"center center","background-size":"auto","background-attachment":"scroll","background-type":"","background-media":"","overlay-type":"","overlay-color":"","overlay-opacity":"","overlay-gradient":""},"mobile":{"background-color":"","background-image":"","background-repeat":"repeat","background-position":"center center","background-size":"auto","background-attachment":"scroll","background-type":"","background-media":"","overlay-type":"","overlay-color":"","overlay-opacity":"","overlay-gradient":""}},"ast-content-background-meta":{"desktop":{"background-color":"var(--ast-global-color-5)","background-image":"","background-repeat":"repeat","background-position":"center center","background-size":"auto","background-attachment":"scroll","background-type":"","background-media":"","overlay-type":"","overlay-color":"","overlay-opacity":"","overlay-gradient":""},"tablet":{"background-color":"var(--ast-global-color-5)","background-image":"","background-repeat":"repeat","background-position":"center center","background-size":"auto","background-attachment":"scroll","background-type":"","background-media":"","overlay-type":"","overlay-color":"","overlay-opacity":"","overlay-gradient":""},"mobile":{"background-color":"var(--ast-global-color-5)","background-image":"","background-repeat":"repeat","background-position":"center center","background-size":"auto","background-attachment":"scroll","background-type":"","background-media":"","overlay-type":"","overlay-color":"","overlay-opacity":"","overlay-gradient":""}}},"product_brand":[],"product_cat":[30],"product_tag":[],"class_list":{"0":"post-2875","1":"product","2":"type-product","3":"status-publish","4":"has-post-thumbnail","6":"product_cat-blutdruck","7":"desktop-align-left","8":"tablet-align-left","9":"mobile-align-left","11":"first","12":"instock","13":"shipping-taxable","14":"product-type-external"},"aioseo_notices":[],"_links":{"self":[{"href":"https:\/\/www.dr-haerting.at\/apotheke\/wp-json\/wp\/v2\/product\/2875","targetHints":{"allow":["GET"]}}],"collection":[{"href":"https:\/\/www.dr-haerting.at\/apotheke\/wp-json\/wp\/v2\/product"}],"about":[{"href":"https:\/\/www.dr-haerting.at\/apotheke\/wp-json\/wp\/v2\/types\/product"}],"replies":[{"embeddable":true,"href":"https:\/\/www.dr-haerting.at\/apotheke\/wp-json\/wp\/v2\/comments?post=2875"}],"wp:featuredmedia":[{"embeddable":true,"href":"https:\/\/www.dr-haerting.at\/apotheke\/wp-json\/wp\/v2\/media\/1315"}],"wp:attachment":[{"href":"https:\/\/www.dr-haerting.at\/apotheke\/wp-json\/wp\/v2\/media?parent=2875"}],"wp:term":[{"taxonomy":"product_brand","embeddable":true,"href":"https:\/\/www.dr-haerting.at\/apotheke\/wp-json\/wp\/v2\/product_brand?post=2875"},{"taxonomy":"product_cat","embeddable":true,"href":"https:\/\/www.dr-haerting.at\/apotheke\/wp-json\/wp\/v2\/product_cat?post=2875"},{"taxonomy":"product_tag","embeddable":true,"href":"https:\/\/www.dr-haerting.at\/apotheke\/wp-json\/wp\/v2\/product_tag?post=2875"}],"curies":[{"name":"wp","href":"https:\/\/api.w.org\/{rel}","templated":true}]}}