{"id":2894,"date":"2026-02-21T17:29:05","date_gmt":"2026-02-21T17:29:05","guid":{"rendered":"https:\/\/www.dr-haerting.at\/apotheke\/?post_type=product&#038;p=2894"},"modified":"2026-02-26T20:27:14","modified_gmt":"2026-02-26T20:27:14","slug":"calan","status":"publish","type":"product","link":"https:\/\/www.dr-haerting.at\/apotheke\/online\/calan\/","title":{"rendered":"Calan"},"content":{"rendered":"<p>Calan, auch bekannt als Verapamil, ist ein verschreibungspflichtiges Medikament, das zur Behandlung von Herz-Kreislauf-Erkrankungen eingesetzt wird. Es geh\u00f6rt zur Klasse der Calciumkanalblocker und wirkt, indem es die Muskeln in den Blutgef\u00e4\u00dfen entspannt und den Blutfluss verbessert. Es wird zur Behandlung von Bluthochdruck, Angina pectoris (Brustschmerzen) und bestimmten Herzrhythmusst\u00f6rungen eingesetzt. Calan kann auch zur Vorbeugung von Migr\u00e4neanf\u00e4llen verwendet werden.<\/p>\n<h2>Warnungen<\/h2>\n<p>Calan sollte nicht eingenommen werden, wenn Sie allergisch gegen Verapamil oder einen der Inhaltsstoffe des Medikaments sind. Es kann auch bestimmte Wechselwirkungen mit anderen Medikamenten haben, daher ist es wichtig, Ihren Arzt \u00fcber alle Medikamente zu informieren, die Sie einnehmen. Es ist wichtig, dass Sie Ihren Arzt \u00fcber Ihre vollst\u00e4ndige Krankengeschichte informieren, insbesondere \u00fcber Herzprobleme, Leber- oder Nierenprobleme und niedrigen Blutdruck. Schwangere Frauen sollten Calan nur verwenden, wenn es klar erforderlich ist, da es das ungeborene Kind beeinflussen kann. Stillende Frauen sollten es vermeiden, da Calan in die Muttermilch \u00fcbergehen kann.<\/p>\n<h2>Nebenwirkungen<\/h2>\n<p>Calan kann bestimmte Nebenwirkungen haben, die von Person zu Person unterschiedlich sein k\u00f6nnen. H\u00e4ufige Nebenwirkungen sind Kopfschmerzen, Schwindel, M\u00fcdigkeit, Verstopfung und \u00dcbelkeit. Seltene, aber schwerwiegende Nebenwirkungen k\u00f6nnen eine allergische Reaktion, schweren Schwindel, unregelm\u00e4\u00dfigen Herzschlag oder Atembeschwerden umfassen. Wenn Sie eine dieser schwerwiegenden Nebenwirkungen bemerken, suchen Sie sofort \u00e4rztliche Hilfe auf.<\/p>\n<h2>Dosieranleitung<\/h2>\n<p>Die Dosierung von Calan wird vom Arzt individuell festgelegt und basiert auf Ihrer spezifischen Erkrankung und Reaktion auf die Behandlung. Es ist wichtig, die Anweisungen Ihres Arztes genau zu befolgen und die Tabletten unzerkaut mit einem Glas Wasser einzunehmen. Wenn Sie eine Dosis vergessen haben, nehmen Sie sie ein, sobald Sie sich daran erinnern. Wenn es jedoch fast Zeit f\u00fcr die n\u00e4chste Dosis ist, \u00fcberspringen Sie die vergessene Dosis und setzen Sie die Einnahme gem\u00e4\u00df dem Zeitplan fort. Eine \u00dcberdosierung von Calan kann zu Symptomen wie niedrigem Blutdruck, schwerem Schwindel und verlangsamtem Herzschlag f\u00fchren. Bei Verdacht auf eine \u00dcberdosierung suchen Sie sofort \u00e4rztliche Hilfe auf.<\/p>\n<h2>Wie andere Medikamente Calan beeinflussen<\/h2>\n<p>Calan kann mit verschiedenen anderen Medikamenten Wechselwirkungen eingehen und die Wirkung beeinflussen. Es ist wichtig, dass Sie Ihren Arzt \u00fcber alle Medikamente informieren, die Sie einnehmen, einschlie\u00dflich verschreibungspflichtiger, rezeptfreier und pflanzlicher Arzneimittel. Bestimmte Medikamente k\u00f6nnen die Wirkung von Calan verst\u00e4rken oder abschw\u00e4chen, w\u00e4hrend andere unerw\u00fcnschte Nebenwirkungen verursachen k\u00f6nnen. Einige h\u00e4ufig verwendete Medikamente, die mit Calan interagieren k\u00f6nnen, sind Beta-Blocker, bestimmte Antibiotika, Antidepressiva und Antimykotika.<\/p>\n<h2>Calan: Anfrage und Antwort<\/h2>\n<ul>\n<li>\n<p><strong>Frage 1:<\/strong> Wie lange dauert es, bis Calan wirkt?<\/p>\n<p><strong>Antwort:<\/strong> Die Wirkung von Calan setzt normalerweise innerhalb von ein bis zwei Stunden nach der Einnahme ein.<\/p>\n<\/li>\n<li>\n<p><strong>Frage 2:<\/strong> Kann ich w\u00e4hrend der Einnahme von Calan Alkohol trinken?<\/p>\n<p><strong>Antwort:<\/strong> Es wird empfohlen, Alkohol zu meiden, w\u00e4hrend Sie Calan einnehmen, da Alkohol die Wirkung des Medikaments verst\u00e4rken kann.<\/p>\n<\/li>\n<li>\n<p><strong>Frage 3:<\/strong> Kann ich Calan auf n\u00fcchternen Magen einnehmen?<\/p>\n<p><strong>Antwort:<\/strong> Calan kann unabh\u00e4ngig von Mahlzeiten eingenommen werden. Befolgen Sie jedoch die Anweisungen Ihres Arztes.<\/p>\n<\/li>\n<li>\n<p><strong>Frage 4:<\/strong> Kann ich mit der Einnahme von Calan aufh\u00f6ren, sobald meine Symptome verschwunden sind?<\/p>\n<p><strong>Antwort:<\/strong> Nein, Sie sollten Calan nicht ohne R\u00fccksprache mit Ihrem Arzt absetzen. Es ist wichtig, die Behandlung fortzusetzen, wie von Ihrem Arzt angegeben.<\/p>\n<\/li>\n<li>\n<p><strong>Frage 5:<\/strong> Kann Calan zu Gewichtszunahme f\u00fchren?<\/p>\n<p><strong>Antwort:<\/strong> Gewichtszunahme kann eine seltene Nebenwirkung von Calan sein, die jedoch nicht bei allen Personen auftritt. Wenn Sie pl\u00f6tzliche Gewichtszunahme bemerken, informieren Sie Ihren Arzt.<\/p>\n<\/li>\n<\/ul>\n","protected":false},"excerpt":{"rendered":"<p>Calan, auch bekannt unter dem chemischen Namen Verapamilhydrochlorid, ist ein Medikament zur Behandlung von bestimmten Herz-Kreislauf-Erkrankungen. Es wird zur Behandlung von Hypertonie (Bluthochdruck), Angina pectoris (Brustschmerzen aufgrund von verengten Herzkranzgef\u00e4\u00dfen) und supraventrikul\u00e4ren Tachykardien (abnorme schnelle Herzschl\u00e4ge) eingesetzt.<\/p>\n<h2>Preis von Calan<\/h2>\n<p>Die Preisspanne f\u00fcr Calan betr\u00e4gt 0.32\u20ac bis 1.19\u20ac pro Pillen. Faktoren wie Packungsgr\u00f6\u00dfe und Wirkstoffgehalt (30 oder 360 mg) spielen eine Rolle.<\/p>\n","protected":false},"featured_media":1364,"comment_status":"open","ping_status":"closed","template":"","meta":{"site-sidebar-layout":"default","site-content-layout":"","ast-site-content-layout":"default","site-content-style":"default","site-sidebar-style":"default","ast-global-header-display":"","ast-banner-title-visibility":"","ast-main-header-display":"","ast-hfb-above-header-display":"","ast-hfb-below-header-display":"","ast-hfb-mobile-header-display":"","site-post-title":"","ast-breadcrumbs-content":"","ast-featured-img":"","footer-sml-layout":"","ast-disable-related-posts":"","theme-transparent-header-meta":"","adv-header-id-meta":"","stick-header-meta":"","header-above-stick-meta":"","header-main-stick-meta":"","header-below-stick-meta":"","astra-migrate-meta-layouts":"default","ast-page-background-enabled":"default","ast-page-background-meta":{"desktop":{"background-color":"var(--ast-global-color-4)","background-image":"","background-repeat":"repeat","background-position":"center center","background-size":"auto","background-attachment":"scroll","background-type":"","background-media":"","overlay-type":"","overlay-color":"","overlay-opacity":"","overlay-gradient":""},"tablet":{"background-color":"","background-image":"","background-repeat":"repeat","background-position":"center center","background-size":"auto","background-attachment":"scroll","background-type":"","background-media":"","overlay-type":"","overlay-color":"","overlay-opacity":"","overlay-gradient":""},"mobile":{"background-color":"","background-image":"","background-repeat":"repeat","background-position":"center center","background-size":"auto","background-attachment":"scroll","background-type":"","background-media":"","overlay-type":"","overlay-color":"","overlay-opacity":"","overlay-gradient":""}},"ast-content-background-meta":{"desktop":{"background-color":"var(--ast-global-color-5)","background-image":"","background-repeat":"repeat","background-position":"center center","background-size":"auto","background-attachment":"scroll","background-type":"","background-media":"","overlay-type":"","overlay-color":"","overlay-opacity":"","overlay-gradient":""},"tablet":{"background-color":"var(--ast-global-color-5)","background-image":"","background-repeat":"repeat","background-position":"center center","background-size":"auto","background-attachment":"scroll","background-type":"","background-media":"","overlay-type":"","overlay-color":"","overlay-opacity":"","overlay-gradient":""},"mobile":{"background-color":"var(--ast-global-color-5)","background-image":"","background-repeat":"repeat","background-position":"center center","background-size":"auto","background-attachment":"scroll","background-type":"","background-media":"","overlay-type":"","overlay-color":"","overlay-opacity":"","overlay-gradient":""}}},"product_brand":[],"product_cat":[31],"product_tag":[],"class_list":{"0":"post-2894","1":"product","2":"type-product","3":"status-publish","4":"has-post-thumbnail","6":"product_cat-herzerkrankungen","7":"desktop-align-left","8":"tablet-align-left","9":"mobile-align-left","11":"first","12":"instock","13":"shipping-taxable","14":"product-type-external"},"aioseo_notices":[],"_links":{"self":[{"href":"https:\/\/www.dr-haerting.at\/apotheke\/wp-json\/wp\/v2\/product\/2894","targetHints":{"allow":["GET"]}}],"collection":[{"href":"https:\/\/www.dr-haerting.at\/apotheke\/wp-json\/wp\/v2\/product"}],"about":[{"href":"https:\/\/www.dr-haerting.at\/apotheke\/wp-json\/wp\/v2\/types\/product"}],"replies":[{"embeddable":true,"href":"https:\/\/www.dr-haerting.at\/apotheke\/wp-json\/wp\/v2\/comments?post=2894"}],"wp:featuredmedia":[{"embeddable":true,"href":"https:\/\/www.dr-haerting.at\/apotheke\/wp-json\/wp\/v2\/media\/1364"}],"wp:attachment":[{"href":"https:\/\/www.dr-haerting.at\/apotheke\/wp-json\/wp\/v2\/media?parent=2894"}],"wp:term":[{"taxonomy":"product_brand","embeddable":true,"href":"https:\/\/www.dr-haerting.at\/apotheke\/wp-json\/wp\/v2\/product_brand?post=2894"},{"taxonomy":"product_cat","embeddable":true,"href":"https:\/\/www.dr-haerting.at\/apotheke\/wp-json\/wp\/v2\/product_cat?post=2894"},{"taxonomy":"product_tag","embeddable":true,"href":"https:\/\/www.dr-haerting.at\/apotheke\/wp-json\/wp\/v2\/product_tag?post=2894"}],"curies":[{"name":"wp","href":"https:\/\/api.w.org\/{rel}","templated":true}]}}