{"id":2903,"date":"2026-02-05T05:21:37","date_gmt":"2026-02-05T05:21:37","guid":{"rendered":"https:\/\/www.dr-haerting.at\/apotheke\/?post_type=product&#038;p=2903"},"modified":"2026-02-26T20:27:14","modified_gmt":"2026-02-26T20:27:14","slug":"avapro","status":"publish","type":"product","link":"https:\/\/www.dr-haerting.at\/apotheke\/online\/avapro\/","title":{"rendered":"Avapro"},"content":{"rendered":"<p>Avapro ist ein verschreibungspflichtiges Medikament, das den Wirkstoff Irbesartan enth\u00e4lt. Es geh\u00f6rt zur Klasse der Angiotensin-II-Rezeptorblocker und wird zur Behandlung von Bluthochdruck (Hypertonie) eingesetzt. Es wirkt, indem es die Blutgef\u00e4\u00dfe entspannt und somit den Blutfluss verbessert.<\/p>\n<p>Avapro wird in Form von Tabletten verabreicht und nur auf \u00e4rztliche Verschreibung erh\u00e4ltlich. Es ist wichtig, die Anweisungen des Arztes genau zu befolgen und die empfohlene Dosierung nicht zu \u00fcberschreiten.<\/p>\n<h2>Sicherheitsma\u00dfnahmen<\/h2>\n<p>Avapro sollte nicht eingenommen werden, wenn eine Allergie gegen Irbesartan oder andere Bestandteile des Medikaments besteht. Es ist auch kontraindiziert bei Schwangeren, da es das ungeborene Kind sch\u00e4digen kann.<\/p>\n<p>Patienten mit schweren Nierenproblemen, Lebererkrankungen oder einer Verengung der Nierenarterien sollten ebenfalls Vorsicht walten lassen und vor der Einnahme von Avapro ihren Arzt konsultieren.<\/p>\n<h2>Avapro und Ihre Gesundheit<\/h2>\n<p>Wie bei den meisten Medikamenten k\u00f6nnen auch bei der Einnahme von Avapro einige Nebenwirkungen auftreten. Dazu geh\u00f6ren Schwindel, Kopfschmerzen, M\u00fcdigkeit, \u00dcbelkeit und Erbrechen. In seltenen F\u00e4llen kann Avapro zu einer starken Abnahme des Blutdrucks f\u00fchren, was zu Ohnmacht oder einer verminderten Nierenfunktion f\u00fchren kann. Bei Auftreten dieser Symptome sollte sofort ein Arzt aufgesucht werden.<\/p>\n<h2>Dosierungsinformationen<\/h2>\n<p>Die Dosierung von Avapro h\u00e4ngt von verschiedenen Faktoren ab, einschlie\u00dflich des Schweregrads des Bluthochdrucks und der individuellen Reaktion auf das Medikament. Es ist wichtig, die vom Arzt verschriebene Dosierung genau einzuhalten.<\/p>\n<p>Wenn eine Dosis von Avapro vergessen wurde, sollte sie so schnell wie m\u00f6glich eingenommen werden. Ist es jedoch bereits fast Zeit f\u00fcr die n\u00e4chste regul\u00e4re Dosis, sollte die vergessene Dosis ausgelassen werden. Eine doppelte Dosierung sollte nicht eingenommen werden, um die vergessene Dosis auszugleichen.<\/p>\n<p>Im Falle einer \u00dcberdosierung von Avapro sollten sofort ein Arzt aufgesucht und die Symptome mitgeteilt werden. M\u00f6gliche Symptome einer \u00dcberdosierung k\u00f6nnen eine niedriger Blutdruck, Schwindel und verminderte Nierenfunktion sein.<\/p>\n<h2>Avapro und andere Medikamente<\/h2>\n<p>Es ist wichtig, dass der Arzt \u00fcber alle anderen verschreibungspflichtigen oder nicht verschreibungspflichtigen Medikamente, Nahrungserg\u00e4nzungsmittel oder Kr\u00e4uterpr\u00e4parate informiert wird, die Sie einnehmen, bevor Sie Avapro einnehmen. Avapro kann mit bestimmten Medikamenten interagieren und m\u00f6glicherweise unerw\u00fcnschte oder gef\u00e4hrliche Nebenwirkungen verursachen.<\/p>\n<p>Insbesondere sollte Avapro nicht zusammen mit anderen blutdrucksenkenden Medikamenten eingenommen werden, es sei denn, dies wird ausdr\u00fccklich vom Arzt angeordnet. Eine Kombination solcher Medikamente kann zu einem \u00fcberm\u00e4\u00dfigen Blutdruckabfall f\u00fchren.<\/p>\n<h2>H\u00e4ufige Fragen<\/h2>\n<ul>\n<li><strong>Frage 1: <\/strong>Wie lange dauert es, bis Avapro wirkt?<\/li>\n<li><strong>Antwort: <\/strong>Die volle Wirkung von Avapro kann einige Wochen dauern. Es ist wichtig, das Medikament regelm\u00e4\u00dfig einzunehmen, auch wenn Sie sich besser f\u00fchlen.<\/li>\n<li><strong>Frage 2: <\/strong>Kann ich Avapro w\u00e4hrend der Schwangerschaft einnehmen?<\/li>\n<li><strong>Antwort: <\/strong>Nein, Avapro ist kontraindiziert w\u00e4hrend der Schwangerschaft, da es das ungeborene Kind sch\u00e4digen kann.<\/li>\n<li><strong>Frage 3: <\/strong>Welche Nebenwirkungen k\u00f6nnen bei der Einnahme von Avapro auftreten?<\/li>\n<li><strong>Antwort: <\/strong>Zu den m\u00f6glichen Nebenwirkungen von Avapro geh\u00f6ren Schwindel, Kopfschmerzen, M\u00fcdigkeit, \u00dcbelkeit und Erbrechen.<\/li>\n<li><strong>Frage 4: <\/strong>Wie sollte ich Avapro lagern?<\/li>\n<li><strong>Antwort: <\/strong>Avapro sollte bei Raumtemperatur, vor Licht und Feuchtigkeit gesch\u00fctzt, gelagert werden.<\/li>\n<li><strong>Frage 5: <\/strong>Gibt es besondere Ern\u00e4hrungsempfehlungen w\u00e4hrend der Einnahme von Avapro?<\/li>\n<li><strong>Antwort: <\/strong>Ihr Arzt kann Ihnen spezifische Ern\u00e4hrungsempfehlungen geben, je nach Ihrem individuellen Gesundheitszustand. Es ist jedoch wichtig, eine ausgewogene Ern\u00e4hrung einzuhalten und Alkohol zu vermeiden, da dies das Risiko von Nebenwirkungen erh\u00f6hen kann.<\/li>\n<\/ul>\n","protected":false},"excerpt":{"rendered":"<p>Avapro, auch bekannt unter dem chemischen Namen Irbesartan, ist ein Medikament zur Behandlung von Bluthochdruck (Hypertonie) und zur Reduzierung des Risikos von Herzinfarkten und Schlaganf\u00e4llen bei Patienten mit Diabetes Typ 2 und Nierenproblemen. Es geh\u00f6rt zur Klasse der Angiotensin-II-Rezeptorantagonisten, die den Blutdruck senken, indem sie verhindern, dass das Hormon Angiotensin II an seine Rezeptoren bindet. Mit Avapro k\u00f6nnen Patienten eine bessere Kontrolle ihres Blutdrucks erlangen und das Risiko von kardiovaskul\u00e4ren Ereignissen verringern. <\/p>\n<h2>Preis von Avapro<\/h2>\n<p>Die Preisspanne f\u00fcr Avapro liegt bei etwa 0.67\u20ac &#8211; 1.55\u20ac pro Pillen. Die genauen Kosten werden durch die Gr\u00f6\u00dfe und Art der Verpackung sowie die Menge der Wirkstoffe (30 oder 360 mg) beeinflusst.<\/p>\n","protected":false},"featured_media":1374,"comment_status":"open","ping_status":"closed","template":"","meta":{"site-sidebar-layout":"default","site-content-layout":"","ast-site-content-layout":"default","site-content-style":"default","site-sidebar-style":"default","ast-global-header-display":"","ast-banner-title-visibility":"","ast-main-header-display":"","ast-hfb-above-header-display":"","ast-hfb-below-header-display":"","ast-hfb-mobile-header-display":"","site-post-title":"","ast-breadcrumbs-content":"","ast-featured-img":"","footer-sml-layout":"","ast-disable-related-posts":"","theme-transparent-header-meta":"","adv-header-id-meta":"","stick-header-meta":"","header-above-stick-meta":"","header-main-stick-meta":"","header-below-stick-meta":"","astra-migrate-meta-layouts":"default","ast-page-background-enabled":"default","ast-page-background-meta":{"desktop":{"background-color":"var(--ast-global-color-4)","background-image":"","background-repeat":"repeat","background-position":"center center","background-size":"auto","background-attachment":"scroll","background-type":"","background-media":"","overlay-type":"","overlay-color":"","overlay-opacity":"","overlay-gradient":""},"tablet":{"background-color":"","background-image":"","background-repeat":"repeat","background-position":"center center","background-size":"auto","background-attachment":"scroll","background-type":"","background-media":"","overlay-type":"","overlay-color":"","overlay-opacity":"","overlay-gradient":""},"mobile":{"background-color":"","background-image":"","background-repeat":"repeat","background-position":"center center","background-size":"auto","background-attachment":"scroll","background-type":"","background-media":"","overlay-type":"","overlay-color":"","overlay-opacity":"","overlay-gradient":""}},"ast-content-background-meta":{"desktop":{"background-color":"var(--ast-global-color-5)","background-image":"","background-repeat":"repeat","background-position":"center center","background-size":"auto","background-attachment":"scroll","background-type":"","background-media":"","overlay-type":"","overlay-color":"","overlay-opacity":"","overlay-gradient":""},"tablet":{"background-color":"var(--ast-global-color-5)","background-image":"","background-repeat":"repeat","background-position":"center center","background-size":"auto","background-attachment":"scroll","background-type":"","background-media":"","overlay-type":"","overlay-color":"","overlay-opacity":"","overlay-gradient":""},"mobile":{"background-color":"var(--ast-global-color-5)","background-image":"","background-repeat":"repeat","background-position":"center center","background-size":"auto","background-attachment":"scroll","background-type":"","background-media":"","overlay-type":"","overlay-color":"","overlay-opacity":"","overlay-gradient":""}}},"product_brand":[],"product_cat":[27],"product_tag":[],"class_list":{"0":"post-2903","1":"product","2":"type-product","3":"status-publish","4":"has-post-thumbnail","6":"product_cat-diabetes","7":"desktop-align-left","8":"tablet-align-left","9":"mobile-align-left","11":"first","12":"instock","13":"shipping-taxable","14":"product-type-external"},"aioseo_notices":[],"_links":{"self":[{"href":"https:\/\/www.dr-haerting.at\/apotheke\/wp-json\/wp\/v2\/product\/2903","targetHints":{"allow":["GET"]}}],"collection":[{"href":"https:\/\/www.dr-haerting.at\/apotheke\/wp-json\/wp\/v2\/product"}],"about":[{"href":"https:\/\/www.dr-haerting.at\/apotheke\/wp-json\/wp\/v2\/types\/product"}],"replies":[{"embeddable":true,"href":"https:\/\/www.dr-haerting.at\/apotheke\/wp-json\/wp\/v2\/comments?post=2903"}],"wp:featuredmedia":[{"embeddable":true,"href":"https:\/\/www.dr-haerting.at\/apotheke\/wp-json\/wp\/v2\/media\/1374"}],"wp:attachment":[{"href":"https:\/\/www.dr-haerting.at\/apotheke\/wp-json\/wp\/v2\/media?parent=2903"}],"wp:term":[{"taxonomy":"product_brand","embeddable":true,"href":"https:\/\/www.dr-haerting.at\/apotheke\/wp-json\/wp\/v2\/product_brand?post=2903"},{"taxonomy":"product_cat","embeddable":true,"href":"https:\/\/www.dr-haerting.at\/apotheke\/wp-json\/wp\/v2\/product_cat?post=2903"},{"taxonomy":"product_tag","embeddable":true,"href":"https:\/\/www.dr-haerting.at\/apotheke\/wp-json\/wp\/v2\/product_tag?post=2903"}],"curies":[{"name":"wp","href":"https:\/\/api.w.org\/{rel}","templated":true}]}}