{"id":2908,"date":"2026-02-20T22:04:58","date_gmt":"2026-02-20T22:04:58","guid":{"rendered":"https:\/\/www.dr-haerting.at\/apotheke\/?post_type=product&#038;p=2908"},"modified":"2026-02-26T20:27:19","modified_gmt":"2026-02-26T20:27:19","slug":"hyzaar","status":"publish","type":"product","link":"https:\/\/www.dr-haerting.at\/apotheke\/online\/hyzaar\/","title":{"rendered":"Hyzaar"},"content":{"rendered":"<p>Hyzaar ist ein Medikament, das zur Behandlung von Bluthochdruck eingesetzt wird. Es ist eine Kombination aus den Wirkstoffen Losartan und Hydrochlorothiazid. Losartan ist ein Angiotensin-II-Rezeptor-Antagonist, der dazu beitr\u00e4gt, die Blutgef\u00e4\u00dfe zu erweitern und den Blutdruck zu senken. Hydrochlorothiazid ist ein Diuretikum, das dazu beitr\u00e4gt, \u00fcbersch\u00fcssiges Wasser und Salz aus dem K\u00f6rper auszuscheiden, was ebenfalls den Blutdruck senken kann.<\/p>\n<h2>Wichtige Vorsichtsma\u00dfnahmen<\/h2>\n<p>Hyzaar sollte nicht eingenommen werden, wenn Sie allergisch auf Losartan, Hydrochlorothiazid oder andere Sulfonamide reagieren. Es ist wichtig, Ihrem Arzt alle Ihre medizinischen Vorgeschichten mitzuteilen, insbesondere wenn Sie Lebererkrankungen, Nierenerkrankungen, Diabetes, Gicht oder eine allergische Reaktion auf Penicillin haben. Schwangere Frauen sollten Hyzaar nicht einnehmen, da es das ungeborene Baby sch\u00e4digen kann. Au\u00dferdem sollte Hyzaar nicht zusammen mit Kaliumpr\u00e4paraten eingenommen werden, da dies zu einem erh\u00f6hten Kaliumspiegel im K\u00f6rper f\u00fchren kann.<\/p>\n<h2>Hyzaar Nebenwirkungen<\/h2>\n<p>Wie jedes Medikament kann auch Hyzaar Nebenwirkungen verursachen. Zu den h\u00e4ufigsten Nebenwirkungen geh\u00f6ren Benommenheit, M\u00fcdigkeit, Kopfschmerzen, Schwindel, \u00dcbelkeit, Erbrechen, Durchfall, Bauchschmerzen, Muskelschmerzen und Ver\u00e4nderungen im Geschmackssinn. Weniger h\u00e4ufig treten Schwindelgef\u00fchl beim Aufstehen, Hautausschl\u00e4ge, Juckreiz, schwerere allergische Reaktionen oder Gelbsucht auf. Es ist wichtig, sofort einen Arzt aufzusuchen, wenn Sie Anzeichen einer allergischen Reaktion wie Schwellungen, Atembeschwerden oder Hautausschlag haben.<\/p>\n<h2>Hyzaar Dosierung<\/h2>\n<p>Die Dosierung von Hyzaar sollte individuell vom Arzt festgelegt werden. In der Regel wird empfohlen, eine Tablette pro Tag einzunehmen, vorzugsweise zur gleichen Zeit. Wenn Sie eine Dosis vergessen haben, nehmen Sie diese ein, sobald Sie sich daran erinnern. Nehmen Sie jedoch nicht zwei Dosen gleichzeitig ein, um eine vergessene Dosis auszugleichen. Im Falle einer \u00dcberdosierung sollten Sie umgehend \u00e4rztliche Hilfe suchen. Symptome einer \u00dcberdosierung k\u00f6nnen Schwindel, Benommenheit, Ohnmacht, schneller Herzschlag oder verminderter Urinaussto\u00df sein.<\/p>\n<h2>Hyzaar Vertr\u00e4glichkeit<\/h2>\n<p>Es ist wichtig, Ihrem Arzt mitzuteilen, welche anderen Medikamente Sie einnehmen, da Hyzaar mit einigen anderen Arzneimitteln interagieren kann. Zum Beispiel kann die gleichzeitige Einnahme von nichtsteroidalen Entz\u00fcndungshemmern (wie Ibuprofen) die blutdrucksenkende Wirkung von Hyzaar abschw\u00e4chen. Andere Medikamente wie Lithium, Kaliumpr\u00e4parate, Insulin, Digoxin oder bestimmte Diuretika k\u00f6nnen die Wirkung von Hyzaar verst\u00e4rken oder beeinflussen. Ihr Arzt wird die m\u00f6glichen Wechselwirkungen ber\u00fccksichtigen und Ihnen m\u00f6glicherweise eine angepasste Dosierung oder alternative Medikation verschreiben.<\/p>\n<h2>Ihre Fragen beantwortet<\/h2>\n<ul>\n<li><strong>F: Kann ich Hyzaar einnehmen, wenn ich schwanger bin?<\/strong><br \/>A: Nein, Hyzaar kann dem ungeborenen Baby schaden und sollte w\u00e4hrend der Schwangerschaft vermieden werden.<\/li>\n<li><strong>F: Wie lange dauert es, bis Hyzaar wirkt?<\/strong><br \/>A: Die Wirkung von Hyzaar kann individuell variieren, aber in der Regel kann eine Verbesserung des Blutdrucks innerhalb von wenigen Wochen beobachtet werden.<\/li>\n<li><strong>F: Kann ich Hyzaar zusammen mit anderen blutdrucksenkenden Medikamenten einnehmen?<\/strong><br \/>A: Ja, Hyzaar kann in Kombination mit anderen blutdrucksenkenden Medikamenten verschrieben werden, jedoch sollte dies immer von einem Arzt \u00fcberwacht werden.<\/li>\n<li><strong>F: Wie sollte Hyzaar gelagert werden?<\/strong><br \/>A: Hyzaar sollte bei Raumtemperatur und vor Licht und Feuchtigkeit gesch\u00fctzt gelagert werden. Bewahren Sie es au\u00dferhalb der Reichweite von Kindern auf.<\/li>\n<li><strong>F: Welche Ma\u00dfnahmen sollte ich ergreifen, wenn ich eine \u00fcberdosierung von Hyzaar vermute?<\/strong><br \/>A: Im Falle einer vermuteten \u00dcberdosierung sollten Sie umgehend \u00e4rztliche Hilfe in Anspruch nehmen und die Einnahme des Medikaments stoppen.<\/li>\n<\/ul>\n","protected":false},"excerpt":{"rendered":"<p>Hyzaar ist ein Medikament, das zur Behandlung von Bluthochdruck und zur Verringerung des Risikos von Schlaganf\u00e4llen bei Patienten mit hohem Blutdruck verwendet wird. Der generische Name f\u00fcr Hyzaar ist Losartan-Kalium und Hydrochlorothiazid. Hyzaar enth\u00e4lt eine Kombination dieser beiden Wirkstoffe, die zusammenarbeiten, um den Blutdruck zu senken. Es ist wichtig zu beachten, dass Hyzaar nur nach \u00e4rztlicher Verschreibung und entsprechender Diagnose eingenommen werden soll.<\/p>\n<h2>Preis von Hyzaar<\/h2>\n<p>Das Preisspektrum f\u00fcr Hyzaar liegt zwischen 0.5\u20ac und 1.67\u20ac pro Pillen. Es richtet sich haupts\u00e4chlich nach dem Volumen der Packung und der St\u00e4rke der darin enthaltenen Wirkstoffe (30 oder 360 mg).<\/p>\n","protected":false},"featured_media":1408,"comment_status":"open","ping_status":"closed","template":"","meta":{"site-sidebar-layout":"default","site-content-layout":"","ast-site-content-layout":"default","site-content-style":"default","site-sidebar-style":"default","ast-global-header-display":"","ast-banner-title-visibility":"","ast-main-header-display":"","ast-hfb-above-header-display":"","ast-hfb-below-header-display":"","ast-hfb-mobile-header-display":"","site-post-title":"","ast-breadcrumbs-content":"","ast-featured-img":"","footer-sml-layout":"","ast-disable-related-posts":"","theme-transparent-header-meta":"","adv-header-id-meta":"","stick-header-meta":"","header-above-stick-meta":"","header-main-stick-meta":"","header-below-stick-meta":"","astra-migrate-meta-layouts":"default","ast-page-background-enabled":"default","ast-page-background-meta":{"desktop":{"background-color":"var(--ast-global-color-4)","background-image":"","background-repeat":"repeat","background-position":"center center","background-size":"auto","background-attachment":"scroll","background-type":"","background-media":"","overlay-type":"","overlay-color":"","overlay-opacity":"","overlay-gradient":""},"tablet":{"background-color":"","background-image":"","background-repeat":"repeat","background-position":"center center","background-size":"auto","background-attachment":"scroll","background-type":"","background-media":"","overlay-type":"","overlay-color":"","overlay-opacity":"","overlay-gradient":""},"mobile":{"background-color":"","background-image":"","background-repeat":"repeat","background-position":"center center","background-size":"auto","background-attachment":"scroll","background-type":"","background-media":"","overlay-type":"","overlay-color":"","overlay-opacity":"","overlay-gradient":""}},"ast-content-background-meta":{"desktop":{"background-color":"var(--ast-global-color-5)","background-image":"","background-repeat":"repeat","background-position":"center center","background-size":"auto","background-attachment":"scroll","background-type":"","background-media":"","overlay-type":"","overlay-color":"","overlay-opacity":"","overlay-gradient":""},"tablet":{"background-color":"var(--ast-global-color-5)","background-image":"","background-repeat":"repeat","background-position":"center center","background-size":"auto","background-attachment":"scroll","background-type":"","background-media":"","overlay-type":"","overlay-color":"","overlay-opacity":"","overlay-gradient":""},"mobile":{"background-color":"var(--ast-global-color-5)","background-image":"","background-repeat":"repeat","background-position":"center center","background-size":"auto","background-attachment":"scroll","background-type":"","background-media":"","overlay-type":"","overlay-color":"","overlay-opacity":"","overlay-gradient":""}}},"product_brand":[],"product_cat":[30],"product_tag":[],"class_list":{"0":"post-2908","1":"product","2":"type-product","3":"status-publish","4":"has-post-thumbnail","6":"product_cat-blutdruck","7":"desktop-align-left","8":"tablet-align-left","9":"mobile-align-left","11":"first","12":"instock","13":"shipping-taxable","14":"product-type-external"},"aioseo_notices":[],"_links":{"self":[{"href":"https:\/\/www.dr-haerting.at\/apotheke\/wp-json\/wp\/v2\/product\/2908","targetHints":{"allow":["GET"]}}],"collection":[{"href":"https:\/\/www.dr-haerting.at\/apotheke\/wp-json\/wp\/v2\/product"}],"about":[{"href":"https:\/\/www.dr-haerting.at\/apotheke\/wp-json\/wp\/v2\/types\/product"}],"replies":[{"embeddable":true,"href":"https:\/\/www.dr-haerting.at\/apotheke\/wp-json\/wp\/v2\/comments?post=2908"}],"wp:featuredmedia":[{"embeddable":true,"href":"https:\/\/www.dr-haerting.at\/apotheke\/wp-json\/wp\/v2\/media\/1408"}],"wp:attachment":[{"href":"https:\/\/www.dr-haerting.at\/apotheke\/wp-json\/wp\/v2\/media?parent=2908"}],"wp:term":[{"taxonomy":"product_brand","embeddable":true,"href":"https:\/\/www.dr-haerting.at\/apotheke\/wp-json\/wp\/v2\/product_brand?post=2908"},{"taxonomy":"product_cat","embeddable":true,"href":"https:\/\/www.dr-haerting.at\/apotheke\/wp-json\/wp\/v2\/product_cat?post=2908"},{"taxonomy":"product_tag","embeddable":true,"href":"https:\/\/www.dr-haerting.at\/apotheke\/wp-json\/wp\/v2\/product_tag?post=2908"}],"curies":[{"name":"wp","href":"https:\/\/api.w.org\/{rel}","templated":true}]}}