{"id":2911,"date":"2026-02-03T16:04:10","date_gmt":"2026-02-03T16:04:10","guid":{"rendered":"https:\/\/www.dr-haerting.at\/apotheke\/?post_type=product&#038;p=2911"},"modified":"2026-02-26T20:27:24","modified_gmt":"2026-02-26T20:27:24","slug":"clonidine","status":"publish","type":"product","link":"https:\/\/www.dr-haerting.at\/apotheke\/online\/clonidine\/","title":{"rendered":"Clonidine"},"content":{"rendered":"<p>Clonidine ist ein Medikament, das zur Behandlung von Bluthochdruck eingesetzt wird. Es geh\u00f6rt zur Gruppe der Alpha-2-Rezeptor-Agonisten und wirkt, indem es die Aktivit\u00e4t bestimmter Gehirnregionen hemmt, die f\u00fcr die Regulierung des Blutdrucks verantwortlich sind. Das Medikament wird in Tabletten- oder Pflasterform verabreicht.<\/p>\n<p>Clonidine wird auch zur Behandlung von Aufmerksamkeitsdefizit-Hyperaktivit\u00e4tsst\u00f6rung (ADHS), Entzugserscheinungen bei Opiatabh\u00e4ngigkeit und Migr\u00e4ne verwendet. Es ist wichtig, Clonidine genau nach Anweisung des Arztes einzunehmen und die angegebenen Dosierungen nicht zu \u00fcberschreiten.<\/p>\n<h2>Gebote und Verbote<\/h2>\n<ul>\n<li>Keine Einnahme von Clonidine bei einer bekannten \u00dcberempfindlichkeit gegen\u00fcber dem Wirkstoff oder einem der sonstigen Bestandteile des Medikaments.<\/li>\n<li>Personen mit schweren Herz-Kreislauf-Erkrankungen sollten Clonidine nicht einnehmen, es sei denn, es liegt eine \u00e4rztliche Empfehlung vor.<\/li>\n<li>Die gleichzeitige Einnahme von Clonidine und Alkohol ist zu vermeiden, da dies zu einer verst\u00e4rkten Wirkung des Medikaments auf das zentrale Nervensystem f\u00fchren kann.<\/li>\n<li>F\u00fcr Schwangere und stillende Frauen sollte Clonidine nur nach R\u00fccksprache mit einem Arzt in Betracht gezogen werden, da die Sicherheit des Medikaments in diesen Situationen nicht ausreichend untersucht wurde.<\/li>\n<\/ul>\n<h2>Clonidine und Ihre Gesundheit<\/h2>\n<ul>\n<li>H\u00e4ufige Nebenwirkungen von Clonidine sind Schl\u00e4frigkeit, trockener Mund, Verstopfung und M\u00fcdigkeit.<\/li>\n<li>In einigen F\u00e4llen k\u00f6nnen auch Kopfschmerzen, Schwindelgef\u00fchl, \u00dcbelkeit und Hautreaktionen auftreten.<\/li>\n<li>Es besteht ein geringes Risiko, dass Clonidine die Funktion der Leber beeintr\u00e4chtigt. Personen mit Lebererkrankungen sollten dies mit ihrem Arzt besprechen.<\/li>\n<li>Bei pl\u00f6tzlichem Absetzen von Clonidine kann es zu einem Anstieg des Blutdrucks kommen. Daher sollte das Medikament langsam abgesetzt werden, unter \u00e4rztlicher Aufsicht.<\/li>\n<\/ul>\n<h2>Gebrauchsanweisung<\/h2>\n<p>Clonidine sollte genau nach den Anweisungen des Arztes eingenommen werden. Die \u00fcbliche Anfangsdosis betr\u00e4gt 0,1 mg zweimal t\u00e4glich. Diese Dosis kann schrittweise erh\u00f6ht werden, bis der gew\u00fcnschte Blutdruck erreicht ist.<\/p>\n<p>Wenn eine Dosis vergessen wurde, sollte sie eingenommen werden, sobald Sie es bemerken. Wenn es jedoch fast Zeit f\u00fcr die n\u00e4chste geplante Dosis ist, sollte die vergessene Dosis ausgelassen und der normale Einnahmeplan fortgesetzt werden.<\/p>\n<p>Eine \u00dcberdosierung von Clonidine kann zu ausgepr\u00e4gter Schl\u00e4frigkeit, niedrigem Blutdruck, langsamem Herzschlag und Atemproblemen f\u00fchren. Im Falle einer \u00dcberdosierung ist sofort ein Arzt zu benachrichtigen.<\/p>\n<h2>Wechselwirkungen mit anderen Medikamenten<\/h2>\n<p>Clonidine kann mit bestimmten Medikamenten Wechselwirkungen haben, was zu unerw\u00fcnschten Nebenwirkungen oder einer Verringerung der Wirksamkeit f\u00fchren kann. Zu den Medikamenten, die m\u00f6glicherweise mit Clonidine interagieren, geh\u00f6ren Betablocker, Calciumkanalblocker, Diuretika und trizyklische Antidepressiva.<\/p>\n<p>Es ist wichtig, alle eingenommenen Medikamente einschlie\u00dflich rezeptfreier Produkte und Nahrungserg\u00e4nzungsmittel dem Arzt oder Apotheker mitzuteilen, um potenzielle Wechselwirkungen zu vermeiden.<\/p>\n<h2>H\u00e4ufig gestellte Fragen<\/h2>\n<ul>\n<li>\n    <strong>Frage:<\/strong> Kann Clonidine abh\u00e4ngig machen?<br \/>\n    <strong>Antwort:<\/strong> Clonidine hat ein sehr geringes Suchtpotenzial und wird normalerweise nicht als suchterzeugendes Medikament angesehen.\n  <\/li>\n<li>\n    <strong>Frage:<\/strong> Wie oft muss ich Clonidine einnehmen?<br \/>\n    <strong>Antwort:<\/strong> Die Dosierung und H\u00e4ufigkeit der Einnahme variiert je nach Erkrankung und den Anweisungen des Arztes. Befolgen Sie immer die Anweisungen Ihres Arztes und nehmen Sie das Medikament nicht \u00f6fter oder in h\u00f6heren Dosen ein als verordnet.\n  <\/li>\n<li>\n    <strong>Frage:<\/strong> Kann Clonidine den Blutdruck zu stark senken?<br \/>\n    <strong>Antwort:<\/strong> Ja, Clonidine kann den Blutdruck zu stark senken. Dies kann zu Hypotonie f\u00fchren, was Schwindel und Bewusstseinsverlust verursachen kann. Es ist wichtig, die verordnete Dosierung einzuhalten und den Blutdruck regelm\u00e4\u00dfig zu \u00fcberwachen.\n  <\/li>\n<li>\n    <strong>Frage:<\/strong> Gibt es spezielle Ern\u00e4hrungs- oder Alkoholvorschriften w\u00e4hrend der Einnahme von Clonidine?<br \/>\n    <strong>Antwort:<\/strong> Es gibt keine speziellen Ern\u00e4hrungsrichtlinien w\u00e4hrend der Einnahme von Clonidine. Es wird jedoch empfohlen, Alkoholkonsum zu vermeiden, da dies die sedierende Wirkung von Clonidine verst\u00e4rken kann.\n  <\/li>\n<li>\n    <strong>Frage:<\/strong> Kann Clonidine bei Kindern sicher angewendet werden?<br \/>\n    <strong>Antwort:<\/strong> Clonidine kann bei Kindern zur Behandlung von ADHS eingesetzt werden. Die Dosierung und Anwendung bei Kindern sollte jedoch immer von einem Kinderarzt \u00fcberwacht und festgelegt werden.\n  <\/li>\n<\/ul>\n","protected":false},"excerpt":{"rendered":"<p>Clonidine, auch bekannt unter dem Markennamen Catapres, ist ein Medikament, das zur Behandlung verschiedener Zust\u00e4nde eingesetzt wird. Es wird vor allem zur Senkung des Blutdrucks bei Patienten mit Hypertonie eingesetzt. Dar\u00fcber hinaus wird Clonidin auch zur Behandlung von Aufmerksamkeitsdefizit-Hyperaktivit\u00e4tsst\u00f6rung (ADHS) verwendet. Es wirkt, indem es das sympathische Nervensystem d\u00e4mpft und so den Blutdruck senkt. <\/p>\n<h2>Preis von Clonidin<\/h2>\n<p>Eine Packung Clonidine kann zwischen 0.25\u20ac und 0.54\u20ac kosten. Der genaue Preis h\u00e4ngt von der Packungsgr\u00f6\u00dfe und der Wirkstoffdichte ab (60 oder 360 mg).<\/p>\n","protected":false},"featured_media":1411,"comment_status":"open","ping_status":"closed","template":"","meta":{"site-sidebar-layout":"default","site-content-layout":"","ast-site-content-layout":"default","site-content-style":"default","site-sidebar-style":"default","ast-global-header-display":"","ast-banner-title-visibility":"","ast-main-header-display":"","ast-hfb-above-header-display":"","ast-hfb-below-header-display":"","ast-hfb-mobile-header-display":"","site-post-title":"","ast-breadcrumbs-content":"","ast-featured-img":"","footer-sml-layout":"","ast-disable-related-posts":"","theme-transparent-header-meta":"","adv-header-id-meta":"","stick-header-meta":"","header-above-stick-meta":"","header-main-stick-meta":"","header-below-stick-meta":"","astra-migrate-meta-layouts":"default","ast-page-background-enabled":"default","ast-page-background-meta":{"desktop":{"background-color":"var(--ast-global-color-4)","background-image":"","background-repeat":"repeat","background-position":"center center","background-size":"auto","background-attachment":"scroll","background-type":"","background-media":"","overlay-type":"","overlay-color":"","overlay-opacity":"","overlay-gradient":""},"tablet":{"background-color":"","background-image":"","background-repeat":"repeat","background-position":"center center","background-size":"auto","background-attachment":"scroll","background-type":"","background-media":"","overlay-type":"","overlay-color":"","overlay-opacity":"","overlay-gradient":""},"mobile":{"background-color":"","background-image":"","background-repeat":"repeat","background-position":"center center","background-size":"auto","background-attachment":"scroll","background-type":"","background-media":"","overlay-type":"","overlay-color":"","overlay-opacity":"","overlay-gradient":""}},"ast-content-background-meta":{"desktop":{"background-color":"var(--ast-global-color-5)","background-image":"","background-repeat":"repeat","background-position":"center center","background-size":"auto","background-attachment":"scroll","background-type":"","background-media":"","overlay-type":"","overlay-color":"","overlay-opacity":"","overlay-gradient":""},"tablet":{"background-color":"var(--ast-global-color-5)","background-image":"","background-repeat":"repeat","background-position":"center center","background-size":"auto","background-attachment":"scroll","background-type":"","background-media":"","overlay-type":"","overlay-color":"","overlay-opacity":"","overlay-gradient":""},"mobile":{"background-color":"var(--ast-global-color-5)","background-image":"","background-repeat":"repeat","background-position":"center center","background-size":"auto","background-attachment":"scroll","background-type":"","background-media":"","overlay-type":"","overlay-color":"","overlay-opacity":"","overlay-gradient":""}}},"product_brand":[],"product_cat":[30],"product_tag":[],"class_list":{"0":"post-2911","1":"product","2":"type-product","3":"status-publish","4":"has-post-thumbnail","6":"product_cat-blutdruck","7":"desktop-align-left","8":"tablet-align-left","9":"mobile-align-left","11":"first","12":"instock","13":"shipping-taxable","14":"product-type-external"},"aioseo_notices":[],"_links":{"self":[{"href":"https:\/\/www.dr-haerting.at\/apotheke\/wp-json\/wp\/v2\/product\/2911","targetHints":{"allow":["GET"]}}],"collection":[{"href":"https:\/\/www.dr-haerting.at\/apotheke\/wp-json\/wp\/v2\/product"}],"about":[{"href":"https:\/\/www.dr-haerting.at\/apotheke\/wp-json\/wp\/v2\/types\/product"}],"replies":[{"embeddable":true,"href":"https:\/\/www.dr-haerting.at\/apotheke\/wp-json\/wp\/v2\/comments?post=2911"}],"wp:featuredmedia":[{"embeddable":true,"href":"https:\/\/www.dr-haerting.at\/apotheke\/wp-json\/wp\/v2\/media\/1411"}],"wp:attachment":[{"href":"https:\/\/www.dr-haerting.at\/apotheke\/wp-json\/wp\/v2\/media?parent=2911"}],"wp:term":[{"taxonomy":"product_brand","embeddable":true,"href":"https:\/\/www.dr-haerting.at\/apotheke\/wp-json\/wp\/v2\/product_brand?post=2911"},{"taxonomy":"product_cat","embeddable":true,"href":"https:\/\/www.dr-haerting.at\/apotheke\/wp-json\/wp\/v2\/product_cat?post=2911"},{"taxonomy":"product_tag","embeddable":true,"href":"https:\/\/www.dr-haerting.at\/apotheke\/wp-json\/wp\/v2\/product_tag?post=2911"}],"curies":[{"name":"wp","href":"https:\/\/api.w.org\/{rel}","templated":true}]}}