{"id":2913,"date":"2026-02-08T03:14:37","date_gmt":"2026-02-08T03:14:37","guid":{"rendered":"https:\/\/www.dr-haerting.at\/apotheke\/?post_type=product&#038;p=2913"},"modified":"2026-02-26T20:27:17","modified_gmt":"2026-02-26T20:27:17","slug":"norvasc","status":"publish","type":"product","link":"https:\/\/www.dr-haerting.at\/apotheke\/online\/norvasc\/","title":{"rendered":"Norvasc"},"content":{"rendered":"<p>Norvasc ist ein Medikament, das zur Behandlung von Bluthochdruck (Hypertonie) und Angina pectoris (Brustschmerzen) eingesetzt wird. Es geh\u00f6rt zur Klasse der Calciumkanalblocker und wirkt, indem es die Blutgef\u00e4\u00dfe erweitert, um den Blutfluss zu verbessern und den Blutdruck zu senken. Norvasc wird in Form von Tabletten zur oralen Einnahme verabreicht.<\/p>\n<h2>Kontraindikationen<\/h2>\n<p>Norvasc sollte nicht eingenommen werden, wenn eine bekannte \u00dcberempfindlichkeit gegen den Wirkstoff Amlodipin oder andere Bestandteile des Arzneimittels vorliegt. Es ist auch kontraindiziert bei Patienten mit instabiler Angina oder einem kardiogenen Schock. Schwangere und stillende Frauen sollten Norvasc ebenfalls nicht einnehmen.<\/p>\n<h2>Nebenwirkungen und L\u00f6sungen<\/h2>\n<p>Einige h\u00e4ufige Nebenwirkungen von Norvasc k\u00f6nnen Schwindel, M\u00fcdigkeit, Kopfschmerzen, \u00d6deme (Fl\u00fcssigkeitsansammlungen), Herzrasen und Verdauungsst\u00f6rungen umfassen. Diese Nebenwirkungen sind normalerweise mild und vor\u00fcbergehend. Es ist ratsam, Ihren Arzt zu konsultieren, wenn sie anhalten oder stark beeintr\u00e4chtigen.<\/p>\n<h2>Gebrauchsanweisung<\/h2>\n<p>Die \u00fcbliche Empfehlung f\u00fcr Norvasc ist eine t\u00e4gliche Dosis von 5 mg einmal t\u00e4glich. Die Anfangsdosis kann je nach individueller Reaktion des Patienten auf das Medikament angepasst werden. Es ist wichtig, die Tabletten unzerkaut mit einem Glas Wasser einzunehmen. Wenn eine Dosis vergessen wurde, sollte sie so bald wie m\u00f6glich eingenommen werden, es sei denn, es ist fast Zeit f\u00fcr die n\u00e4chste Dosis. In diesem Fall sollte die vergessene Dosis \u00fcbersprungen und die regul\u00e4re Dosierung fortgesetzt werden. Eine \u00dcberdosierung von Norvasc kann zu niedrigem Blutdruck (Hypotonie) f\u00fchren. Bei Verdacht auf \u00dcberdosierung ist eine sofortige \u00e4rztliche Behandlung erforderlich.<\/p>\n<h2>Verst\u00e4ndnis von Arzneimittelwechselwirkungen<\/h2>\n<p>Norvasc kann Wechselwirkungen mit anderen Medikamenten haben. Es ist wichtig, Ihren Arzt oder Apotheker \u00fcber alle eingenommenen Medikamente, auch rezeptfreie oder pflanzliche Produkte, zu informieren. Die gleichzeitige Anwendung von Norvasc mit bestimmten Medikamenten wie CYP3A4-Inhibitoren (z. B. Ketoconazol, Clarithromycin) kann die Wirkung von Norvasc verst\u00e4rken und zu erh\u00f6hten Blutspiegeln des Medikaments f\u00fchren. Es ist wichtig, die potenziellen Wechselwirkungen zu verstehen, um unerw\u00fcnschte Nebenwirkungen zu vermeiden und die bestm\u00f6gliche Behandlung zu gew\u00e4hrleisten.<\/p>\n<h2>Ihre Fragen beantwortet<\/h2>\n<ul>\n<li>\n    <strong>1. Kann Norvasc w\u00e4hrend der Schwangerschaft eingenommen werden?<\/strong> Nein, Norvasc sollte w\u00e4hrend der Schwangerschaft vermieden werden, da es das ungeborene Kind sch\u00e4digen kann.\n  <\/li>\n<li>\n    <strong>2. Kann Norvasc abh\u00e4ngig machen?<\/strong> Nein, Norvasc hat kein Abh\u00e4ngigkeitspotenzial.\n  <\/li>\n<li>\n    <strong>3. Welche Symptome k\u00f6nnen auf eine \u00dcberdosierung von Norvasc hinweisen?<\/strong> Symptome einer \u00dcberdosierung k\u00f6nnen niedriger Blutdruck, Schwindel, Ohnmacht und schneller Herzschlag sein. Bei Verdacht auf \u00dcberdosierung sollte sofort ein Arzt aufgesucht werden.\n  <\/li>\n<li>\n    <strong>4. Wie lange dauert es, bis Norvasc wirkt?<\/strong> Norvasc beginnt innerhalb von Stunden nach der ersten Einnahme zu wirken, erreicht aber erst nach einigen Wochen seine maximale Wirkung.\n  <\/li>\n<li>\n    <strong>5. Kann ich Alkohol trinken, w\u00e4hrend ich Norvasc einnehme?<\/strong> Es wird empfohlen, den Konsum von Alkohol w\u00e4hrend der Einnahme von Norvasc zu vermeiden, da Alkohol die blutdrucksenkende Wirkung verst\u00e4rken kann.\n  <\/li>\n<\/ul>\n","protected":false},"excerpt":{"rendered":"<p>Norvasc ist ein Medikament, das den Wirkstoff Amlodipin enth\u00e4lt. Es wird zur Behandlung von Bluthochdruck (Hypertonie) und Angina pectoris (Herzschmerzen) eingesetzt. Norvasc entspannt die Blutgef\u00e4\u00dfe, wodurch der Blutfluss verbessert und der Blutdruck gesenkt wird. Es ist sowohl unter dem Markennamen Norvasc als auch unter dem generischen Namen Amlodipin erh\u00e4ltlich.<\/p>\n<h2>Preis von Norvasc<\/h2>\n<p>Norvasc kostet zwischen 0.29\u20ac und 1.03\u20ac pro Pillen. Er h\u00e4ngt von der Gr\u00f6\u00dfe der Packung und der Menge des Wirkstoffs ab (30 oder 360 mg).<\/p>\n","protected":false},"featured_media":1413,"comment_status":"open","ping_status":"closed","template":"","meta":{"site-sidebar-layout":"default","site-content-layout":"","ast-site-content-layout":"default","site-content-style":"default","site-sidebar-style":"default","ast-global-header-display":"","ast-banner-title-visibility":"","ast-main-header-display":"","ast-hfb-above-header-display":"","ast-hfb-below-header-display":"","ast-hfb-mobile-header-display":"","site-post-title":"","ast-breadcrumbs-content":"","ast-featured-img":"","footer-sml-layout":"","ast-disable-related-posts":"","theme-transparent-header-meta":"","adv-header-id-meta":"","stick-header-meta":"","header-above-stick-meta":"","header-main-stick-meta":"","header-below-stick-meta":"","astra-migrate-meta-layouts":"default","ast-page-background-enabled":"default","ast-page-background-meta":{"desktop":{"background-color":"var(--ast-global-color-4)","background-image":"","background-repeat":"repeat","background-position":"center center","background-size":"auto","background-attachment":"scroll","background-type":"","background-media":"","overlay-type":"","overlay-color":"","overlay-opacity":"","overlay-gradient":""},"tablet":{"background-color":"","background-image":"","background-repeat":"repeat","background-position":"center center","background-size":"auto","background-attachment":"scroll","background-type":"","background-media":"","overlay-type":"","overlay-color":"","overlay-opacity":"","overlay-gradient":""},"mobile":{"background-color":"","background-image":"","background-repeat":"repeat","background-position":"center center","background-size":"auto","background-attachment":"scroll","background-type":"","background-media":"","overlay-type":"","overlay-color":"","overlay-opacity":"","overlay-gradient":""}},"ast-content-background-meta":{"desktop":{"background-color":"var(--ast-global-color-5)","background-image":"","background-repeat":"repeat","background-position":"center center","background-size":"auto","background-attachment":"scroll","background-type":"","background-media":"","overlay-type":"","overlay-color":"","overlay-opacity":"","overlay-gradient":""},"tablet":{"background-color":"var(--ast-global-color-5)","background-image":"","background-repeat":"repeat","background-position":"center center","background-size":"auto","background-attachment":"scroll","background-type":"","background-media":"","overlay-type":"","overlay-color":"","overlay-opacity":"","overlay-gradient":""},"mobile":{"background-color":"var(--ast-global-color-5)","background-image":"","background-repeat":"repeat","background-position":"center center","background-size":"auto","background-attachment":"scroll","background-type":"","background-media":"","overlay-type":"","overlay-color":"","overlay-opacity":"","overlay-gradient":""}}},"product_brand":[],"product_cat":[30],"product_tag":[],"class_list":{"0":"post-2913","1":"product","2":"type-product","3":"status-publish","4":"has-post-thumbnail","6":"product_cat-blutdruck","7":"desktop-align-left","8":"tablet-align-left","9":"mobile-align-left","11":"first","12":"instock","13":"shipping-taxable","14":"product-type-external"},"aioseo_notices":[],"_links":{"self":[{"href":"https:\/\/www.dr-haerting.at\/apotheke\/wp-json\/wp\/v2\/product\/2913","targetHints":{"allow":["GET"]}}],"collection":[{"href":"https:\/\/www.dr-haerting.at\/apotheke\/wp-json\/wp\/v2\/product"}],"about":[{"href":"https:\/\/www.dr-haerting.at\/apotheke\/wp-json\/wp\/v2\/types\/product"}],"replies":[{"embeddable":true,"href":"https:\/\/www.dr-haerting.at\/apotheke\/wp-json\/wp\/v2\/comments?post=2913"}],"wp:featuredmedia":[{"embeddable":true,"href":"https:\/\/www.dr-haerting.at\/apotheke\/wp-json\/wp\/v2\/media\/1413"}],"wp:attachment":[{"href":"https:\/\/www.dr-haerting.at\/apotheke\/wp-json\/wp\/v2\/media?parent=2913"}],"wp:term":[{"taxonomy":"product_brand","embeddable":true,"href":"https:\/\/www.dr-haerting.at\/apotheke\/wp-json\/wp\/v2\/product_brand?post=2913"},{"taxonomy":"product_cat","embeddable":true,"href":"https:\/\/www.dr-haerting.at\/apotheke\/wp-json\/wp\/v2\/product_cat?post=2913"},{"taxonomy":"product_tag","embeddable":true,"href":"https:\/\/www.dr-haerting.at\/apotheke\/wp-json\/wp\/v2\/product_tag?post=2913"}],"curies":[{"name":"wp","href":"https:\/\/api.w.org\/{rel}","templated":true}]}}