{"id":2914,"date":"2026-02-23T09:06:22","date_gmt":"2026-02-23T09:06:22","guid":{"rendered":"https:\/\/www.dr-haerting.at\/apotheke\/?post_type=product&#038;p=2914"},"modified":"2026-02-26T20:27:23","modified_gmt":"2026-02-26T20:27:23","slug":"furosemide","status":"publish","type":"product","link":"https:\/\/www.dr-haerting.at\/apotheke\/online\/furosemide\/","title":{"rendered":"Furosemide"},"content":{"rendered":"<p>Furosemid ist ein starkes Diuretikum, das zur Behandlung von Fl\u00fcssigkeitsansammlungen und Schwellungen durch verschiedene medizinische Bedingungen eingesetzt wird. Es geh\u00f6rt zur Klasse der Schleifendiuretika und wirkt auf die Nieren, um \u00fcbersch\u00fcssige Fl\u00fcssigkeit und Salz auszuscheiden.<\/p>\n<h2>Vermeidung von Risiken mit Furosemid<\/h2>\n<p>Furosemid sollte nicht eingenommen werden, wenn Sie eine bekannte \u00dcberempfindlichkeit gegen\u00fcber dem Wirkstoff oder anderen Schleifendiuretika haben. Wenn Sie allergisch auf Furosemid reagieren, kann dies Hautausschl\u00e4ge, Juckreiz, Atembeschwerden oder Schwellungen im Gesicht, der Lippe oder der Zunge verursachen. Sie sollten auch auf die Einnahme von Furosemid verzichten, wenn Sie bestimmte Erkrankungen haben, wie z.B. Anurie (fehlende Harnproduktion), Leberkoma oder schwere Elektrolytst\u00f6rungen.<\/p>\n<h2>M\u00f6gliche Nebenwirkungen<\/h2>\n<p>Furosemid kann potenziell einige Nebenwirkungen verursachen. Zu den h\u00e4ufigsten geh\u00f6ren trockener Mund, Durst, Kopfschmerzen, Schwindel, niedriger Blutdruck, Muskelschw\u00e4che und M\u00fcdigkeit. Beobachten Sie jedoch sorgf\u00e4ltig auf schwerwiegende Nebenwirkungen wie allergische Reaktionen, Ohrger\u00e4usche (Tinnitus), Sehst\u00f6rungen, Ver\u00e4nderungen des Blutbildes oder schwerwiegende Hautreaktionen.<\/p>\n<h2>Anleitung f\u00fcr Furosemid<\/h2>\n<p>Folgen Sie den Anweisungen Ihres Arztes oder Apothekers bez\u00fcglich der Dosis und des Zeitpunkts der Einnahme von Furosemid. Es wird normalerweise oral eingenommen und kann entweder mit oder ohne Nahrung eingenommen werden. Es ist wichtig, es regelm\u00e4\u00dfig einzunehmen, um die bestm\u00f6gliche Wirkung zu erzielen. Wenn Sie eine Dosis verpassen, nehmen Sie sie ein, sobald Sie sich daran erinnern. Nehmen Sie jedoch keine doppelte Dosis ein, wenn es bereits Zeit f\u00fcr die n\u00e4chste geplante Dosis ist. Eine \u00dcberdosierung von Furosemid kann zu erh\u00f6htem Urinieren, Austrocknung, Schwindel, Verwirrtheit oder sogar Bewusstlosigkeit f\u00fchren. Bei Verdacht auf \u00dcberdosierung suchen Sie sofort \u00e4rztliche Hilfe auf.<\/p>\n<h2>Verst\u00e4ndnis von Arzneimittelwechselwirkungen<\/h2>\n<p>Furosemid kann mit anderen Medikamenten interagieren und die Wirksamkeit oder Nebenwirkungen beeinflussen. Informieren Sie Ihren Arzt \u00fcber alle Medikamente, die Sie einnehmen, einschlie\u00dflich verschreibungspflichtiger Medikamente, rezeptfreier Medikamente, Nahrungserg\u00e4nzungsmittel und pflanzlicher Produkte. Bestimmte Arzneimittel wie nichtsteroidale Antirheumatika (NSAIDs), Lithium, blutdrucksenkende Medikamente oder Insulin k\u00f6nnen mit Furosemid interagieren und zu unerw\u00fcnschten Wirkungen f\u00fchren. Ihr Arzt wird Ihnen m\u00f6glicherweise empfehlen, bestimmte Arzneimittel zu vermeiden oder die Dosierung anzupassen, um m\u00f6gliche Wechselwirkungen zu minimieren.<\/p>\n<h2>Fragen und Antworten<\/h2>\n<ul>\n<li>\n<p><strong>Frage 1: Kann ich Furosemid einnehmen, wenn ich an einer Nierenerkrankung leide?<\/strong><\/p>\n<p>Antwort: Furosemid kann bei Nierenerkrankungen, einschlie\u00dflich Nierenversagen, eingenommen werden, sollte jedoch unter \u00e4rztlicher Aufsicht erfolgen, um die Nierenfunktion und den Elektrolytspiegel zu \u00fcberwachen.<\/p>\n<\/li>\n<li>\n<p><strong>Frage 2: Kann ich Furosemid w\u00e4hrend der Schwangerschaft einnehmen?<\/strong><\/p>\n<p>Antwort: Furosemid sollte w\u00e4hrend der Schwangerschaft nur verwendet werden, wenn der potenzielle Nutzen das potenzielle Risiko f\u00fcr den F\u00f6tus \u00fcberwiegt. Konsultieren Sie immer Ihren Arzt, bevor Sie w\u00e4hrend der Schwangerschaft Medikamente einnehmen.<\/p>\n<\/li>\n<li>\n<p><strong>Frage 3: Kann ich Alkohol trinken, w\u00e4hrend ich Furosemid einnehme?<\/strong><\/p>\n<p>Antwort: Die Einnahme von Alkohol kann die blutdrucksenkende Wirkung von Furosemid verst\u00e4rken. Es wird empfohlen, Alkoholkonsum w\u00e4hrend der Einnahme von Furosemid zu minimieren oder zu vermeiden.<\/p>\n<\/li>\n<li>\n<p><strong>Frage 4: Kann Furosemid zu einem Kaliummangel f\u00fchren?<\/strong><\/p>\n<p>Antwort: Ja, Furosemid kann zu einem Kaliummangel f\u00fchren. Ihr Arzt kann Ihnen m\u00f6glicherweise empfehlen, kaliumreiche Lebensmittel zu sich zu nehmen oder ein Kaliumerg\u00e4nzungsmittel einzunehmen, um dies auszugleichen.<\/p>\n<\/li>\n<li>\n<p><strong>Frage 5: Ist Furosemid s\u00fcchtig machend?<\/strong><\/p>\n<p>Antwort: Nein, Furosemid f\u00fchrt in der Regel nicht zu Abh\u00e4ngigkeit oder Sucht. Es sollte jedoch gem\u00e4\u00df den Anweisungen Ihres Arztes eingenommen werden.<\/p>\n<\/li>\n<\/ul>\n","protected":false},"excerpt":{"rendered":"<p>Furosemide, auch unter dem Handelsnamen Furosol bekannt, ist ein Arzneimittel zur Behandlung von verschiedenen Erkrankungen. Es wird zur Therapie von Fl\u00fcssigkeitsretention und \u00d6demen aufgrund von Herzinsuffizienz, Leberzirrhose und Nierenerkrankungen eingesetzt. Furosemide ist ein chemischer Wirkstoff, der zur Wirkstoffklasse der Schleifendiuretika geh\u00f6rt. <\/p>\n<h2>Preis von Furosemide<\/h2>\n<p>Furosemide kostet zwischen 0.33\u20ac und 0.73\u20ac pro Pillen. Abh\u00e4ngig von der Gr\u00f6\u00dfe der Packung und der Anzahl der darin enthaltenen Tabletten (60 oder 360 mg).<\/p>\n","protected":false},"featured_media":1414,"comment_status":"open","ping_status":"closed","template":"","meta":{"site-sidebar-layout":"default","site-content-layout":"","ast-site-content-layout":"default","site-content-style":"default","site-sidebar-style":"default","ast-global-header-display":"","ast-banner-title-visibility":"","ast-main-header-display":"","ast-hfb-above-header-display":"","ast-hfb-below-header-display":"","ast-hfb-mobile-header-display":"","site-post-title":"","ast-breadcrumbs-content":"","ast-featured-img":"","footer-sml-layout":"","ast-disable-related-posts":"","theme-transparent-header-meta":"","adv-header-id-meta":"","stick-header-meta":"","header-above-stick-meta":"","header-main-stick-meta":"","header-below-stick-meta":"","astra-migrate-meta-layouts":"default","ast-page-background-enabled":"default","ast-page-background-meta":{"desktop":{"background-color":"var(--ast-global-color-4)","background-image":"","background-repeat":"repeat","background-position":"center center","background-size":"auto","background-attachment":"scroll","background-type":"","background-media":"","overlay-type":"","overlay-color":"","overlay-opacity":"","overlay-gradient":""},"tablet":{"background-color":"","background-image":"","background-repeat":"repeat","background-position":"center center","background-size":"auto","background-attachment":"scroll","background-type":"","background-media":"","overlay-type":"","overlay-color":"","overlay-opacity":"","overlay-gradient":""},"mobile":{"background-color":"","background-image":"","background-repeat":"repeat","background-position":"center center","background-size":"auto","background-attachment":"scroll","background-type":"","background-media":"","overlay-type":"","overlay-color":"","overlay-opacity":"","overlay-gradient":""}},"ast-content-background-meta":{"desktop":{"background-color":"var(--ast-global-color-5)","background-image":"","background-repeat":"repeat","background-position":"center center","background-size":"auto","background-attachment":"scroll","background-type":"","background-media":"","overlay-type":"","overlay-color":"","overlay-opacity":"","overlay-gradient":""},"tablet":{"background-color":"var(--ast-global-color-5)","background-image":"","background-repeat":"repeat","background-position":"center center","background-size":"auto","background-attachment":"scroll","background-type":"","background-media":"","overlay-type":"","overlay-color":"","overlay-opacity":"","overlay-gradient":""},"mobile":{"background-color":"var(--ast-global-color-5)","background-image":"","background-repeat":"repeat","background-position":"center center","background-size":"auto","background-attachment":"scroll","background-type":"","background-media":"","overlay-type":"","overlay-color":"","overlay-opacity":"","overlay-gradient":""}}},"product_brand":[],"product_cat":[30],"product_tag":[],"class_list":{"0":"post-2914","1":"product","2":"type-product","3":"status-publish","4":"has-post-thumbnail","6":"product_cat-blutdruck","7":"desktop-align-left","8":"tablet-align-left","9":"mobile-align-left","11":"first","12":"instock","13":"shipping-taxable","14":"product-type-external"},"aioseo_notices":[],"_links":{"self":[{"href":"https:\/\/www.dr-haerting.at\/apotheke\/wp-json\/wp\/v2\/product\/2914","targetHints":{"allow":["GET"]}}],"collection":[{"href":"https:\/\/www.dr-haerting.at\/apotheke\/wp-json\/wp\/v2\/product"}],"about":[{"href":"https:\/\/www.dr-haerting.at\/apotheke\/wp-json\/wp\/v2\/types\/product"}],"replies":[{"embeddable":true,"href":"https:\/\/www.dr-haerting.at\/apotheke\/wp-json\/wp\/v2\/comments?post=2914"}],"wp:featuredmedia":[{"embeddable":true,"href":"https:\/\/www.dr-haerting.at\/apotheke\/wp-json\/wp\/v2\/media\/1414"}],"wp:attachment":[{"href":"https:\/\/www.dr-haerting.at\/apotheke\/wp-json\/wp\/v2\/media?parent=2914"}],"wp:term":[{"taxonomy":"product_brand","embeddable":true,"href":"https:\/\/www.dr-haerting.at\/apotheke\/wp-json\/wp\/v2\/product_brand?post=2914"},{"taxonomy":"product_cat","embeddable":true,"href":"https:\/\/www.dr-haerting.at\/apotheke\/wp-json\/wp\/v2\/product_cat?post=2914"},{"taxonomy":"product_tag","embeddable":true,"href":"https:\/\/www.dr-haerting.at\/apotheke\/wp-json\/wp\/v2\/product_tag?post=2914"}],"curies":[{"name":"wp","href":"https:\/\/api.w.org\/{rel}","templated":true}]}}