{"id":2997,"date":"2026-02-07T05:59:03","date_gmt":"2026-02-07T05:59:03","guid":{"rendered":"https:\/\/www.dr-haerting.at\/apotheke\/?post_type=product&#038;p=2997"},"modified":"2026-02-26T20:27:11","modified_gmt":"2026-02-26T20:27:11","slug":"mobic","status":"publish","type":"product","link":"https:\/\/www.dr-haerting.at\/apotheke\/online\/mobic\/","title":{"rendered":"Mobic"},"content":{"rendered":"<p>Mobic ist ein nichtsteroidales entz\u00fcndungshemmendes Medikament (NSAID), das zur Behandlung von Schmerzen und Entz\u00fcndungen im Zusammenhang mit Arthritis und anderen Erkrankungen eingesetzt wird. Der Wirkstoff in Mobic ist Meloxicam. Es wirkt, indem es die Produktion von bestimmten nat\u00fcrlichen Substanzen im K\u00f6rper blockiert, die Schmerzen und Entz\u00fcndungen verursachen.<\/p>\n<p>Mobic ist sowohl als verschreibungspflichtige als auch als rezeptfreie Formulierung erh\u00e4ltlich. Es ist in Form von Tabletten, Suspensionen und Injektionen erh\u00e4ltlich.<\/p>\n<p>Die empfohlene Dosierung von Mobic h\u00e4ngt von der Art und Schwere der Erkrankung ab, die behandelt wird. Es sollte nur f\u00fcr kurze Zeit verwendet werden und nicht l\u00e4nger als vom Arzt verschrieben.<\/p>\n<h2>Wichtige Vorsichtsma\u00dfnahmen<\/h2>\n<p>Es gibt einige wichtige Vorsichtsma\u00dfnahmen, die Sie beachten sollten, bevor Sie Mobic einnehmen:<\/p>\n<ul>\n<li>Sie sollten Mobic nicht einnehmen, wenn Sie \u00fcberempfindlich gegen Meloxicam oder andere NSAIDs sind.<\/li>\n<li>Wenn Sie eine Herz-Kreislauf-Erkrankung haben oder bereits einen Herzinfarkt oder Schlaganfall hatten, sollten Sie Ihren Arzt informieren, bevor Sie Mobic einnehmen.<\/li>\n<li>Frauen, die schwanger sind oder stillen, sollten vor der Anwendung von Mobic ihren Arzt konsultieren.<\/li>\n<li>Mobic kann die Nierenfunktion beeintr\u00e4chtigen. Personen mit Nierenproblemen sollten ihren Arzt konsultieren, bevor sie Mobic einnehmen.<\/li>\n<\/ul>\n<h2>M\u00f6gliche Nebenwirkungen<\/h2>\n<p>Wie bei den meisten Medikamenten gibt es auch bei der Einnahme von Mobic m\u00f6gliche Nebenwirkungen. Zu den h\u00e4ufigsten Nebenwirkungen geh\u00f6ren:<\/p>\n<ul>\n<li>Magenschmerzen oder Verdauungsst\u00f6rungen<\/li>\n<li>Kopfschmerzen<\/li>\n<li>Schwindel<\/li>\n<li>\u00dcbelkeit oder Erbrechen<\/li>\n<li>\u00d6deme (Schwellungen)<\/li>\n<li>Hautausschl\u00e4ge oder Juckreiz<\/li>\n<\/ul>\n<p>Wenden Sie sich an Ihren Arzt, wenn Sie schwerwiegende Nebenwirkungen wie Magenblutungen, Leberprobleme oder allergische Reaktionen haben.<\/p>\n<h2>Wie zu verwenden<\/h2>\n<p>Es ist wichtig, Mobic gem\u00e4\u00df den Anweisungen Ihres Arztes einzunehmen. \u00dcberschreiten Sie nicht die empfohlene Dosierung oder nehmen Sie das Medikament l\u00e4nger ein als vorgeschrieben.<\/p>\n<p>Mobic sollte mit einem Glas Wasser eingenommen werden. Es kann mit oder ohne Nahrung eingenommen werden. Wenn Sie eine Dosis verpassen, nehmen Sie sie ein, sobald Sie daran denken. \u00dcberspringen Sie jedoch die vergessene Dosis, wenn es fast Zeit f\u00fcr die n\u00e4chste regul\u00e4re Dosis ist. Nehmen Sie niemals eine doppelte Dosis ein, um eine vergessene Dosis auszugleichen.<\/p>\n<p>Im Falle einer \u00dcberdosierung von Mobic sollten Sie sofort einen Arzt aufsuchen oder die Gift-Helpline anrufen. Symptome einer \u00dcberdosierung k\u00f6nnen \u00dcbelkeit, Erbrechen, Bauchschmerzen, Schwindel und Ohnmacht umfassen.<\/p>\n<h2>Vermischung mit anderen Medikamenten<\/h2>\n<p>Es gibt einige Medikamente, die m\u00f6glicherweise nicht gut mit Mobic interagieren. Informieren Sie daher unbedingt Ihren Arzt \u00fcber alle Medikamente, die Sie einnehmen, einschlie\u00dflich verschreibungspflichtiger, rezeptfreier und pflanzlicher Produkte.<\/p>\n<p>Mobic kann die Wirkung von blutverd\u00fcnnenden Medikamenten wie Warfarin verst\u00e4rken und das Risiko von Blutungen erh\u00f6hen. Es kann auch die Wirkung von Diuretika (harntreibenden Medikamenten) vermindern und die Nierenfunktion beeintr\u00e4chtigen.<\/p>\n<p>Andere NSARs (wie Ibuprofen oder Aspirin) sollten nicht gleichzeitig mit Mobic eingenommen werden, da dies das Risiko von Magenblutungen erh\u00f6hen kann.<\/p>\n<h2>FAQ<\/h2>\n<ul>\n<li>\n<p><strong>Frage:<\/strong> Kann Mobic bei Kindern verwendet werden?<\/p>\n<p><strong>Antwort:<\/strong> Mobic sollte bei Kindern unter 2 Jahren nicht angewendet werden. F\u00fcr \u00e4ltere Kinder ist eine \u00e4rztliche Beratung erforderlich.<\/p>\n<\/li>\n<li>\n<p><strong>Frage:<\/strong> Wie lange dauert es, bis Mobic wirkt?<\/p>\n<p><strong>Antwort:<\/strong> Mobic beginnt in der Regel innerhalb von 30 Minuten bis 1 Stunde nach der Einnahme zu wirken.<\/p>\n<\/li>\n<li>\n<p><strong>Frage:<\/strong> Kann ich Alkohol trinken, w\u00e4hrend ich Mobic einnehme?<\/p>\n<p><strong>Antwort:<\/strong> Es wird empfohlen, Alkohol zu vermeiden, w\u00e4hrend Sie Mobic einnehmen, da dies das Risiko von Magenblutungen erh\u00f6hen kann.<\/p>\n<\/li>\n<li>\n<p><strong>Frage:<\/strong> Kann ich Mobic mit anderen Schmerzmitteln einnehmen?<\/p>\n<p><strong>Antwort:<\/strong> Sie sollten Ihren Arzt konsultieren, bevor Sie Mobic mit anderen Schmerzmitteln einnehmen, um m\u00f6gliche Wechselwirkungen zu vermeiden.<\/p>\n<\/li>\n<li>\n<p><strong>Frage:<\/strong> Kann Mobic s\u00fcchtig machen?<\/p>\n<p><strong>Antwort:<\/strong> Nein, Mobic macht normalerweise nicht s\u00fcchtig. Es kann jedoch zu k\u00f6rperlichen Abh\u00e4ngigkeit f\u00fchren, wenn es \u00fcber einen l\u00e4ngeren Zeitraum eingenommen wird.<\/p>\n<\/li>\n<\/ul>\n","protected":false},"excerpt":{"rendered":"<p>Mobic ist der Markenname des Medikaments Meloxicam. Es handelt sich um ein nichtsteroidales entz\u00fcndungshemmendes Arzneimittel (NSAID), das zur Behandlung von entz\u00fcndlichen Erkrankungen wie rheumatoider Arthritis, Osteoarthritis und Schmerzen nach orthop\u00e4dischen Eingriffen eingesetzt wird. Es wirkt durch die Hemmung der Prostaglandin-Synthese, wodurch Entz\u00fcndungen und Schmerzen vermindert werden. <\/p>\n<h2>Preis von Mobic<\/h2>\n<p>Der Regelsatz f\u00fcr Mobic schwankt zwischen 0.27\u20ac und 0.73\u20ac je Pillen. Er ist abh\u00e4ngig von den Abmessungen der Verpackung und der Intensit\u00e4t der Inhaltsstoffe (60 oder 360 mg).<\/p>\n","protected":false},"featured_media":1554,"comment_status":"open","ping_status":"closed","template":"","meta":{"site-sidebar-layout":"default","site-content-layout":"","ast-site-content-layout":"default","site-content-style":"default","site-sidebar-style":"default","ast-global-header-display":"","ast-banner-title-visibility":"","ast-main-header-display":"","ast-hfb-above-header-display":"","ast-hfb-below-header-display":"","ast-hfb-mobile-header-display":"","site-post-title":"","ast-breadcrumbs-content":"","ast-featured-img":"","footer-sml-layout":"","ast-disable-related-posts":"","theme-transparent-header-meta":"","adv-header-id-meta":"","stick-header-meta":"","header-above-stick-meta":"","header-main-stick-meta":"","header-below-stick-meta":"","astra-migrate-meta-layouts":"default","ast-page-background-enabled":"default","ast-page-background-meta":{"desktop":{"background-color":"var(--ast-global-color-4)","background-image":"","background-repeat":"repeat","background-position":"center center","background-size":"auto","background-attachment":"scroll","background-type":"","background-media":"","overlay-type":"","overlay-color":"","overlay-opacity":"","overlay-gradient":""},"tablet":{"background-color":"","background-image":"","background-repeat":"repeat","background-position":"center center","background-size":"auto","background-attachment":"scroll","background-type":"","background-media":"","overlay-type":"","overlay-color":"","overlay-opacity":"","overlay-gradient":""},"mobile":{"background-color":"","background-image":"","background-repeat":"repeat","background-position":"center center","background-size":"auto","background-attachment":"scroll","background-type":"","background-media":"","overlay-type":"","overlay-color":"","overlay-opacity":"","overlay-gradient":""}},"ast-content-background-meta":{"desktop":{"background-color":"var(--ast-global-color-5)","background-image":"","background-repeat":"repeat","background-position":"center center","background-size":"auto","background-attachment":"scroll","background-type":"","background-media":"","overlay-type":"","overlay-color":"","overlay-opacity":"","overlay-gradient":""},"tablet":{"background-color":"var(--ast-global-color-5)","background-image":"","background-repeat":"repeat","background-position":"center center","background-size":"auto","background-attachment":"scroll","background-type":"","background-media":"","overlay-type":"","overlay-color":"","overlay-opacity":"","overlay-gradient":""},"mobile":{"background-color":"var(--ast-global-color-5)","background-image":"","background-repeat":"repeat","background-position":"center center","background-size":"auto","background-attachment":"scroll","background-type":"","background-media":"","overlay-type":"","overlay-color":"","overlay-opacity":"","overlay-gradient":""}}},"product_brand":[],"product_cat":[21],"product_tag":[],"class_list":{"0":"post-2997","1":"product","2":"type-product","3":"status-publish","4":"has-post-thumbnail","6":"product_cat-schmerzerleichterung","7":"desktop-align-left","8":"tablet-align-left","9":"mobile-align-left","11":"first","12":"instock","13":"shipping-taxable","14":"product-type-external"},"aioseo_notices":[],"_links":{"self":[{"href":"https:\/\/www.dr-haerting.at\/apotheke\/wp-json\/wp\/v2\/product\/2997","targetHints":{"allow":["GET"]}}],"collection":[{"href":"https:\/\/www.dr-haerting.at\/apotheke\/wp-json\/wp\/v2\/product"}],"about":[{"href":"https:\/\/www.dr-haerting.at\/apotheke\/wp-json\/wp\/v2\/types\/product"}],"replies":[{"embeddable":true,"href":"https:\/\/www.dr-haerting.at\/apotheke\/wp-json\/wp\/v2\/comments?post=2997"}],"wp:featuredmedia":[{"embeddable":true,"href":"https:\/\/www.dr-haerting.at\/apotheke\/wp-json\/wp\/v2\/media\/1554"}],"wp:attachment":[{"href":"https:\/\/www.dr-haerting.at\/apotheke\/wp-json\/wp\/v2\/media?parent=2997"}],"wp:term":[{"taxonomy":"product_brand","embeddable":true,"href":"https:\/\/www.dr-haerting.at\/apotheke\/wp-json\/wp\/v2\/product_brand?post=2997"},{"taxonomy":"product_cat","embeddable":true,"href":"https:\/\/www.dr-haerting.at\/apotheke\/wp-json\/wp\/v2\/product_cat?post=2997"},{"taxonomy":"product_tag","embeddable":true,"href":"https:\/\/www.dr-haerting.at\/apotheke\/wp-json\/wp\/v2\/product_tag?post=2997"}],"curies":[{"name":"wp","href":"https:\/\/api.w.org\/{rel}","templated":true}]}}