{"id":3003,"date":"2026-02-10T06:35:55","date_gmt":"2026-02-10T06:35:55","guid":{"rendered":"https:\/\/www.dr-haerting.at\/apotheke\/?post_type=product&#038;p=3003"},"modified":"2026-02-26T20:27:15","modified_gmt":"2026-02-26T20:27:15","slug":"aciclovir","status":"publish","type":"product","link":"https:\/\/www.dr-haerting.at\/apotheke\/online\/aciclovir\/","title":{"rendered":"Aciclovir"},"content":{"rendered":"<p>Aciclovir ist ein antiviraler Wirkstoff, der zur Behandlung von Infektionen durch Herpesviren eingesetzt wird. Es wirkt, indem es die Vermehrung der Viren im K\u00f6rper hemmt und deren Ausbreitung stoppt. Aciclovir wird haupts\u00e4chlich zur Behandlung von Herpes-simplex-Virusinfektionen (wie z.B. Lippenherpes und Genitalherpes) sowie von G\u00fcrtelrose eingesetzt. Es kann auch zur Vorbeugung von wiederkehrenden Herpes-Infektionen bei bestimmten Patientengruppen angewendet werden.<\/p>\n<h2>Gesundheitsrisiken<\/h2>\n<ul>\n<li>Nicht einnehmen, wenn eine \u00dcberempfindlichkeit gegen Aciclovir oder andere antivirale Medikamente besteht.<\/li>\n<li>Bei Patienten mit Nierenproblemen, insbesondere bei schwerer Niereninsuffizienz, sollte Aciclovir mit Vorsicht angewendet werden.<\/li>\n<li>Aciclovir sollte bei Patienten mit Lebererkrankungen, neurologischen St\u00f6rungen oder anderen schweren Erkrankungen mit Vorsicht angewendet werden.<\/li>\n<li>Frauen, die schwanger sind oder stillen, sollten vor der Einnahme von Aciclovir ihren Arzt konsultieren.<\/li>\n<\/ul>\n<h2>Aciclovir und Ihre Gesundheit<\/h2>\n<p>Aciclovir kann verschiedene Nebenwirkungen verursachen, die jedoch nicht bei jedem auftreten m\u00fcssen. Zu den h\u00e4ufigsten Nebenwirkungen geh\u00f6ren \u00dcbelkeit, Erbrechen, Durchfall, Kopfschmerzen und Schwindel. Es k\u00f6nnen auch allergische Reaktionen wie Hautausschlag oder Juckreiz auftreten. Sollten diese Symptome auftreten oder sich verschlimmern, sollten Sie Ihren Arzt informieren.<\/p>\n<h2>Gebrauchsanweisung<\/h2>\n<p>Aciclovir sollte gem\u00e4\u00df den Anweisungen Ihres Arztes eingenommen werden. Es wird in Form von Tabletten oder Salben verabreicht. Die Dosierung h\u00e4ngt von der Art der Infektion und der Schwere der Erkrankung ab. Es ist wichtig, die Behandlungsdauer nicht zu unterbrechen oder die Dosierung zu \u00e4ndern, es sei denn, Ihr Arzt empfiehlt dies.<\/p>\n<p>Wenn Sie eine Dosis von Aciclovir vergessen haben, nehmen Sie diese so schnell wie m\u00f6glich ein, es sei denn, es ist fast Zeit f\u00fcr die n\u00e4chste Dosis. In diesem Fall \u00fcberspringen Sie die vergessene Dosis und setzen Sie die Einnahme wie gewohnt fort. Verdoppeln Sie nicht die Dosis, um eine vergessene Dosis auszugleichen.<\/p>\n<p>Bei einer \u00dcberdosierung von Aciclovir suchen Sie sofort medizinische Hilfe auf. Symptome einer \u00dcberdosierung k\u00f6nnen \u00dcbelkeit, Erbrechen, Verwirrtheit, Krampfanf\u00e4lle und Nierenprobleme umfassen.<\/p>\n<h2>Auf was Sie achten sollten<\/h2>\n<p>Es gibt einige Arzneimittel, die eine Wechselwirkung mit Aciclovir haben k\u00f6nnen. Informieren Sie Ihren Arzt \u00fcber alle Medikamente, die Sie einnehmen, insbesondere \u00fcber andere antivirale Medikamente oder Medikamente zur Behandlung von Nierenproblemen. Es kann auch Wechselwirkungen mit Medikamenten geben, die das Immunsystem beeinflussen. Ihr Arzt wird die potenziellen Risiken und Vorteile der Einnahme von Aciclovir zusammen mit anderen Medikamenten sorgf\u00e4ltig abw\u00e4gen.<\/p>\n<h2>Aciclovir: Anfragen und Antworten<\/h2>\n<ul>\n<li><strong>Frage:<\/strong> Wie lange dauert es normalerweise, bis Aciclovir zu wirken beginnt?<\/li>\n<li><strong>Antwort:<\/strong> Die Wirkung von Aciclovir kann je nach Art und Schwere der Infektion variieren. Bei Herpes-simplex-Virusinfektionen kann es innerhalb von 24-48 Stunden nach Beginn der Behandlung zu einer Linderung der Symptome kommen. Bei G\u00fcrtelrose kann es etwas l\u00e4nger dauern.<\/li>\n<li><strong>Frage:<\/strong> Welche Vorsichtsma\u00dfnahmen sollte ich w\u00e4hrend der Einnahme von Aciclovir treffen?<\/li>\n<li><strong>Antwort:<\/strong> W\u00e4hrend der Einnahme von Aciclovir ist es wichtig, ausreichend Fl\u00fcssigkeit zu sich zu nehmen, um die Nierenfunktion zu unterst\u00fctzen. Vermeiden Sie engen Kontakt mit Personen, die ansteckende Krankheiten haben, um das Risiko einer Infektion zu verringern.<\/li>\n<li><strong>Frage:<\/strong> Kann Aciclovir bei Kindern angewendet werden?<\/li>\n<li><strong>Antwort:<\/strong> Ja, Aciclovir kann bei Kindern angewendet werden, jedoch in einer entsprechenden Dosierung und unter Aufsicht eines Arztes.<\/li>\n<li><strong>Frage:<\/strong> Kann Aciclovir das Risiko von HIV-\u00dcbertragung verringern?<\/li>\n<li><strong>Antwort:<\/strong> Nein, Aciclovir kann das Risiko einer HIV-\u00dcbertragung nicht reduzieren. Es ist wichtig, weiterhin sichere Sexualpraktiken anzuwenden, um das Risiko von HIV-Infektionen zu minimieren.<\/li>\n<li><strong>Frage:<\/strong> Kann Aciclovir vorbeugend eingenommen werden?<\/li>\n<li><strong>Antwort:<\/strong> Ja, Aciclovir kann zur Vorbeugung von wiederkehrenden Herpes-Infektionen bei bestimmten Patientengruppen angewendet werden. Fragen Sie Ihren Arzt nach den richtigen Dosierungs- und Anwendungsempfehlungen.<\/li>\n<\/ul>\n","protected":false},"excerpt":{"rendered":"<p>Aciclovir, auch bekannt als Aciklovir, ist ein antivirales Medikament zur Behandlung von Infektionen, die durch das Herpes-simplex-Virus und das Varizella-Zoster-Virus verursacht werden. Es wird unter verschiedenen Handelsnamen, wie zum Beispiel Zovirax oder Acivir, vertrieben. Aciclovir wirkt durch Hemmung der viralen DNA-Synthese und verhindert so die Vermehrung der Viren. Es wird zur Behandlung von Lippenherpes, Genitalherpes, G\u00fcrtelrose und Windpocken eingesetzt. <\/p>\n<h2>Preis von Aciclovir<\/h2>\n<p>Die Preisspanne f\u00fcr Aciclovir liegt bei etwa 0.4\u20ac &#8211; 1.79\u20ac pro Pillen. Die genauen Kosten werden durch die Gr\u00f6\u00dfe und Art der Verpackung sowie die Menge der Wirkstoffe (30 oder 360 mg) beeinflusst.<\/p>\n","protected":false},"featured_media":1590,"comment_status":"open","ping_status":"closed","template":"","meta":{"site-sidebar-layout":"default","site-content-layout":"","ast-site-content-layout":"default","site-content-style":"default","site-sidebar-style":"default","ast-global-header-display":"","ast-banner-title-visibility":"","ast-main-header-display":"","ast-hfb-above-header-display":"","ast-hfb-below-header-display":"","ast-hfb-mobile-header-display":"","site-post-title":"","ast-breadcrumbs-content":"","ast-featured-img":"","footer-sml-layout":"","ast-disable-related-posts":"","theme-transparent-header-meta":"","adv-header-id-meta":"","stick-header-meta":"","header-above-stick-meta":"","header-main-stick-meta":"","header-below-stick-meta":"","astra-migrate-meta-layouts":"default","ast-page-background-enabled":"default","ast-page-background-meta":{"desktop":{"background-color":"var(--ast-global-color-4)","background-image":"","background-repeat":"repeat","background-position":"center center","background-size":"auto","background-attachment":"scroll","background-type":"","background-media":"","overlay-type":"","overlay-color":"","overlay-opacity":"","overlay-gradient":""},"tablet":{"background-color":"","background-image":"","background-repeat":"repeat","background-position":"center center","background-size":"auto","background-attachment":"scroll","background-type":"","background-media":"","overlay-type":"","overlay-color":"","overlay-opacity":"","overlay-gradient":""},"mobile":{"background-color":"","background-image":"","background-repeat":"repeat","background-position":"center center","background-size":"auto","background-attachment":"scroll","background-type":"","background-media":"","overlay-type":"","overlay-color":"","overlay-opacity":"","overlay-gradient":""}},"ast-content-background-meta":{"desktop":{"background-color":"var(--ast-global-color-5)","background-image":"","background-repeat":"repeat","background-position":"center center","background-size":"auto","background-attachment":"scroll","background-type":"","background-media":"","overlay-type":"","overlay-color":"","overlay-opacity":"","overlay-gradient":""},"tablet":{"background-color":"var(--ast-global-color-5)","background-image":"","background-repeat":"repeat","background-position":"center center","background-size":"auto","background-attachment":"scroll","background-type":"","background-media":"","overlay-type":"","overlay-color":"","overlay-opacity":"","overlay-gradient":""},"mobile":{"background-color":"var(--ast-global-color-5)","background-image":"","background-repeat":"repeat","background-position":"center center","background-size":"auto","background-attachment":"scroll","background-type":"","background-media":"","overlay-type":"","overlay-color":"","overlay-opacity":"","overlay-gradient":""}}},"product_brand":[],"product_cat":[36],"product_tag":[],"class_list":{"0":"post-3003","1":"product","2":"type-product","3":"status-publish","4":"has-post-thumbnail","6":"product_cat-virostatika","7":"desktop-align-left","8":"tablet-align-left","9":"mobile-align-left","11":"first","12":"instock","13":"shipping-taxable","14":"product-type-external"},"aioseo_notices":[],"_links":{"self":[{"href":"https:\/\/www.dr-haerting.at\/apotheke\/wp-json\/wp\/v2\/product\/3003","targetHints":{"allow":["GET"]}}],"collection":[{"href":"https:\/\/www.dr-haerting.at\/apotheke\/wp-json\/wp\/v2\/product"}],"about":[{"href":"https:\/\/www.dr-haerting.at\/apotheke\/wp-json\/wp\/v2\/types\/product"}],"replies":[{"embeddable":true,"href":"https:\/\/www.dr-haerting.at\/apotheke\/wp-json\/wp\/v2\/comments?post=3003"}],"wp:featuredmedia":[{"embeddable":true,"href":"https:\/\/www.dr-haerting.at\/apotheke\/wp-json\/wp\/v2\/media\/1590"}],"wp:attachment":[{"href":"https:\/\/www.dr-haerting.at\/apotheke\/wp-json\/wp\/v2\/media?parent=3003"}],"wp:term":[{"taxonomy":"product_brand","embeddable":true,"href":"https:\/\/www.dr-haerting.at\/apotheke\/wp-json\/wp\/v2\/product_brand?post=3003"},{"taxonomy":"product_cat","embeddable":true,"href":"https:\/\/www.dr-haerting.at\/apotheke\/wp-json\/wp\/v2\/product_cat?post=3003"},{"taxonomy":"product_tag","embeddable":true,"href":"https:\/\/www.dr-haerting.at\/apotheke\/wp-json\/wp\/v2\/product_tag?post=3003"}],"curies":[{"name":"wp","href":"https:\/\/api.w.org\/{rel}","templated":true}]}}