{"id":3004,"date":"2026-02-23T22:46:05","date_gmt":"2026-02-23T22:46:05","guid":{"rendered":"https:\/\/www.dr-haerting.at\/apotheke\/?post_type=product&#038;p=3004"},"modified":"2026-02-26T20:27:24","modified_gmt":"2026-02-26T20:27:24","slug":"gyne-lotrimin","status":"publish","type":"product","link":"https:\/\/www.dr-haerting.at\/apotheke\/online\/gyne-lotrimin\/","title":{"rendered":"Gyne-lotrimin"},"content":{"rendered":"<p>Gyne-lotrimin ist ein rezeptfreies Medikament zur Behandlung von Pilzinfektionen im Genitalbereich bei Frauen. Es enth\u00e4lt den Wirkstoff Clotrimazol, der eine fungizide Wirkung gegen verschiedene Pilze hat. Es wird zur Behandlung von Infektionen wie Scheidenpilz (Vaginalmykose) eingesetzt. Gyne-lotrimin wird als Creme oder Vaginalz\u00e4pfchen angewendet und wirkt direkt auf den betroffenen Bereich, um den Pilz abzut\u00f6ten und die Symptome zu lindern.<\/p>\n<h2>Beschr\u00e4nkungen<\/h2>\n<ul>\n<li>Gyne-lotrimin sollte nicht angewendet werden, wenn Sie \u00fcberempfindlich oder allergisch gegen Clotrimazol oder andere Inhaltsstoffe des Medikaments sind.<\/li>\n<li>Verwenden Sie Gyne-lotrimin nicht, wenn Sie schwanger sind oder stillen, es sei denn, es wurde Ihnen ausdr\u00fccklich von Ihrem Arzt verschrieben.<\/li>\n<li>Vermeiden Sie den Kontakt mit den Augen. Wenn das Medikament in die Augen gelangt, sp\u00fclen Sie sie sofort mit klarem Wasser aus.<\/li>\n<\/ul>\n<h2>M\u00f6gliche Nebenwirkungen<\/h2>\n<ul>\n<li>H\u00e4ufige Nebenwirkungen von Gyne-lotrimin k\u00f6nnen leichte Reizungen, Brennen oder Juckreiz an der Anwendungsstelle sein. Diese Symptome sollten normalerweise von selbst abklingen.<\/li>\n<li>Seltene Nebenwirkungen k\u00f6nnen allergische Reaktionen wie Hautausschlag, Schwellungen oder Atembeschwerden sein. Wenn Sie solche Symptome bemerken, brechen Sie die Anwendung ab und suchen Sie sofort einen Arzt auf.<\/li>\n<\/ul>\n<h2>Verabreichung<\/h2>\n<p>Gyne-lotrimin sollte genau nach den Anweisungen des Arztes oder den Anweisungen auf der Packungsbeilage angewendet werden.<\/p>\n<ul>\n<li>Waschen Sie Ihre H\u00e4nde gr\u00fcndlich vor und nach der Anwendung des Medikaments.<\/li>\n<li>Tragen Sie die Creme oder das Vaginalz\u00e4pfchen mit sauberen H\u00e4nden oder einem Applikator in die Vagina auf.<\/li>\n<li>F\u00fcr eine optimale Wirkung sollte Gyne-lotrimin regelm\u00e4\u00dfig und f\u00fcr den gesamten vorgeschriebenen Behandlungszeitraum angewendet werden.<\/li>\n<li>Wenn Sie eine Dosis verpassen, wenden Sie das Medikament so schnell wie m\u00f6glich an. Setzen Sie die Anwendung normal fort und nehmen Sie nicht die doppelte Menge ein, um eine vergessene Dosis auszugleichen.<\/li>\n<li>Bei Verdacht auf eine \u00dcberdosierung oder versehentliche Einnahme des Medikaments sollten Sie sofort \u00e4rztlichen Rat einholen.<\/li>\n<\/ul>\n<h2>Medikamenten-Kombinationen<\/h2>\n<p>Es liegen keine bekannten Wechselwirkungen zwischen Gyne-lotrimin und anderen Medikamenten vor. Es wird empfohlen, jedoch andere topische Medikamente oder Vaginalprodukte w\u00e4hrend der Anwendung von Gyne-lotrimin zu vermeiden, da dies die Wirksamkeit des Medikaments beeintr\u00e4chtigen kann.<\/p>\n<h2>Fragen und Antworten<\/h2>\n<ul>\n<li><strong>Frage 1:<\/strong> Kann Gyne-lotrimin w\u00e4hrend der Schwangerschaft verwendet werden?<\/li>\n<li><strong>Antwort:<\/strong> Nein, Gyne-lotrimin sollte w\u00e4hrend der Schwangerschaft vermieden werden, es sei denn, es wird Ihnen ausdr\u00fccklich von Ihrem Arzt verschrieben.<\/li>\n<li><strong>Frage 2:<\/strong> Wie lange dauert die Behandlung mit Gyne-lotrimin?<\/li>\n<li><strong>Antwort:<\/strong> Die empfohlene Behandlungsdauer variiert normalerweise zwischen 3 und 7 Tagen. Befolgen Sie die Anweisungen Ihres Arztes oder die Angaben auf der Packungsbeilage.<\/li>\n<li><strong>Frage 3:<\/strong> Kann Gyne-lotrimin Juckreiz und Reizungen nach der Anwendung verursachen?<\/li>\n<li><strong>Antwort:<\/strong> Ja, leichte Reizungen und Juckreiz k\u00f6nnen nach der Anwendung von Gyne-lotrimin auftreten. Diese Symptome sollten jedoch normalerweise von selbst abklingen.<\/li>\n<li><strong>Frage 4:<\/strong> Wann sollte ich einen Arzt aufsuchen, wenn ich Nebenwirkungen von Gyne-lotrimin bemerke?<\/li>\n<li><strong>Antwort:<\/strong> Wenn Sie schwere allergische Reaktionen wie Hautausschlag, Schwellungen oder Atembeschwerden bemerken, sollten Sie die Anwendung von Gyne-lotrimin abbrechen und sofort \u00e4rztliche Hilfe suchen.<\/li>\n<li><strong>Frage 5:<\/strong> Kann Gyne-lotrimin w\u00e4hrend der Menstruation angewendet werden?<\/li>\n<li><strong>Antwort:<\/strong> Ja, Gyne-lotrimin kann w\u00e4hrend der Menstruation angewendet werden, sollte jedoch nicht w\u00e4hrend der Blutung eingesetzt werden. Wenden Sie sich bei Fragen an Ihren Arzt.<\/li>\n<\/ul>\n","protected":false},"excerpt":{"rendered":"<p>Gyne-lotrimin ist ein Medikament zur Behandlung von Pilzinfektionen im Genitalbereich bei Frauen. Der Wirkstoff dieses Arzneimittels, Clotrimazol, hemmt das Wachstum und die Vermehrung von Pilzen. Gyne-lotrimin lindert Symptome wie Juckreiz, Brennen und Ausfluss, die mit Pilzinfektionen wie Vaginalpilz in Verbindung gebracht werden. Es ist sowohl als rezeptfreies Medikament als auch auf \u00e4rztliche Verschreibung erh\u00e4ltlich.<\/p>\n<h2>Preis von Gyne-lotrimin<\/h2>\n<p>Das Gyne-lotrimin Preisspektrum reicht von 7.46\u20ac bis 12.44\u20ac f\u00fcr jeden Tubes. Die wichtigsten Einflussfaktoren sind die Packungsgr\u00f6\u00dfe und der Wirkstoffgehalt (3 bzw. 24 mg).    <\/p>\n","protected":false},"featured_media":1592,"comment_status":"open","ping_status":"closed","template":"","meta":{"site-sidebar-layout":"default","site-content-layout":"","ast-site-content-layout":"default","site-content-style":"default","site-sidebar-style":"default","ast-global-header-display":"","ast-banner-title-visibility":"","ast-main-header-display":"","ast-hfb-above-header-display":"","ast-hfb-below-header-display":"","ast-hfb-mobile-header-display":"","site-post-title":"","ast-breadcrumbs-content":"","ast-featured-img":"","footer-sml-layout":"","ast-disable-related-posts":"","theme-transparent-header-meta":"","adv-header-id-meta":"","stick-header-meta":"","header-above-stick-meta":"","header-main-stick-meta":"","header-below-stick-meta":"","astra-migrate-meta-layouts":"default","ast-page-background-enabled":"default","ast-page-background-meta":{"desktop":{"background-color":"var(--ast-global-color-4)","background-image":"","background-repeat":"repeat","background-position":"center center","background-size":"auto","background-attachment":"scroll","background-type":"","background-media":"","overlay-type":"","overlay-color":"","overlay-opacity":"","overlay-gradient":""},"tablet":{"background-color":"","background-image":"","background-repeat":"repeat","background-position":"center center","background-size":"auto","background-attachment":"scroll","background-type":"","background-media":"","overlay-type":"","overlay-color":"","overlay-opacity":"","overlay-gradient":""},"mobile":{"background-color":"","background-image":"","background-repeat":"repeat","background-position":"center center","background-size":"auto","background-attachment":"scroll","background-type":"","background-media":"","overlay-type":"","overlay-color":"","overlay-opacity":"","overlay-gradient":""}},"ast-content-background-meta":{"desktop":{"background-color":"var(--ast-global-color-5)","background-image":"","background-repeat":"repeat","background-position":"center center","background-size":"auto","background-attachment":"scroll","background-type":"","background-media":"","overlay-type":"","overlay-color":"","overlay-opacity":"","overlay-gradient":""},"tablet":{"background-color":"var(--ast-global-color-5)","background-image":"","background-repeat":"repeat","background-position":"center center","background-size":"auto","background-attachment":"scroll","background-type":"","background-media":"","overlay-type":"","overlay-color":"","overlay-opacity":"","overlay-gradient":""},"mobile":{"background-color":"var(--ast-global-color-5)","background-image":"","background-repeat":"repeat","background-position":"center center","background-size":"auto","background-attachment":"scroll","background-type":"","background-media":"","overlay-type":"","overlay-color":"","overlay-opacity":"","overlay-gradient":""}}},"product_brand":[],"product_cat":[37],"product_tag":[],"class_list":{"0":"post-3004","1":"product","2":"type-product","3":"status-publish","4":"has-post-thumbnail","6":"product_cat-antifungos","7":"desktop-align-left","8":"tablet-align-left","9":"mobile-align-left","11":"first","12":"instock","13":"shipping-taxable","14":"product-type-external"},"aioseo_notices":[],"_links":{"self":[{"href":"https:\/\/www.dr-haerting.at\/apotheke\/wp-json\/wp\/v2\/product\/3004","targetHints":{"allow":["GET"]}}],"collection":[{"href":"https:\/\/www.dr-haerting.at\/apotheke\/wp-json\/wp\/v2\/product"}],"about":[{"href":"https:\/\/www.dr-haerting.at\/apotheke\/wp-json\/wp\/v2\/types\/product"}],"replies":[{"embeddable":true,"href":"https:\/\/www.dr-haerting.at\/apotheke\/wp-json\/wp\/v2\/comments?post=3004"}],"wp:featuredmedia":[{"embeddable":true,"href":"https:\/\/www.dr-haerting.at\/apotheke\/wp-json\/wp\/v2\/media\/1592"}],"wp:attachment":[{"href":"https:\/\/www.dr-haerting.at\/apotheke\/wp-json\/wp\/v2\/media?parent=3004"}],"wp:term":[{"taxonomy":"product_brand","embeddable":true,"href":"https:\/\/www.dr-haerting.at\/apotheke\/wp-json\/wp\/v2\/product_brand?post=3004"},{"taxonomy":"product_cat","embeddable":true,"href":"https:\/\/www.dr-haerting.at\/apotheke\/wp-json\/wp\/v2\/product_cat?post=3004"},{"taxonomy":"product_tag","embeddable":true,"href":"https:\/\/www.dr-haerting.at\/apotheke\/wp-json\/wp\/v2\/product_tag?post=3004"}],"curies":[{"name":"wp","href":"https:\/\/api.w.org\/{rel}","templated":true}]}}