{"id":3007,"date":"2026-02-15T21:54:11","date_gmt":"2026-02-15T21:54:11","guid":{"rendered":"https:\/\/www.dr-haerting.at\/apotheke\/?post_type=product&#038;p=3007"},"modified":"2026-02-26T20:27:08","modified_gmt":"2026-02-26T20:27:08","slug":"nizoral","status":"publish","type":"product","link":"https:\/\/www.dr-haerting.at\/apotheke\/online\/nizoral\/","title":{"rendered":"Nizoral"},"content":{"rendered":"<p>\nNizoral ist ein antifungales Medikament, das zur Behandlung von Pilzinfektionen verwendet wird. Der Hauptwirkstoff in Nizoral ist Ketoconazol, ein Antimykotikum, das gegen verschiedenste Pilzarten wirksam ist. Nizoral wird topisch als Shampoo oder Creme zur Behandlung von Pilzinfektionen der Haut und der Kopfhaut angewendet. Es ist auch als orale Tablette erh\u00e4ltlich, um systemische Pilzinfektionen zu bek\u00e4mpfen.\n<\/p>\n<h2>Beschr\u00e4nkungen<\/h2>\n<p>\nNizoral sollte nicht angewendet werden, wenn Sie \u00fcberempfindlich oder allergisch gegen Ketoconazol oder andere Inhaltsstoffe des Medikaments sind. Es wird auch nicht empfohlen, Nizoral einzunehmen, wenn Sie Leberprobleme haben. Schwangere und stillende Frauen sollten vor der Anwendung von Nizoral ihren Arzt konsultieren.\n<\/p>\n<h2>Unerw\u00fcnschte Wirkungen<\/h2>\n<p>\nBei der Anwendung von Nizoral k\u00f6nnen einige Nebenwirkungen auftreten. H\u00e4ufige Nebenwirkungen sind Hautreizungen, Juckreiz und R\u00f6tung an der Anwendungsstelle. Seltener k\u00f6nnen \u00dcbelkeit, Erbrechen, Bauchschmerzen und Ver\u00e4nderungen der Leberfunktion auftreten. Wenn Sie schwere Nebenwirkungen oder allergische Reaktionen wie Hautausschlag, Schwellungen oder Atembeschwerden bemerken, sollten Sie sofort einen Arzt aufsuchen.\n<\/p>\n<h2>Nizoral Dosierung<\/h2>\n<p>\nDie Dosierung von Nizoral kann je nach Art der Infektion und der Form des Medikaments variieren. Bei der Verwendung des topischen Shampoos oder der Creme sollten Sie diese gem\u00e4\u00df den Anweisungen des Arztes oder der Packungsbeilage auf die betroffene Haut oder Kopfhaut auftragen und gr\u00fcndlich einmassieren. F\u00fcr systemische Infektionen kann die Dosierung von Nizoral-Tabletten ebenfalls je nach Schweregrad und individuellen Umst\u00e4nden variieren. Es ist wichtig, Nizoral regelm\u00e4\u00dfig und f\u00fcr den vorgeschriebenen Zeitraum einzunehmen, auch wenn die Symptome abklingen. Wenn Sie eine Dosis verpassen, nehmen Sie sie so bald wie m\u00f6glich ein, es sei denn, es ist fast Zeit f\u00fcr die n\u00e4chste Dosis. Nehmen Sie niemals eine doppelte Dosis ein, um eine verpasste Dosis auszugleichen. Eine \u00dcberdosierung von Nizoral kann zu schwerwiegenden Nebenwirkungen f\u00fchren. Wenn Sie eine \u00dcberdosierung vermuten, suchen Sie sofort medizinische Hilfe auf.\n<\/p>\n<h2>Nizoral Vertr\u00e4glichkeit<\/h2>\n<p>\nBei der Einnahme von Nizoral kann es zu Wechselwirkungen mit anderen Medikamenten kommen. Informieren Sie Ihren Arzt \u00fcber alle Medikamente, die Sie einnehmen, insbesondere \u00fcber andere Antimykotika, Antikoagulanzien, Antikonvulsiva oder Statine. Diese Medikamente k\u00f6nnen die Wirkung von Nizoral verst\u00e4rken oder abschw\u00e4chen. Es ist auch wichtig, Ihren Arzt \u00fcber alle rezeptfreien Medikamente, Nahrungserg\u00e4nzungsmittel und pflanzlichen Produkte zu informieren, die Sie einnehmen, da sie ebenfalls Wechselwirkungen mit Nizoral haben k\u00f6nnen.\n<\/p>\n<h2>Fragen und Antworten zu Nizoral<\/h2>\n<ul>\n<li>\n    <strong>F: Wie lange dauert es, bis Nizoral wirkt?<\/strong><br \/>\n    <br \/>\n    A: Die Wirkung von Nizoral kann je nach Art der Infektion variieren. Bei topischer Anwendung kann es einige Wochen dauern, bis die Symptome abklingen. Bei systemischer Anwendung kann es l\u00e4nger dauern, bis eine Besserung eintritt. Halten Sie sich an den Behandlungsplan Ihres Arztes und nehmen Sie das Medikament regelm\u00e4\u00dfig ein.\n  <\/li>\n<li>\n    <strong>F: Kann ich Nizoral w\u00e4hrend der Schwangerschaft oder Stillzeit anwenden?<\/strong><br \/>\n    <br \/>\n    A: Sie sollten vor der Anwendung von Nizoral w\u00e4hrend der Schwangerschaft oder Stillzeit Ihren Arzt konsultieren. Es liegen begrenzte Informationen \u00fcber die Sicherheit des Medikaments f\u00fcr schwangere Frauen und stillende M\u00fctter vor.\n  <\/li>\n<li>\n    <strong>F: Kann ich Nizoral zusammen mit anderen Hautpflegeprodukten verwenden?<\/strong><br \/>\n    <br \/>\n    A: Sie sollten Ihren Arzt oder Apotheker konsultieren, bevor Sie Nizoral mit anderen Hautpflegeprodukten verwenden, um potenzielle Wechselwirkungen zu vermeiden. Einige Produkte k\u00f6nnen die Wirksamkeit von Nizoral beeintr\u00e4chtigen oder die Hautreizung verst\u00e4rken.\n  <\/li>\n<li>\n    <strong>F: Gibt es eine Altersbeschr\u00e4nkung f\u00fcr die Anwendung von Nizoral?<\/strong><br \/>\n    <br \/>\n    A: Nizoral kann in der Regel bei Erwachsenen und Kindern ab 12 Jahren angewendet werden. Die Anwendung bei Kindern unter 12 Jahren erfordert \u00e4rztliche Supervision.\n  <\/li>\n<li>\n    <strong>F: Kann Nizoral mit alkoholischen Getr\u00e4nken eingenommen werden?<\/strong><br \/>\n    <br \/>\n    A: Es wird empfohlen, den Konsum von Alkohol w\u00e4hrend der Einnahme von Nizoral zu vermeiden, da dies die Leberfunktion beeintr\u00e4chtigen kann. Sprechen Sie mit Ihrem Arzt, wenn Sie Bedenken haben.\n  <\/li>\n<\/ul>\n","protected":false},"excerpt":{"rendered":"<p>Nizoral, auch bekannt als Ketoconazol, ist ein verschreibungspflichtiges Medikament zur Behandlung von Pilzinfektionen der Haut, einschlie\u00dflich Schuppenflechte, Hautpilzinfektionen und seborrhoischer Dermatitis. Als antimykotisches Mittel hemmt Nizoral das Wachstum von Pilzen, indem es ihre Zellmembranen st\u00f6rt. Es ist in Form von topischen Cremes, Shampoos und Tabletten erh\u00e4ltlich und kann helfen, Juckreiz, Schuppenbildung, R\u00f6tung und Entz\u00fcndungen zu reduzieren. Eine regelm\u00e4\u00dfige Anwendung gem\u00e4\u00df den Anweisungen des Arztes kann zur Linderung der Symptome beitragen und die Genesungszeit verk\u00fcrzen.<\/p>\n<h2>Preis von Nizoral<\/h2>\n<p>Normalerweise liegt der Preis f\u00fcr Nizoral zwischen 1.11\u20ac und 1.94\u20ac pro Pillen. Die Preisunterschiede ergeben sich aus dem Volumen der Packung und der Konzentration der aktiven Bestandteile (30 oder 360 mg).<\/p>\n","protected":false},"featured_media":1595,"comment_status":"open","ping_status":"closed","template":"","meta":{"site-sidebar-layout":"default","site-content-layout":"","ast-site-content-layout":"default","site-content-style":"default","site-sidebar-style":"default","ast-global-header-display":"","ast-banner-title-visibility":"","ast-main-header-display":"","ast-hfb-above-header-display":"","ast-hfb-below-header-display":"","ast-hfb-mobile-header-display":"","site-post-title":"","ast-breadcrumbs-content":"","ast-featured-img":"","footer-sml-layout":"","ast-disable-related-posts":"","theme-transparent-header-meta":"","adv-header-id-meta":"","stick-header-meta":"","header-above-stick-meta":"","header-main-stick-meta":"","header-below-stick-meta":"","astra-migrate-meta-layouts":"default","ast-page-background-enabled":"default","ast-page-background-meta":{"desktop":{"background-color":"var(--ast-global-color-4)","background-image":"","background-repeat":"repeat","background-position":"center center","background-size":"auto","background-attachment":"scroll","background-type":"","background-media":"","overlay-type":"","overlay-color":"","overlay-opacity":"","overlay-gradient":""},"tablet":{"background-color":"","background-image":"","background-repeat":"repeat","background-position":"center center","background-size":"auto","background-attachment":"scroll","background-type":"","background-media":"","overlay-type":"","overlay-color":"","overlay-opacity":"","overlay-gradient":""},"mobile":{"background-color":"","background-image":"","background-repeat":"repeat","background-position":"center center","background-size":"auto","background-attachment":"scroll","background-type":"","background-media":"","overlay-type":"","overlay-color":"","overlay-opacity":"","overlay-gradient":""}},"ast-content-background-meta":{"desktop":{"background-color":"var(--ast-global-color-5)","background-image":"","background-repeat":"repeat","background-position":"center center","background-size":"auto","background-attachment":"scroll","background-type":"","background-media":"","overlay-type":"","overlay-color":"","overlay-opacity":"","overlay-gradient":""},"tablet":{"background-color":"var(--ast-global-color-5)","background-image":"","background-repeat":"repeat","background-position":"center center","background-size":"auto","background-attachment":"scroll","background-type":"","background-media":"","overlay-type":"","overlay-color":"","overlay-opacity":"","overlay-gradient":""},"mobile":{"background-color":"var(--ast-global-color-5)","background-image":"","background-repeat":"repeat","background-position":"center center","background-size":"auto","background-attachment":"scroll","background-type":"","background-media":"","overlay-type":"","overlay-color":"","overlay-opacity":"","overlay-gradient":""}}},"product_brand":[],"product_cat":[37],"product_tag":[],"class_list":{"0":"post-3007","1":"product","2":"type-product","3":"status-publish","4":"has-post-thumbnail","6":"product_cat-antifungos","7":"desktop-align-left","8":"tablet-align-left","9":"mobile-align-left","11":"first","12":"instock","13":"shipping-taxable","14":"product-type-external"},"aioseo_notices":[],"_links":{"self":[{"href":"https:\/\/www.dr-haerting.at\/apotheke\/wp-json\/wp\/v2\/product\/3007","targetHints":{"allow":["GET"]}}],"collection":[{"href":"https:\/\/www.dr-haerting.at\/apotheke\/wp-json\/wp\/v2\/product"}],"about":[{"href":"https:\/\/www.dr-haerting.at\/apotheke\/wp-json\/wp\/v2\/types\/product"}],"replies":[{"embeddable":true,"href":"https:\/\/www.dr-haerting.at\/apotheke\/wp-json\/wp\/v2\/comments?post=3007"}],"wp:featuredmedia":[{"embeddable":true,"href":"https:\/\/www.dr-haerting.at\/apotheke\/wp-json\/wp\/v2\/media\/1595"}],"wp:attachment":[{"href":"https:\/\/www.dr-haerting.at\/apotheke\/wp-json\/wp\/v2\/media?parent=3007"}],"wp:term":[{"taxonomy":"product_brand","embeddable":true,"href":"https:\/\/www.dr-haerting.at\/apotheke\/wp-json\/wp\/v2\/product_brand?post=3007"},{"taxonomy":"product_cat","embeddable":true,"href":"https:\/\/www.dr-haerting.at\/apotheke\/wp-json\/wp\/v2\/product_cat?post=3007"},{"taxonomy":"product_tag","embeddable":true,"href":"https:\/\/www.dr-haerting.at\/apotheke\/wp-json\/wp\/v2\/product_tag?post=3007"}],"curies":[{"name":"wp","href":"https:\/\/api.w.org\/{rel}","templated":true}]}}