{"id":3014,"date":"2026-02-02T23:05:21","date_gmt":"2026-02-02T23:05:21","guid":{"rendered":"https:\/\/www.dr-haerting.at\/apotheke\/?post_type=product&#038;p=3014"},"modified":"2026-02-26T20:27:22","modified_gmt":"2026-02-26T20:27:22","slug":"fml-forte","status":"publish","type":"product","link":"https:\/\/www.dr-haerting.at\/apotheke\/online\/fml-forte\/","title":{"rendered":"Fml forte"},"content":{"rendered":"<p>FML Forte ist ein verschreibungspflichtiges Medikament, das zur Behandlung von Entz\u00fcndungen und Schwellungen des Auges verwendet wird. Es enth\u00e4lt das Wirkstoffe Fl\u00fcssiges Flurocinolon und Polymyxin B Sulfat. FML Forte wird normalerweise zur Behandlung von Augenreizungen, allergischen Reaktionen und postoperativen Entz\u00fcndungen eingesetzt.<\/p>\n<h2>Warnungen<\/h2>\n<p>Es gibt einige Kontraindikationen bei der Einnahme von FML Forte. Das Medikament sollte nicht angewendet werden, wenn eine \u00dcberempfindlichkeit gegen\u00fcber Flurocinolon oder Polymyxin B Sulfat besteht. Es sollte auch nicht verwendet werden, wenn der Patient eine aktive Augeninfektion hat, wie z.B. eine Virus- oder Pilzinfektion. Schwangere Frauen sollten FML Forte nur unter \u00e4rztlicher Aufsicht verwenden und es wird nicht empfohlen, es w\u00e4hrend des Stillens einzunehmen.<\/p>\n<h2>Nebenwirkungen verwalten<\/h2>\n<p>Wie bei den meisten Medikamenten k\u00f6nnen auch bei FML Forte Nebenwirkungen auftreten. H\u00e4ufige Nebenwirkungen sind vor\u00fcbergehende Verschwommensehen, ein brennendes Gef\u00fchl im Auge, Juckreiz, R\u00f6tungen und eine erh\u00f6hte Empfindlichkeit gegen\u00fcber Licht. In seltenen F\u00e4llen k\u00f6nnen schwerwiegendere Nebenwirkungen wie Augenschmerzen, eine Verschlechterung des Sehverm\u00f6gens oder eine allergische Reaktion auftreten. Bei Auftreten von Nebenwirkungen sollte ein Arzt konsultiert werden.<\/p>\n<h2>Wie wird es angewendet<\/h2>\n<p>Es ist wichtig, FML Forte gem\u00e4\u00df den Anweisungen des Arztes einzunehmen. Das Medikament wird normalerweise zweimal t\u00e4glich angewendet, mit einem Abstand von etwa 8 Stunden. Vor dem Auftragen sollte eine gr\u00fcndliche H\u00e4ndehygiene durchgef\u00fchrt werden. Zuerst sollten eventuell vorhandene Kontaktlinsen entfernt werden, danach kann FML Forte vorsichtig in den unteren Bindehautsack getr\u00f6pfelt werden. Falls eine Dosis vergessen wurde, sollte sie so bald wie m\u00f6glich nachgeholt werden. Bei einer \u00dcberdosierung kann es zu verst\u00e4rkten Nebenwirkungen kommen und ein Arzt sollte konsultiert werden.<\/p>\n<h2>Worauf sollte man achten<\/h2>\n<p>FML Forte kann mit anderen Medikamenten interagieren. Es ist wichtig, dem Arzt alle eingenommenen Medikamente, einschlie\u00dflich rezeptfreier Medikamente und Nahrungserg\u00e4nzungsmittel, zu melden. Besondere Vorsicht ist geboten bei der gleichzeitigen Einnahme von anderen kortikosteroidhaltigen Medikamenten oder Medikamenten, die das Risiko von Augeninfektionen erh\u00f6hen k\u00f6nnen. Rauchen kann ebenfalls die Wirksamkeit von FML Forte beeintr\u00e4chtigen.<\/p>\n<h2>FAQ<\/h2>\n<ul>\n<li>\n    <strong>1. Wie lange dauert es, bis FML Forte wirkt?<\/strong><\/p>\n<p>Die Wirkung von FML Forte kann je nach Schwere der Symptome variieren. In der Regel kann eine Linderung innerhalb der ersten Behandlungswoche beobachtet werden. Bei anhaltenden oder sich verschlechternden Symptomen sollte ein Arzt aufgesucht werden.<\/p>\n<\/li>\n<li>\n    <strong>2. Kann FML Forte bei Kindern angewendet werden?<\/strong><\/p>\n<p>Es wird empfohlen, FML Forte bei Kindern nur unter \u00e4rztlicher Aufsicht zu verwenden. Die Dosierung und Anwendungsweise kann von Kindern abh\u00e4ngen.<\/p>\n<\/li>\n<li>\n    <strong>3. Kann FML Forte w\u00e4hrend der Schwangerschaft angewendet werden?<\/strong><\/p>\n<p>Schwangere Frauen sollten FML Forte nur unter \u00e4rztlicher Aufsicht verwenden. Es wird empfohlen, den Arzt \u00fcber eine Schwangerschaft zu informieren, bevor das Medikament verschrieben wird.<\/p>\n<\/li>\n<li>\n    <strong>4. Gibt es spezielle Vorsichtsma\u00dfnahmen w\u00e4hrend der Anwendung von FML Forte?<\/strong><\/p>\n<p>Einige Vorsichtsma\u00dfnahmen, die beachtet werden sollten, sind das Vermeiden des Kontakts mit den Augen, das Waschen der H\u00e4nde vor der Anwendung, das Einhalten der Dosierungsempfehlungen und das Vermeiden des Alkoholkonsums w\u00e4hrend der Behandlung.<\/p>\n<\/li>\n<li>\n    <strong>5. Sind Wechselwirkungen mit anderen Medikamenten bekannt?<\/strong><\/p>\n<p>Ja, FML Forte kann mit anderen Medikamenten interagieren. Es ist wichtig, dem Arzt alle eingenommenen Medikamente zu melden, um m\u00f6gliche Wechselwirkungen zu vermeiden.<\/p>\n<\/li>\n<\/ul>\n","protected":false},"excerpt":{"rendered":"<p>Die Marke dieses Medikaments lautet Fml forte, und der generische Name ist Fluorometholon. Es wird zur Behandlung von bestimmten Augenerkrankungen eingesetzt, wie z.B. allergischer und entz\u00fcndlicher Bindehautentz\u00fcndung, Keratokonjunktivitis und episkleritis. Dieses Medikament hat eine milde entz\u00fcndungshemmende Wirkung und hilft, Schwellungen, R\u00f6tungen und Juckreiz zu lindern. Es wird in Form von Augentropfen verabreicht, um die Symptome dieser Erkrankungen zu reduzieren. <\/p>\n<h2>Preis von Fml forte<\/h2>\n<p>Fml forte kostet zwischen 18.74\u20ac und 31.23\u20ac pro Suspensionen. Abh\u00e4ngig von der Gr\u00f6\u00dfe der Packung und der Anzahl der darin enthaltenen Tabletten (1 oder 10 ml).<\/p>\n","protected":false},"featured_media":1602,"comment_status":"open","ping_status":"closed","template":"","meta":{"site-sidebar-layout":"default","site-content-layout":"","ast-site-content-layout":"default","site-content-style":"default","site-sidebar-style":"default","ast-global-header-display":"","ast-banner-title-visibility":"","ast-main-header-display":"","ast-hfb-above-header-display":"","ast-hfb-below-header-display":"","ast-hfb-mobile-header-display":"","site-post-title":"","ast-breadcrumbs-content":"","ast-featured-img":"","footer-sml-layout":"","ast-disable-related-posts":"","theme-transparent-header-meta":"","adv-header-id-meta":"","stick-header-meta":"","header-above-stick-meta":"","header-main-stick-meta":"","header-below-stick-meta":"","astra-migrate-meta-layouts":"default","ast-page-background-enabled":"default","ast-page-background-meta":{"desktop":{"background-color":"var(--ast-global-color-4)","background-image":"","background-repeat":"repeat","background-position":"center center","background-size":"auto","background-attachment":"scroll","background-type":"","background-media":"","overlay-type":"","overlay-color":"","overlay-opacity":"","overlay-gradient":""},"tablet":{"background-color":"","background-image":"","background-repeat":"repeat","background-position":"center center","background-size":"auto","background-attachment":"scroll","background-type":"","background-media":"","overlay-type":"","overlay-color":"","overlay-opacity":"","overlay-gradient":""},"mobile":{"background-color":"","background-image":"","background-repeat":"repeat","background-position":"center center","background-size":"auto","background-attachment":"scroll","background-type":"","background-media":"","overlay-type":"","overlay-color":"","overlay-opacity":"","overlay-gradient":""}},"ast-content-background-meta":{"desktop":{"background-color":"var(--ast-global-color-5)","background-image":"","background-repeat":"repeat","background-position":"center center","background-size":"auto","background-attachment":"scroll","background-type":"","background-media":"","overlay-type":"","overlay-color":"","overlay-opacity":"","overlay-gradient":""},"tablet":{"background-color":"var(--ast-global-color-5)","background-image":"","background-repeat":"repeat","background-position":"center center","background-size":"auto","background-attachment":"scroll","background-type":"","background-media":"","overlay-type":"","overlay-color":"","overlay-opacity":"","overlay-gradient":""},"mobile":{"background-color":"var(--ast-global-color-5)","background-image":"","background-repeat":"repeat","background-position":"center center","background-size":"auto","background-attachment":"scroll","background-type":"","background-media":"","overlay-type":"","overlay-color":"","overlay-opacity":"","overlay-gradient":""}}},"product_brand":[],"product_cat":[32],"product_tag":[],"class_list":{"0":"post-3014","1":"product","2":"type-product","3":"status-publish","4":"has-post-thumbnail","6":"product_cat-asthma","7":"desktop-align-left","8":"tablet-align-left","9":"mobile-align-left","11":"first","12":"instock","13":"shipping-taxable","14":"product-type-external"},"aioseo_notices":[],"_links":{"self":[{"href":"https:\/\/www.dr-haerting.at\/apotheke\/wp-json\/wp\/v2\/product\/3014","targetHints":{"allow":["GET"]}}],"collection":[{"href":"https:\/\/www.dr-haerting.at\/apotheke\/wp-json\/wp\/v2\/product"}],"about":[{"href":"https:\/\/www.dr-haerting.at\/apotheke\/wp-json\/wp\/v2\/types\/product"}],"replies":[{"embeddable":true,"href":"https:\/\/www.dr-haerting.at\/apotheke\/wp-json\/wp\/v2\/comments?post=3014"}],"wp:featuredmedia":[{"embeddable":true,"href":"https:\/\/www.dr-haerting.at\/apotheke\/wp-json\/wp\/v2\/media\/1602"}],"wp:attachment":[{"href":"https:\/\/www.dr-haerting.at\/apotheke\/wp-json\/wp\/v2\/media?parent=3014"}],"wp:term":[{"taxonomy":"product_brand","embeddable":true,"href":"https:\/\/www.dr-haerting.at\/apotheke\/wp-json\/wp\/v2\/product_brand?post=3014"},{"taxonomy":"product_cat","embeddable":true,"href":"https:\/\/www.dr-haerting.at\/apotheke\/wp-json\/wp\/v2\/product_cat?post=3014"},{"taxonomy":"product_tag","embeddable":true,"href":"https:\/\/www.dr-haerting.at\/apotheke\/wp-json\/wp\/v2\/product_tag?post=3014"}],"curies":[{"name":"wp","href":"https:\/\/api.w.org\/{rel}","templated":true}]}}