{"id":3063,"date":"2026-02-06T04:46:20","date_gmt":"2026-02-06T04:46:20","guid":{"rendered":"https:\/\/www.dr-haerting.at\/apotheke\/?post_type=product&#038;p=3063"},"modified":"2026-02-26T20:27:15","modified_gmt":"2026-02-26T20:27:15","slug":"nizagara","status":"publish","type":"product","link":"https:\/\/www.dr-haerting.at\/apotheke\/online\/nizagara\/","title":{"rendered":"Nizagara"},"content":{"rendered":"<p>Nizagara ist ein verschreibungspflichtiges Arzneimittel, das zur Behandlung von erektiler Dysfunktion verwendet wird. Der Wirkstoff in Nizagara ist Sildenafil, der auch in anderen Marken wie Viagra enthalten ist. Sildenafil geh\u00f6rt zu einer Klasse von Medikamenten, die als Phosphodiesterase-5-Inhibitoren bekannt sind. Es funktioniert, indem es die Muskeln in den Blutgef\u00e4\u00dfen des Penis entspannt, was den Blutfluss erh\u00f6ht und eine Erektion erm\u00f6glicht.<\/p>\n<h2>Gesundheitsrisiken<\/h2>\n<p>Es gibt einige Kontraindikationen f\u00fcr die Einnahme von Nizagara. Es sollte nicht eingenommen werden, wenn eine Person allergisch auf Sildenafil oder andere Inhaltsstoffe des Medikaments reagiert. Menschen, die Nitrate einnehmen, wie sie bei Angina pectoris verwendet werden, sollten Nizagara nicht einnehmen, da dies zu schwerwiegenden Wechselwirkungen f\u00fchren kann. Personen mit schweren Herzproblemen, niedrigem Blutdruck oder Leber- \/ Nierenproblemen sollten vor der Einnahme von Nizagara \u00e4rztlichen Rat einholen.<\/p>\n<h2>Potentielle Nebenwirkungen<\/h2>\n<p>Bei der Einnahme von Nizagara k\u00f6nnen bestimmte Nebenwirkungen auftreten. Zu den h\u00e4ufigsten m\u00f6glichen Nebenwirkungen geh\u00f6ren Kopfschmerzen, Schwindel, Verdauungsst\u00f6rungen, Muskelschmerzen, verstopfte oder laufende Nase und Sehst\u00f6rungen wie verschwommenes Sehen oder eine bl\u00e4uliche Farbe des Sehens. In seltenen F\u00e4llen kann Nizagara zu schweren Nebenwirkungen wie einer schmerzhaften und langanhaltenden Erektion (Priapismus) oder pl\u00f6tzlichem H\u00f6rverlust f\u00fchren. Wenn solche Nebenwirkungen auftreten, sollte umgehend \u00e4rztlicher Rat eingeholt werden.<\/p>\n<h2>Richtige Anwendung<\/h2>\n<p>Die richtige Anwendung von Nizagara beinhaltet die Einnahme einer Tablette etwa eine Stunde vor dem geplanten Geschlechtsverkehr. Die Tablette sollte unzerkaut mit einem Glas Wasser eingenommen werden. Es ist nicht ratsam, Nizagara mit Alkohol oder fettreichen Mahlzeiten einzunehmen, da dies die Wirksamkeit des Medikaments beeintr\u00e4chtigen kann. Wenn eine Dosis verpasst wird, sollte sie eingenommen werden, sobald daran gedacht wird. Es sollte jedoch nicht mehr als eine Tablette innerhalb von 24 Stunden eingenommen werden. Eine \u00dcberdosierung von Nizagara kann zu schwerwiegenden Nebenwirkungen f\u00fchren und erfordert eine sofortige \u00e4rztliche Hilfe.<\/p>\n<h2>Verst\u00e4ndnis von Arzneimittelwechselwirkungen<\/h2>\n<p>Nizagara kann mit bestimmten Medikamenten interagieren und zu unerw\u00fcnschten Wirkungen f\u00fchren. Es sollte nicht zusammen mit anderen PDE-5-Inhibitoren eingenommen werden, da dies das Risiko von Nebenwirkungen erh\u00f6hen kann. Nizagara kann auch Wechselwirkungen mit Nitrat-Medikamenten, blutdrucksenkenden Medikamenten, Antibiotika, Antimykotika und einigen HIV-Medikamenten haben. Es ist wichtig, den Arzt \u00fcber alle eingenommenen Medikamente zu informieren, um potenzielle Wechselwirkungen zu vermeiden.<\/p>\n<h2>F&#038;A<\/h2>\n<ul>\n<li>\n<p><strong>Frage:<\/strong> Wie lange dauert die Wirkung von Nizagara an?<\/p>\n<p><strong>Antwort:<\/strong> Die Wirkung von Nizagara h\u00e4lt normalerweise etwa 4-5 Stunden an.<\/p>\n<\/li>\n<li>\n<p><strong>Frage:<\/strong> Kann Nizagara von Frauen eingenommen werden?<\/p>\n<p><strong>Antwort:<\/strong> Nein, Nizagara ist nur f\u00fcr M\u00e4nner bestimmt und sollte nicht von Frauen eingenommen werden.<\/p>\n<\/li>\n<li>\n<p><strong>Frage:<\/strong> Kann Nizagara mit Alkohol eingenommen werden?<\/p>\n<p><strong>Antwort:<\/strong> Es wird nicht empfohlen, Nizagara mit Alkohol einzunehmen, da dies die Wirkung des Medikaments beeintr\u00e4chtigen kann.<\/p>\n<\/li>\n<li>\n<p><strong>Frage:<\/strong> Kann ich Nizagara ohne \u00e4rztliche Verschreibung kaufen?<\/p>\n<p><strong>Antwort:<\/strong> Nein, Nizagara ist ein verschreibungspflichtiges Medikament und sollte nur unter \u00e4rztlicher Aufsicht eingenommen werden.<\/p>\n<\/li>\n<li>\n<p><strong>Frage:<\/strong> Gibt es spezielle Lagerungsanforderungen f\u00fcr Nizagara?<\/p>\n<p><strong>Antwort:<\/strong> Nizagara sollte bei Raumtemperatur fern von Feuchtigkeit und Hitze gelagert werden.<\/p>\n<\/li>\n<\/ul>\n","protected":false},"excerpt":{"rendered":"<p>Das Medikament Nizagara, auch unter dem generischen Namen Sildenafil Citrate bekannt, wird zur Behandlung der erektilen Dysfunktion (ED) eingesetzt. Es geh\u00f6rt zur Gruppe der Phosphodiesterase-5-Hemmer und wirkt durch die F\u00f6rderung der Blutzufuhr zum Penis, um eine Erektion zu erm\u00f6glichen. Es wird angewendet, wenn ein Mann Schwierigkeiten hat, eine Erektion zu erreichen oder aufrechtzuerhalten, und hilft, die sexuelle Leistungsf\u00e4higkeit zu verbessern. Nizagara kann ohne \u00e4rztliche Verschreibung erworben werden.<\/p>\n<h2>Preis von Nizagara<\/h2>\n<p>Eine Packung Nizagara kann zwischen 0.82\u20ac und 3.55\u20ac kosten. Der genaue Preis h\u00e4ngt von der Packungsgr\u00f6\u00dfe und der Wirkstoffdichte ab (10 oder 360 mg).<\/p>\n","protected":false},"featured_media":1676,"comment_status":"open","ping_status":"closed","template":"","meta":{"site-sidebar-layout":"default","site-content-layout":"","ast-site-content-layout":"default","site-content-style":"default","site-sidebar-style":"default","ast-global-header-display":"","ast-banner-title-visibility":"","ast-main-header-display":"","ast-hfb-above-header-display":"","ast-hfb-below-header-display":"","ast-hfb-mobile-header-display":"","site-post-title":"","ast-breadcrumbs-content":"","ast-featured-img":"","footer-sml-layout":"","ast-disable-related-posts":"","theme-transparent-header-meta":"","adv-header-id-meta":"","stick-header-meta":"","header-above-stick-meta":"","header-main-stick-meta":"","header-below-stick-meta":"","astra-migrate-meta-layouts":"default","ast-page-background-enabled":"default","ast-page-background-meta":{"desktop":{"background-color":"var(--ast-global-color-4)","background-image":"","background-repeat":"repeat","background-position":"center center","background-size":"auto","background-attachment":"scroll","background-type":"","background-media":"","overlay-type":"","overlay-color":"","overlay-opacity":"","overlay-gradient":""},"tablet":{"background-color":"","background-image":"","background-repeat":"repeat","background-position":"center center","background-size":"auto","background-attachment":"scroll","background-type":"","background-media":"","overlay-type":"","overlay-color":"","overlay-opacity":"","overlay-gradient":""},"mobile":{"background-color":"","background-image":"","background-repeat":"repeat","background-position":"center center","background-size":"auto","background-attachment":"scroll","background-type":"","background-media":"","overlay-type":"","overlay-color":"","overlay-opacity":"","overlay-gradient":""}},"ast-content-background-meta":{"desktop":{"background-color":"var(--ast-global-color-5)","background-image":"","background-repeat":"repeat","background-position":"center center","background-size":"auto","background-attachment":"scroll","background-type":"","background-media":"","overlay-type":"","overlay-color":"","overlay-opacity":"","overlay-gradient":""},"tablet":{"background-color":"var(--ast-global-color-5)","background-image":"","background-repeat":"repeat","background-position":"center center","background-size":"auto","background-attachment":"scroll","background-type":"","background-media":"","overlay-type":"","overlay-color":"","overlay-opacity":"","overlay-gradient":""},"mobile":{"background-color":"var(--ast-global-color-5)","background-image":"","background-repeat":"repeat","background-position":"center center","background-size":"auto","background-attachment":"scroll","background-type":"","background-media":"","overlay-type":"","overlay-color":"","overlay-opacity":"","overlay-gradient":""}}},"product_brand":[],"product_cat":[39],"product_tag":[],"class_list":{"0":"post-3063","1":"product","2":"type-product","3":"status-publish","4":"has-post-thumbnail","6":"product_cat-potenzmittel","7":"desktop-align-left","8":"tablet-align-left","9":"mobile-align-left","11":"first","12":"instock","13":"shipping-taxable","14":"product-type-external"},"aioseo_notices":[],"_links":{"self":[{"href":"https:\/\/www.dr-haerting.at\/apotheke\/wp-json\/wp\/v2\/product\/3063","targetHints":{"allow":["GET"]}}],"collection":[{"href":"https:\/\/www.dr-haerting.at\/apotheke\/wp-json\/wp\/v2\/product"}],"about":[{"href":"https:\/\/www.dr-haerting.at\/apotheke\/wp-json\/wp\/v2\/types\/product"}],"replies":[{"embeddable":true,"href":"https:\/\/www.dr-haerting.at\/apotheke\/wp-json\/wp\/v2\/comments?post=3063"}],"wp:featuredmedia":[{"embeddable":true,"href":"https:\/\/www.dr-haerting.at\/apotheke\/wp-json\/wp\/v2\/media\/1676"}],"wp:attachment":[{"href":"https:\/\/www.dr-haerting.at\/apotheke\/wp-json\/wp\/v2\/media?parent=3063"}],"wp:term":[{"taxonomy":"product_brand","embeddable":true,"href":"https:\/\/www.dr-haerting.at\/apotheke\/wp-json\/wp\/v2\/product_brand?post=3063"},{"taxonomy":"product_cat","embeddable":true,"href":"https:\/\/www.dr-haerting.at\/apotheke\/wp-json\/wp\/v2\/product_cat?post=3063"},{"taxonomy":"product_tag","embeddable":true,"href":"https:\/\/www.dr-haerting.at\/apotheke\/wp-json\/wp\/v2\/product_tag?post=3063"}],"curies":[{"name":"wp","href":"https:\/\/api.w.org\/{rel}","templated":true}]}}