{"id":3109,"date":"2026-02-24T06:39:28","date_gmt":"2026-02-24T06:39:28","guid":{"rendered":"https:\/\/www.dr-haerting.at\/apotheke\/?post_type=product&#038;p=3109"},"modified":"2026-02-26T20:27:21","modified_gmt":"2026-02-26T20:27:21","slug":"propecia","status":"publish","type":"product","link":"https:\/\/www.dr-haerting.at\/apotheke\/online\/propecia\/","title":{"rendered":"Propecia"},"content":{"rendered":"<p>Propecia ist ein verschreibungspflichtiges Medikament, das den Wirkstoff Finasterid enth\u00e4lt. Es wird zur Behandlung von Haarausfall bei M\u00e4nnern eingesetzt, insbesondere bei m\u00e4nnlicher Glatzenbildung (androgenetische Alopezie). Propecia wirkt, indem es das Hormon Dihydrotestosteron (DHT) blockiert, das f\u00fcr den Haarausfall verantwortlich ist.<\/p>\n<h2>Wichtige Vorsichtsma\u00dfnahmen<\/h2>\n<ul>\n<li>Sie sollten Propecia nicht einnehmen, wenn Sie eine Allergie gegen Finasterid oder einen der sonstigen Bestandteile des Arzneimittels haben.<\/li>\n<li>Frauen und Kinder d\u00fcrfen Propecia nicht einnehmen oder die Tabletten nicht ber\u00fchren, da das Medikament bei ihnen nicht getestet wurde.<\/li>\n<li>Es gibt bestimmte Bedingungen, bei denen die Einnahme von Propecia m\u00f6glicherweise nicht sicher ist. Sprechen Sie mit Ihrem Arzt, wenn Sie an einer Lebererkrankung, einer Prostatakrebs oder anderen ernsthaften gesundheitlichen Problemen leiden.<\/li>\n<\/ul>\n<h2>Nebenwirkungen und L\u00f6sungen<\/h2>\n<p>Wie bei den meisten Medikamenten k\u00f6nnen auch bei der Einnahme von Propecia Nebenwirkungen auftreten. Die h\u00e4ufigsten Nebenwirkungen sind sexuelle Probleme wie verringertes sexuelles Verlangen, Erektionsst\u00f6rungen und Ejakulationsst\u00f6rungen. Diese Nebenwirkungen sind meist vor\u00fcbergehend und nehmen ab, sobald die Behandlung abgesetzt wird.<\/p>\n<p>Es wurde auch \u00fcber seltene Nebenwirkungen wie allergische Reaktionen, Brustvergr\u00f6\u00dferung, Depressionen und Stimmungsschwankungen berichtet. Wenn Sie ungew\u00f6hnliche Symptome bemerken, sollten Sie sofort einen Arzt aufsuchen.<\/p>\n<h2>Richtige Anwendung<\/h2>\n<p>Nehmen Sie Propecia genau nach Anweisung Ihres Arztes ein. Die empfohlene Dosis betr\u00e4gt eine Tablette (1 mg Finasterid) pro Tag, unabh\u00e4ngig von den Mahlzeiten. Sie k\u00f6nnen Propecia mit oder ohne Nahrung einnehmen.<\/p>\n<p>Wenn Sie eine Dosis von Propecia vergessen haben, nehmen Sie sie ein, sobald Sie sich daran erinnern. \u00dcberschreiten Sie jedoch nicht die empfohlene Tagesdosis, um die vergessene Dosis auszugleichen.<br \/>\nEine \u00dcberdosierung von Propecia wird nicht empfohlen. Wenn Sie versehentlich zu viele Tabletten eingenommen haben, suchen Sie sofort einen Arzt auf.<\/p>\n<h2>Vermischung mit anderen Medikamenten<\/h2>\n<p>Informieren Sie Ihren Arzt \u00fcber alle Medikamente, die Sie einnehmen, einschlie\u00dflich rezeptfreier und pflanzlicher Produkte. Bestimmte Medikamente k\u00f6nnen mit Propecia interagieren und die Wirksamkeit des Medikaments ver\u00e4ndern oder das Risiko von Nebenwirkungen erh\u00f6hen.<\/p>\n<p>Propecia sollte nicht zusammen mit anderen Medikamenten eingenommen werden, die Finasterid enthalten, da dies zu einer \u00dcberdosierung f\u00fchren kann.<\/p>\n<h2>Ihre Fragen werden beantwortet<\/h2>\n<ul>\n<li><strong>Frage 1:<\/strong> Kann Propecia Haarausfall vollst\u00e4ndig stoppen?<\/li>\n<li><strong>Antwort:<\/strong> Propecia kann den Haarausfall verlangsamen und das Wachstum neuer Haare f\u00f6rdern, aber es kann den Haarausfall nicht vollst\u00e4ndig stoppen.<\/li>\n<li><strong>Frage 2:<\/strong> Wie lange dauert es, bis Propecia wirkt?<\/li>\n<li><strong>Antwort:<\/strong> Es kann einige Monate dauern, bis die Wirkung von Propecia sichtbar wird. Die meisten M\u00e4nner sehen innerhalb von 3 bis 6 Monaten eine Verbesserung.<\/li>\n<li><strong>Frage 3:<\/strong> Muss ich Propecia f\u00fcr immer einnehmen, um die Ergebnisse zu erhalten?<\/li>\n<li><strong>Antwort:<\/strong> Ja, Haarausfall kann zur\u00fcckkehren, wenn Sie die Einnahme von Propecia abbrechen. Es ist wichtig, regelm\u00e4\u00dfig mit Ihrem Arzt zu sprechen, um die weitere Einnahme des Medikaments zu besprechen.<\/li>\n<\/ul>\n","protected":false},"excerpt":{"rendered":"<p>Propecia (Finasterid) ist ein Arzneimittel, das zur Behandlung von m\u00e4nnlichem Haarausfall eingesetzt wird. Es wirkt auf das Enzym, das Testosteron in Dihydrotestosteron umwandelt, und hilft so, den Haarausfall zu verlangsamen und das Haarwachstum zu f\u00f6rdern.<\/p>\n<h2>Preis von Propecia<\/h2>\n<p>Die Preisspanne f\u00fcr Propecia reicht von 0.49\u20ac bis 1.28\u20ac pro Pillen. Preisnuancen werden durch die Packungsgr\u00f6\u00dfe und die Wirkstoffkonsistenz (30 oder 360 mg) beeinflusst.<\/p>\n","protected":false},"featured_media":1770,"comment_status":"open","ping_status":"closed","template":"","meta":{"site-sidebar-layout":"default","site-content-layout":"","ast-site-content-layout":"default","site-content-style":"default","site-sidebar-style":"default","ast-global-header-display":"","ast-banner-title-visibility":"","ast-main-header-display":"","ast-hfb-above-header-display":"","ast-hfb-below-header-display":"","ast-hfb-mobile-header-display":"","site-post-title":"","ast-breadcrumbs-content":"","ast-featured-img":"","footer-sml-layout":"","ast-disable-related-posts":"","theme-transparent-header-meta":"","adv-header-id-meta":"","stick-header-meta":"","header-above-stick-meta":"","header-main-stick-meta":"","header-below-stick-meta":"","astra-migrate-meta-layouts":"default","ast-page-background-enabled":"default","ast-page-background-meta":{"desktop":{"background-color":"var(--ast-global-color-4)","background-image":"","background-repeat":"repeat","background-position":"center center","background-size":"auto","background-attachment":"scroll","background-type":"","background-media":"","overlay-type":"","overlay-color":"","overlay-opacity":"","overlay-gradient":""},"tablet":{"background-color":"","background-image":"","background-repeat":"repeat","background-position":"center center","background-size":"auto","background-attachment":"scroll","background-type":"","background-media":"","overlay-type":"","overlay-color":"","overlay-opacity":"","overlay-gradient":""},"mobile":{"background-color":"","background-image":"","background-repeat":"repeat","background-position":"center center","background-size":"auto","background-attachment":"scroll","background-type":"","background-media":"","overlay-type":"","overlay-color":"","overlay-opacity":"","overlay-gradient":""}},"ast-content-background-meta":{"desktop":{"background-color":"var(--ast-global-color-5)","background-image":"","background-repeat":"repeat","background-position":"center center","background-size":"auto","background-attachment":"scroll","background-type":"","background-media":"","overlay-type":"","overlay-color":"","overlay-opacity":"","overlay-gradient":""},"tablet":{"background-color":"var(--ast-global-color-5)","background-image":"","background-repeat":"repeat","background-position":"center center","background-size":"auto","background-attachment":"scroll","background-type":"","background-media":"","overlay-type":"","overlay-color":"","overlay-opacity":"","overlay-gradient":""},"mobile":{"background-color":"var(--ast-global-color-5)","background-image":"","background-repeat":"repeat","background-position":"center center","background-size":"auto","background-attachment":"scroll","background-type":"","background-media":"","overlay-type":"","overlay-color":"","overlay-opacity":"","overlay-gradient":""}}},"product_brand":[],"product_cat":[40],"product_tag":[],"class_list":{"0":"post-3109","1":"product","2":"type-product","3":"status-publish","4":"has-post-thumbnail","6":"product_cat-haarausfall","7":"desktop-align-left","8":"tablet-align-left","9":"mobile-align-left","11":"first","12":"instock","13":"shipping-taxable","14":"product-type-external"},"aioseo_notices":[],"_links":{"self":[{"href":"https:\/\/www.dr-haerting.at\/apotheke\/wp-json\/wp\/v2\/product\/3109","targetHints":{"allow":["GET"]}}],"collection":[{"href":"https:\/\/www.dr-haerting.at\/apotheke\/wp-json\/wp\/v2\/product"}],"about":[{"href":"https:\/\/www.dr-haerting.at\/apotheke\/wp-json\/wp\/v2\/types\/product"}],"replies":[{"embeddable":true,"href":"https:\/\/www.dr-haerting.at\/apotheke\/wp-json\/wp\/v2\/comments?post=3109"}],"wp:featuredmedia":[{"embeddable":true,"href":"https:\/\/www.dr-haerting.at\/apotheke\/wp-json\/wp\/v2\/media\/1770"}],"wp:attachment":[{"href":"https:\/\/www.dr-haerting.at\/apotheke\/wp-json\/wp\/v2\/media?parent=3109"}],"wp:term":[{"taxonomy":"product_brand","embeddable":true,"href":"https:\/\/www.dr-haerting.at\/apotheke\/wp-json\/wp\/v2\/product_brand?post=3109"},{"taxonomy":"product_cat","embeddable":true,"href":"https:\/\/www.dr-haerting.at\/apotheke\/wp-json\/wp\/v2\/product_cat?post=3109"},{"taxonomy":"product_tag","embeddable":true,"href":"https:\/\/www.dr-haerting.at\/apotheke\/wp-json\/wp\/v2\/product_tag?post=3109"}],"curies":[{"name":"wp","href":"https:\/\/api.w.org\/{rel}","templated":true}]}}