{"id":3125,"date":"2026-02-14T14:26:32","date_gmt":"2026-02-14T14:26:32","guid":{"rendered":"https:\/\/www.dr-haerting.at\/apotheke\/?post_type=product&#038;p=3125"},"modified":"2026-02-26T20:27:20","modified_gmt":"2026-02-26T20:27:20","slug":"asacol","status":"publish","type":"product","link":"https:\/\/www.dr-haerting.at\/apotheke\/online\/asacol\/","title":{"rendered":"Asacol"},"content":{"rendered":"<p>Asacol ist ein verschreibungspflichtiges Medikament, das zur Behandlung von entz\u00fcndlichen Darmerkrankungen wie Colitis ulcerosa eingesetzt wird. Der Hauptwirkstoff von Asacol ist Mesalazin, das im Darm wirkt, um Entz\u00fcndungen zu reduzieren. Das Medikament wird in Form von Tabletten eingenommen und seine Wirkung besteht darin, die Symptome der Erkrankung zu lindern und die Remission zu f\u00f6rdern.<\/p>\n<h2>Wann Asacol nicht eingenommen werden sollte<\/h2>\n<p>Asacol sollte nicht eingenommen werden, wenn eine bekannte \u00dcberempfindlichkeit gegen Mesalazin oder andere Bestandteile des Arzneimittels besteht. Es ist auch kontraindiziert bei Patienten mit schweren Leber- oder Nierenfunktionsst\u00f6rungen, gastrointestinaler Obstruktion oder bekannten Allergien gegen Salicylate.<\/p>\n<h2>Verwaltung<\/h2>\n<p>Asacol sollte gem\u00e4\u00df den Anweisungen des Arztes eingenommen werden. Die \u00fcbliche Dosierung betr\u00e4gt 2 bis 4 Tabletten t\u00e4glich, aufgeteilt in mehrere Dosen. Die Tabletten sollten unzerkaut mit ausreichend Fl\u00fcssigkeit eingenommen werden. Wenn eine Dosis vergessen wurde, sollte sie so schnell wie m\u00f6glich eingenommen werden, es sei denn, es ist bereits Zeit f\u00fcr die n\u00e4chste regul\u00e4re Dosis. In diesem Fall sollte die vergessene Dosis ausgelassen werden. Eine \u00dcberdosierung kann zu unerw\u00fcnschten Nebenwirkungen f\u00fchren und sollte vermieden werden.<\/p>\n<h2>Nebenwirkungen verwalten<\/h2>\n<p>Asacol kann bestimmte Nebenwirkungen verursachen, die im Allgemeinen mild sind und nach einiger Zeit von selbst abklingen. Dazu geh\u00f6ren \u00dcbelkeit, Erbrechen, Bauchschmerzen, Durchfall und Kopfschmerzen. Wenn diese Nebenwirkungen jedoch schwerwiegend sind oder l\u00e4nger anhalten, sollte ein Arzt konsultiert werden. Es ist wichtig, auf ungew\u00f6hnliche Nebenwirkungen wie allergische Reaktionen, Gelbsucht oder Blutungen zu achten und sofort \u00e4rztliche Hilfe in Anspruch zu nehmen, falls solche Symptome auftreten.<\/p>\n<h2>Wechselwirkungen<\/h2>\n<p>Bei gleichzeitiger Verabreichung von Asacol mit bestimmten anderen Medikamenten k\u00f6nnen Wechselwirkungen auftreten. Beispielsweise k\u00f6nnen Antazida die Absorption von Asacol beeintr\u00e4chtigen und seine Wirksamkeit verringern. Es ist wichtig, den Arzt \u00fcber alle Medikamente, Nahrungserg\u00e4nzungsmittel oder pflanzlichen Produkte zu informieren, die Sie einnehmen, um m\u00f6gliche Wechselwirkungen zu vermeiden.<\/p>\n<h2>Ihre Fragen beantwortet<\/h2>\n<ul>\n<li><strong>F1: Wie schnell kann ich eine Verbesserung meiner Symptome erwarten, nachdem ich mit der Einnahme von Asacol begonnen habe?<\/strong><br \/>Die Verbesserung der Symptome kann individuell variieren, aber in der Regel kann man eine Besserung nach einigen Wochen erwarten.<\/li>\n<li><strong>F2: Gibt es besondere Vorsichtsma\u00dfnahmen, die ich bei der Einnahme von Asacol beachten sollte?<\/strong><br \/>Ja, es ist wichtig, den Anweisungen des Arztes genau zu folgen und regelm\u00e4\u00dfige Kontrolluntersuchungen durchzuf\u00fchren, um die Wirksamkeit des Medikaments zu \u00fcberwachen.<\/li>\n<li><strong>F3: Kann ich Asacol w\u00e4hrend der Schwangerschaft oder Stillzeit einnehmen?<\/strong><br \/>Die Sicherheit der Anwendung von Asacol w\u00e4hrend der Schwangerschaft oder Stillzeit wurde nicht ausreichend untersucht. Es ist wichtig, Ihren Arzt dar\u00fcber zu informieren, wenn Sie schwanger sind oder stillen.<\/li>\n<li><strong>F4: Sind Wechselwirkungen zwischen Asacol und Alkohol bekannt?<\/strong><br \/>Es gibt keine bekannten Wechselwirkungen zwischen Asacol und Alkohol. Dennoch ist es ratsam, den Alkoholkonsum w\u00e4hrend der Behandlung zu begrenzen.<\/li>\n<li><strong>F5: Kann Asacol bei Kindern angewendet werden?<\/strong><br \/>Asacol kann bei Kindern ab einem bestimmten Alter angewendet werden, jedoch sollte die genaue Dosierung und Sicherheit mit einem Kinderarzt besprochen werden.<\/li>\n<\/ul>\n","protected":false},"excerpt":{"rendered":"<p>Asacol ist ein Medikament, das zur Behandlung von entz\u00fcndlichen Darmerkrankungen eingesetzt wird. Es handelt sich um den Handelsnamen f\u00fcr den Wirkstoff Mesalamin, der auch unter dem chemischen Namen 5-Aminosalicyls\u00e4ure bekannt ist. Asacol wird zur Behandlung von Colitis ulcerosa und Morbus Crohn eingesetzt, um Symptome wie Bauchschmerzen, Durchfall und Rektalblutungen zu lindern. <\/p>\n<h2>Preis von Asacol<\/h2>\n<p>.<br \/>\nDie Kosten f\u00fcr die Asacol# variieren von 0.94\u20ac bis 2.56\u20ac pro Pillen. Er h\u00e4ngt von der Packungsgr\u00f6\u00dfe und der Menge des Wirkstoffs ab (30 oder 90 mg).<\/p>\n","protected":false},"featured_media":1060,"comment_status":"open","ping_status":"closed","template":"","meta":{"site-sidebar-layout":"default","site-content-layout":"","ast-site-content-layout":"default","site-content-style":"default","site-sidebar-style":"default","ast-global-header-display":"","ast-banner-title-visibility":"","ast-main-header-display":"","ast-hfb-above-header-display":"","ast-hfb-below-header-display":"","ast-hfb-mobile-header-display":"","site-post-title":"","ast-breadcrumbs-content":"","ast-featured-img":"","footer-sml-layout":"","ast-disable-related-posts":"","theme-transparent-header-meta":"","adv-header-id-meta":"","stick-header-meta":"","header-above-stick-meta":"","header-main-stick-meta":"","header-below-stick-meta":"","astra-migrate-meta-layouts":"default","ast-page-background-enabled":"default","ast-page-background-meta":{"desktop":{"background-color":"var(--ast-global-color-4)","background-image":"","background-repeat":"repeat","background-position":"center center","background-size":"auto","background-attachment":"scroll","background-type":"","background-media":"","overlay-type":"","overlay-color":"","overlay-opacity":"","overlay-gradient":""},"tablet":{"background-color":"","background-image":"","background-repeat":"repeat","background-position":"center center","background-size":"auto","background-attachment":"scroll","background-type":"","background-media":"","overlay-type":"","overlay-color":"","overlay-opacity":"","overlay-gradient":""},"mobile":{"background-color":"","background-image":"","background-repeat":"repeat","background-position":"center center","background-size":"auto","background-attachment":"scroll","background-type":"","background-media":"","overlay-type":"","overlay-color":"","overlay-opacity":"","overlay-gradient":""}},"ast-content-background-meta":{"desktop":{"background-color":"var(--ast-global-color-5)","background-image":"","background-repeat":"repeat","background-position":"center center","background-size":"auto","background-attachment":"scroll","background-type":"","background-media":"","overlay-type":"","overlay-color":"","overlay-opacity":"","overlay-gradient":""},"tablet":{"background-color":"var(--ast-global-color-5)","background-image":"","background-repeat":"repeat","background-position":"center center","background-size":"auto","background-attachment":"scroll","background-type":"","background-media":"","overlay-type":"","overlay-color":"","overlay-opacity":"","overlay-gradient":""},"mobile":{"background-color":"var(--ast-global-color-5)","background-image":"","background-repeat":"repeat","background-position":"center center","background-size":"auto","background-attachment":"scroll","background-type":"","background-media":"","overlay-type":"","overlay-color":"","overlay-opacity":"","overlay-gradient":""}}},"product_brand":[],"product_cat":[22],"product_tag":[],"class_list":{"0":"post-3125","1":"product","2":"type-product","3":"status-publish","4":"has-post-thumbnail","6":"product_cat-andere","7":"desktop-align-left","8":"tablet-align-left","9":"mobile-align-left","11":"first","12":"instock","13":"shipping-taxable","14":"product-type-external"},"aioseo_notices":[],"_links":{"self":[{"href":"https:\/\/www.dr-haerting.at\/apotheke\/wp-json\/wp\/v2\/product\/3125","targetHints":{"allow":["GET"]}}],"collection":[{"href":"https:\/\/www.dr-haerting.at\/apotheke\/wp-json\/wp\/v2\/product"}],"about":[{"href":"https:\/\/www.dr-haerting.at\/apotheke\/wp-json\/wp\/v2\/types\/product"}],"replies":[{"embeddable":true,"href":"https:\/\/www.dr-haerting.at\/apotheke\/wp-json\/wp\/v2\/comments?post=3125"}],"wp:featuredmedia":[{"embeddable":true,"href":"https:\/\/www.dr-haerting.at\/apotheke\/wp-json\/wp\/v2\/media\/1060"}],"wp:attachment":[{"href":"https:\/\/www.dr-haerting.at\/apotheke\/wp-json\/wp\/v2\/media?parent=3125"}],"wp:term":[{"taxonomy":"product_brand","embeddable":true,"href":"https:\/\/www.dr-haerting.at\/apotheke\/wp-json\/wp\/v2\/product_brand?post=3125"},{"taxonomy":"product_cat","embeddable":true,"href":"https:\/\/www.dr-haerting.at\/apotheke\/wp-json\/wp\/v2\/product_cat?post=3125"},{"taxonomy":"product_tag","embeddable":true,"href":"https:\/\/www.dr-haerting.at\/apotheke\/wp-json\/wp\/v2\/product_tag?post=3125"}],"curies":[{"name":"wp","href":"https:\/\/api.w.org\/{rel}","templated":true}]}}