{"id":3130,"date":"2026-02-13T05:47:12","date_gmt":"2026-02-13T05:47:12","guid":{"rendered":"https:\/\/www.dr-haerting.at\/apotheke\/?post_type=product&#038;p=3130"},"modified":"2026-02-26T20:27:23","modified_gmt":"2026-02-26T20:27:23","slug":"robaxin","status":"publish","type":"product","link":"https:\/\/www.dr-haerting.at\/apotheke\/online\/robaxin\/","title":{"rendered":"Robaxin"},"content":{"rendered":"<p>Robaxin ist ein Medikament, das zur Behandlung von Muskelkr\u00e4mpfen und Schmerzen eingesetzt wird. Es enth\u00e4lt den Wirkstoff Methocarbamol, der auf das zentrale Nervensystem wirkt und die Muskelaktivit\u00e4t hemmt. Robaxin wird h\u00e4ufig als Teil einer umfassenden Therapie zur Linderung von Muskelbeschwerden eingesetzt.<\/p>\n<p>Robaxin ist in Tablettenform in verschiedenen Dosierungen erh\u00e4ltlich und wird oral eingenommen. Es ist unter verschiedenen Markennamen erh\u00e4ltlich und in vielen Apotheken ohne Rezept erh\u00e4ltlich. Es ist wichtig zu beachten, dass Robaxin nur zur kurzfristigen Behandlung von Muskelbeschwerden verwendet werden sollte und nicht zur Langzeitbehandlung von chronischen Erkrankungen empfohlen wird.<\/p>\n<h2>Sicherheitsma\u00dfnahmen<\/h2>\n<p>Robaxin sollte nicht eingenommen werden, wenn Sie \u00fcberempfindlich gegen\u00fcber Methocarbamol oder anderen Bestandteilen des Medikaments sind. Menschen mit einer Vorgeschichte von allergischen Reaktionen auf Methocarbamol sollten Robaxin ebenfalls vermeiden. Es ist wichtig, vor der Einnahme von Robaxin Ihren Arzt zu konsultieren, wenn Sie an Leber- oder Nierenerkrankungen leiden, da eine Anpassung der Dosierung erforderlich sein kann. Schwangere und stillende Frauen sollten ebenfalls Vorsicht walten lassen und vor der Einnahme von Robaxin R\u00fccksprache mit ihrem Arzt halten.<\/p>\n<h2>Unerw\u00fcnschte Wirkungen<\/h2>\n<p>Wie bei den meisten Medikamenten k\u00f6nnen bei der Einnahme von Robaxin Nebenwirkungen auftreten. H\u00e4ufige Nebenwirkungen sind Schwindel, Schl\u00e4frigkeit und Benommenheit. Es besteht auch das Risiko einer allergischen Reaktion, die sich durch Hautausschlag, Juckreiz, Schwellungen im Gesicht oder der Zunge sowie Atembeschwerden \u00e4u\u00dfern kann. Wenn Sie solche Symptome bemerken, sollten Sie sofort einen Arzt aufsuchen.<\/p>\n<p>Es ist wichtig zu beachten, dass Robaxin Schl\u00e4frigkeit verursachen kann, daher ist es ratsam, w\u00e4hrend der Einnahme des Medikaments keine T\u00e4tigkeiten durchzuf\u00fchren, die erh\u00f6hte Aufmerksamkeit erfordern, wie zum Beispiel Autofahren oder Maschinenbedienung.<\/p>\n<h2>Gebrauchsanweisung<\/h2>\n<p>Robaxin sollte gem\u00e4\u00df den Anweisungen Ihres Arztes oder den auf der Packungsbeilage angegebenen Anweisungen eingenommen werden. Die \u00fcbliche Dosierung f\u00fcr Erwachsene betr\u00e4gt 1500 bis 2000 mg pro Tag, aufgeteilt in mehrere Einzeldosen. Die genaue Dosierung und Dauer der Behandlung kann je nach individuellen Bed\u00fcrfnissen variieren.<\/p>\n<p>Wenn Sie eine Dosis von Robaxin verpassen, nehmen Sie diese ein, sobald Sie daran denken. Wenn es jedoch fast Zeit f\u00fcr Ihre n\u00e4chste geplante Dosis ist, \u00fcberspringen Sie die verpasste Dosis und nehmen Sie die n\u00e4chste Dosis ein. Nehmen Sie niemals eine doppelte Dosis ein, um eine verpasste Dosis auszugleichen.<\/p>\n<p>Wenn Sie versehentlich eine \u00dcberdosis von Robaxin einnehmen, suchen Sie sofort medizinische Hilfe auf oder kontaktieren Sie das Giftinformationszentrum. Zu den Symptomen einer \u00dcberdosierung k\u00f6nnen Schl\u00e4frigkeit, Verwirrtheit, Sehst\u00f6rungen, Ohnmacht und Anf\u00e4lle geh\u00f6ren.<\/p>\n<h2>Leitfaden f\u00fcr Wechselwirkungen<\/h2>\n<p>Robaxin kann mit bestimmten anderen Medikamenten interagieren und die Wirkung von Robaxin oder der anderen Medikamente beeinflussen. Informieren Sie Ihren Arzt \u00fcber alle Medikamente, die Sie einnehmen, einschlie\u00dflich rezeptfreier und pflanzlicher Arzneimittel. Robaxin kann die Wirkung von Medikamenten verst\u00e4rken, die das zentrale Nervensystem unterdr\u00fccken, wie zum Beispiel Schlafmittel, Beruhigungsmittel oder Antidepressiva.<\/p>\n<p>Es ist auch wichtig, Alkohol w\u00e4hrend der Einnahme von Robaxin zu vermeiden, da dies die Schl\u00e4frigkeit verst\u00e4rken kann. Sprechen Sie mit Ihrem Arzt, falls Sie Fragen zur Wechselwirkung mit anderen Medikamenten haben.<\/p>\n<h2>Die Antworten, die Sie brauchen<\/h2>\n<ul>\n<li>\n<p><strong>Frage 1:<\/strong> Kann Robaxin abh\u00e4ngig machen?<\/p>\n<p><strong>Antwort:<\/strong> Nein, Robaxin hat kein Abh\u00e4ngigkeitspotential.<\/p>\n<\/li>\n<li>\n<p><strong>Frage 2:<\/strong> Kann Robaxin w\u00e4hrend der Schwangerschaft eingenommen werden?<\/p>\n<p><strong>Antwort:<\/strong> Robaxin sollte w\u00e4hrend der Schwangerschaft nur nach R\u00fccksprache mit einem Arzt eingenommen werden.<\/p>\n<\/li>\n<li>\n<p><strong>Frage 3:<\/strong> Wie lange dauert es, bis Robaxin wirkt?<\/p>\n<p><strong>Antwort:<\/strong> Die Wirkung von Robaxin tritt normalerweise innerhalb von 30 Minuten bis einer Stunde nach der Einnahme ein.<\/p>\n<\/li>\n<li>\n<p><strong>Frage 4:<\/strong> Kann ich w\u00e4hrend der Einnahme von Robaxin Sport treiben?<\/p>\n<p><strong>Antwort:<\/strong> Es wird empfohlen, w\u00e4hrend der Einnahme von Robaxin k\u00f6rperliche Aktivit\u00e4ten zu reduzieren oder zu vermeiden, die ein erh\u00f6htes Risiko von Verletzungen mit sich bringen.<\/p>\n<\/li>\n<li>\n<p><strong>Frage 5:<\/strong> Gibt es eine maximale Dauer der Behandlung mit Robaxin?<\/p>\n<p><strong>Antwort:<\/strong> Robaxin sollte nur zur kurzfristigen Behandlung von Muskelbeschwerden verwendet werden. Es gibt keine festgelegte maximale Dauer der Behandlung, aber eine langfristige Anwendung wird nicht empfohlen.<\/p>\n<\/li>\n<\/ul>\n","protected":false},"excerpt":{"rendered":"<p>Robaxin, auch bekannt als Methocarbamol, ist ein Medikament, das zur Behandlung von Muskelkr\u00e4mpfen und Muskelverspannungen eingesetzt wird. Es wirkt durch die Verringerung der Muskelaktivit\u00e4t und die Beruhigung des Nervensystems, was zu einer Entspannung der Muskeln f\u00fchrt. Es ist sowohl unter dem Markennamen Robaxin als auch als generisches Medikament erh\u00e4ltlich. <\/p>\n<h2>Preis von Robaxin<\/h2>\n<p>Die Preisspanne f\u00fcr Robaxin betr\u00e4gt 0.4\u20ac bis 0.58\u20ac pro Pillen. Faktoren wie Packungsgr\u00f6\u00dfe und Wirkstoffgehalt (60 oder 360 mg) spielen eine Rolle.<\/p>\n","protected":false},"featured_media":1131,"comment_status":"open","ping_status":"closed","template":"","meta":{"site-sidebar-layout":"default","site-content-layout":"","ast-site-content-layout":"default","site-content-style":"default","site-sidebar-style":"default","ast-global-header-display":"","ast-banner-title-visibility":"","ast-main-header-display":"","ast-hfb-above-header-display":"","ast-hfb-below-header-display":"","ast-hfb-mobile-header-display":"","site-post-title":"","ast-breadcrumbs-content":"","ast-featured-img":"","footer-sml-layout":"","ast-disable-related-posts":"","theme-transparent-header-meta":"","adv-header-id-meta":"","stick-header-meta":"","header-above-stick-meta":"","header-main-stick-meta":"","header-below-stick-meta":"","astra-migrate-meta-layouts":"default","ast-page-background-enabled":"default","ast-page-background-meta":{"desktop":{"background-color":"var(--ast-global-color-4)","background-image":"","background-repeat":"repeat","background-position":"center center","background-size":"auto","background-attachment":"scroll","background-type":"","background-media":"","overlay-type":"","overlay-color":"","overlay-opacity":"","overlay-gradient":""},"tablet":{"background-color":"","background-image":"","background-repeat":"repeat","background-position":"center center","background-size":"auto","background-attachment":"scroll","background-type":"","background-media":"","overlay-type":"","overlay-color":"","overlay-opacity":"","overlay-gradient":""},"mobile":{"background-color":"","background-image":"","background-repeat":"repeat","background-position":"center center","background-size":"auto","background-attachment":"scroll","background-type":"","background-media":"","overlay-type":"","overlay-color":"","overlay-opacity":"","overlay-gradient":""}},"ast-content-background-meta":{"desktop":{"background-color":"var(--ast-global-color-5)","background-image":"","background-repeat":"repeat","background-position":"center center","background-size":"auto","background-attachment":"scroll","background-type":"","background-media":"","overlay-type":"","overlay-color":"","overlay-opacity":"","overlay-gradient":""},"tablet":{"background-color":"var(--ast-global-color-5)","background-image":"","background-repeat":"repeat","background-position":"center center","background-size":"auto","background-attachment":"scroll","background-type":"","background-media":"","overlay-type":"","overlay-color":"","overlay-opacity":"","overlay-gradient":""},"mobile":{"background-color":"var(--ast-global-color-5)","background-image":"","background-repeat":"repeat","background-position":"center center","background-size":"auto","background-attachment":"scroll","background-type":"","background-media":"","overlay-type":"","overlay-color":"","overlay-opacity":"","overlay-gradient":""}}},"product_brand":[],"product_cat":[23],"product_tag":[],"class_list":{"0":"post-3130","1":"product","2":"type-product","3":"status-publish","4":"has-post-thumbnail","6":"product_cat-muskelrelaxans","7":"desktop-align-left","8":"tablet-align-left","9":"mobile-align-left","11":"first","12":"instock","13":"shipping-taxable","14":"product-type-external"},"aioseo_notices":[],"_links":{"self":[{"href":"https:\/\/www.dr-haerting.at\/apotheke\/wp-json\/wp\/v2\/product\/3130","targetHints":{"allow":["GET"]}}],"collection":[{"href":"https:\/\/www.dr-haerting.at\/apotheke\/wp-json\/wp\/v2\/product"}],"about":[{"href":"https:\/\/www.dr-haerting.at\/apotheke\/wp-json\/wp\/v2\/types\/product"}],"replies":[{"embeddable":true,"href":"https:\/\/www.dr-haerting.at\/apotheke\/wp-json\/wp\/v2\/comments?post=3130"}],"wp:featuredmedia":[{"embeddable":true,"href":"https:\/\/www.dr-haerting.at\/apotheke\/wp-json\/wp\/v2\/media\/1131"}],"wp:attachment":[{"href":"https:\/\/www.dr-haerting.at\/apotheke\/wp-json\/wp\/v2\/media?parent=3130"}],"wp:term":[{"taxonomy":"product_brand","embeddable":true,"href":"https:\/\/www.dr-haerting.at\/apotheke\/wp-json\/wp\/v2\/product_brand?post=3130"},{"taxonomy":"product_cat","embeddable":true,"href":"https:\/\/www.dr-haerting.at\/apotheke\/wp-json\/wp\/v2\/product_cat?post=3130"},{"taxonomy":"product_tag","embeddable":true,"href":"https:\/\/www.dr-haerting.at\/apotheke\/wp-json\/wp\/v2\/product_tag?post=3130"}],"curies":[{"name":"wp","href":"https:\/\/api.w.org\/{rel}","templated":true}]}}