{"id":3168,"date":"2026-02-02T20:04:34","date_gmt":"2026-02-02T20:04:34","guid":{"rendered":"https:\/\/www.dr-haerting.at\/apotheke\/?post_type=product&#038;p=3168"},"modified":"2026-02-26T20:27:16","modified_gmt":"2026-02-26T20:27:16","slug":"nolvadex","status":"publish","type":"product","link":"https:\/\/www.dr-haerting.at\/apotheke\/online\/nolvadex\/","title":{"rendered":"Nolvadex"},"content":{"rendered":"<p>\nNolvadex ist ein Medikament, das den Wirkstoff Tamoxifen enth\u00e4lt. Es geh\u00f6rt zur Gruppe der selektiven Estrogenrezeptormodulatoren (SERMs). Nolvadex wird zur Behandlung von Brustkrebs bei Frauen eingesetzt, insbesondere bei hormonabh\u00e4ngigem Brustkrebs, der auf andere Behandlungen nicht anspricht. Es wird auch zur Verringerung des Brustkrebsrisikos bei Frauen mit hohem Risiko sowie zur Behandlung von bestimmten hormonrezeptorpositiven Brustkrebserkrankungen bei M\u00e4nnern verwendet.\n<\/p>\n<h2>Sicherheitsma\u00dfnahmen<\/h2>\n<p>\nNolvadex sollte nicht eingenommen werden, wenn eine \u00dcberempfindlichkeit gegen\u00fcber Tamoxifen besteht. Es ist auch kontraindiziert bei Frauen, die schwanger sind oder stillen, da es das ungeborene Kind oder das gestillte Baby sch\u00e4digen kann. Patienten mit Leber- oder Nierenerkrankungen sollten vor der Einnahme von Nolvadex ihren Arzt konsultieren. Personen mit einer Vorgeschichte von Blutgerinnseln oder Augenproblemen sollten ebenfalls Vorsicht walten lassen.\n<\/p>\n<h2>Nolvadex Nebenwirkungen<\/h2>\n<p>\nNebenwirkungen von Nolvadex k\u00f6nnen auftreten, aber nicht bei allen Patienten. H\u00e4ufige Nebenwirkungen sind Hitzewallungen, \u00dcbelkeit, M\u00fcdigkeit und vaginale Blutungen. Andere m\u00f6gliche Nebenwirkungen sind Hautausschl\u00e4ge, Gewichtszunahme, Stimmungsschwankungen und Depressionen. In seltenen F\u00e4llen kann Nolvadex zu ernsthaften Nebenwirkungen wie Leberproblemen, Blutgerinnseln oder Geb\u00e4rmutterkrebs f\u00fchren. Bei Auftreten von Nebenwirkungen sollte umgehend ein Arzt konsultiert werden.\n<\/p>\n<h2>Korrekte Anwendung<\/h2>\n<p>\nNolvadex sollte gem\u00e4\u00df den Anweisungen des Arztes eingenommen werden. Die \u00fcbliche Dosierung betr\u00e4gt 20 mg pro Tag, entweder als Einzeldosis oder aufgeteilt in zwei Dosen. Es kann mit oder ohne Nahrung eingenommen werden. Wenn eine Dosis vergessen wird, sollte sie so schnell wie m\u00f6glich eingenommen werden, es sei denn, es ist fast Zeit f\u00fcr die n\u00e4chste geplante Dosis. In diesem Fall sollte die vergessene Dosis \u00fcbersprungen und der normale Dosierungsplan fortgesetzt werden. Eine \u00dcberdosierung von Nolvadex kann zu \u00dcbelkeit, Erbrechen, vaginalen Blutungen und anderen Nebenwirkungen f\u00fchren. Im Falle einer \u00dcberdosierung sollte sofort ein Arzt kontaktiert werden.\n<\/p>\n<h2>Wechselwirkungen mit anderen Medikamenten<\/h2>\n<p>\nNolvadex kann mit anderen Medikamenten interagieren und die Wirkung dieser Medikamente verst\u00e4rken oder abschw\u00e4chen. Es ist wichtig, dem Arzt alle Medikamente mitzuteilen, die der Patient einnimmt, einschlie\u00dflich rezeptfreier und pflanzlicher Pr\u00e4parate. Nolvadex kann die Wirkung von blutverd\u00fcnnenden Medikamenten wie Warfarin verst\u00e4rken und das Risiko von Blutungen erh\u00f6hen. Es kann auch die Wirksamkeit von hormonellen Verh\u00fctungsmitteln verringern und zu einer ungewollten Schwangerschaft f\u00fchren. Eine vollst\u00e4ndige Liste der m\u00f6glichen Wechselwirkungen ist im Beipackzettel des Medikaments zu finden.\n<\/p>\n<h2>H\u00e4ufig gestellte Fragen (FAQ)<\/h2>\n<ul>\n<li>\n    <strong>F: Wie funktioniert Nolvadex?<\/strong><br \/>\n    A: Nolvadex wirkt, indem es sich an die \u00d6strogenrezeptoren in den Brustkrebszellen bindet und dadurch das Wachstum von Tumoren hemmt.\n  <\/li>\n<li>\n    <strong>F: Wie lange dauert die Behandlung mit Nolvadex?<\/strong><br \/>\n    A: Die Dauer der Behandlung h\u00e4ngt von der individuellen Situation ab und wird vom Arzt festgelegt. Es kann mehrere Jahre dauern.\n  <\/li>\n<li>\n    <strong>F: Kann Nolvadex das Risiko von Brustkrebs v\u00f6llig beseitigen?<\/strong><br \/>\n    A: Nein, Nolvadex kann das Brustkrebsrisiko bei einigen Frauen reduzieren, aber es kann das Risiko nicht vollst\u00e4ndig beseitigen.\n  <\/li>\n<li>\n    <strong>F: Gibt es spezielle Vorsichtsma\u00dfnahmen w\u00e4hrend der Einnahme von Nolvadex?<\/strong><br \/>\n    A: Ja, Patienten sollten w\u00e4hrend der Einnahme von Nolvadex regelm\u00e4\u00dfig ihren Arzt aufsuchen und ihre Leber- und Nierenfunktion \u00fcberpr\u00fcfen lassen.\n  <\/li>\n<li>\n    <strong>F: Kann Nolvadex bei M\u00e4nnern verwendet werden?<\/strong><br \/>\n    A: Ja, Nolvadex kann auch zur Behandlung von Brustkrebs bei M\u00e4nnern eingesetzt werden.\n  <\/li>\n<\/ul>\n","protected":false},"excerpt":{"rendered":"<p>Nolvadex, auch bekannt als Tamoxifen, ist ein Medikament, das zur Behandlung verschiedener Erkrankungen eingesetzt wird. Es wird haupts\u00e4chlich zur Therapie von Brustkrebs bei Frauen eingesetzt, insbesondere bei solchen mit hormonrezeptorpositivem Brustkrebs. Dar\u00fcber hinaus kann Nolvadex auch zur Vorbeugung von Brustkrebs bei Frauen mit hohem Risiko eingesetzt werden. Es wird manchmal auch zur Behandlung von m\u00e4nnlichen Patienten mit Brustkrebs angewendet. Nolvadex ist ein bew\u00e4hrtes und effektives Medikament, das von \u00c4rzten in vielen L\u00e4ndern verschrieben wird.<\/p>\n<h2>Preis von Nolvadex<\/h2>\n<p>Die Kosten f\u00fcr die Nolvadex# variieren von 0.5\u20ac bis 1.17\u20ac pro Pillen. Er h\u00e4ngt von der Packungsgr\u00f6\u00dfe und der Menge des Wirkstoffs ab (30 oder 360 mg).<\/p>\n","protected":false},"featured_media":1763,"comment_status":"open","ping_status":"closed","template":"","meta":{"site-sidebar-layout":"default","site-content-layout":"","ast-site-content-layout":"default","site-content-style":"default","site-sidebar-style":"default","ast-global-header-display":"","ast-banner-title-visibility":"","ast-main-header-display":"","ast-hfb-above-header-display":"","ast-hfb-below-header-display":"","ast-hfb-mobile-header-display":"","site-post-title":"","ast-breadcrumbs-content":"","ast-featured-img":"","footer-sml-layout":"","ast-disable-related-posts":"","theme-transparent-header-meta":"","adv-header-id-meta":"","stick-header-meta":"","header-above-stick-meta":"","header-main-stick-meta":"","header-below-stick-meta":"","astra-migrate-meta-layouts":"default","ast-page-background-enabled":"default","ast-page-background-meta":{"desktop":{"background-color":"var(--ast-global-color-4)","background-image":"","background-repeat":"repeat","background-position":"center center","background-size":"auto","background-attachment":"scroll","background-type":"","background-media":"","overlay-type":"","overlay-color":"","overlay-opacity":"","overlay-gradient":""},"tablet":{"background-color":"","background-image":"","background-repeat":"repeat","background-position":"center center","background-size":"auto","background-attachment":"scroll","background-type":"","background-media":"","overlay-type":"","overlay-color":"","overlay-opacity":"","overlay-gradient":""},"mobile":{"background-color":"","background-image":"","background-repeat":"repeat","background-position":"center center","background-size":"auto","background-attachment":"scroll","background-type":"","background-media":"","overlay-type":"","overlay-color":"","overlay-opacity":"","overlay-gradient":""}},"ast-content-background-meta":{"desktop":{"background-color":"var(--ast-global-color-5)","background-image":"","background-repeat":"repeat","background-position":"center center","background-size":"auto","background-attachment":"scroll","background-type":"","background-media":"","overlay-type":"","overlay-color":"","overlay-opacity":"","overlay-gradient":""},"tablet":{"background-color":"var(--ast-global-color-5)","background-image":"","background-repeat":"repeat","background-position":"center center","background-size":"auto","background-attachment":"scroll","background-type":"","background-media":"","overlay-type":"","overlay-color":"","overlay-opacity":"","overlay-gradient":""},"mobile":{"background-color":"var(--ast-global-color-5)","background-image":"","background-repeat":"repeat","background-position":"center center","background-size":"auto","background-attachment":"scroll","background-type":"","background-media":"","overlay-type":"","overlay-color":"","overlay-opacity":"","overlay-gradient":""}}},"product_brand":[],"product_cat":[16],"product_tag":[],"class_list":{"0":"post-3168","1":"product","2":"type-product","3":"status-publish","4":"has-post-thumbnail","6":"product_cat-frauengesundheit","7":"desktop-align-left","8":"tablet-align-left","9":"mobile-align-left","11":"first","12":"instock","13":"shipping-taxable","14":"product-type-external"},"aioseo_notices":[],"_links":{"self":[{"href":"https:\/\/www.dr-haerting.at\/apotheke\/wp-json\/wp\/v2\/product\/3168","targetHints":{"allow":["GET"]}}],"collection":[{"href":"https:\/\/www.dr-haerting.at\/apotheke\/wp-json\/wp\/v2\/product"}],"about":[{"href":"https:\/\/www.dr-haerting.at\/apotheke\/wp-json\/wp\/v2\/types\/product"}],"replies":[{"embeddable":true,"href":"https:\/\/www.dr-haerting.at\/apotheke\/wp-json\/wp\/v2\/comments?post=3168"}],"wp:featuredmedia":[{"embeddable":true,"href":"https:\/\/www.dr-haerting.at\/apotheke\/wp-json\/wp\/v2\/media\/1763"}],"wp:attachment":[{"href":"https:\/\/www.dr-haerting.at\/apotheke\/wp-json\/wp\/v2\/media?parent=3168"}],"wp:term":[{"taxonomy":"product_brand","embeddable":true,"href":"https:\/\/www.dr-haerting.at\/apotheke\/wp-json\/wp\/v2\/product_brand?post=3168"},{"taxonomy":"product_cat","embeddable":true,"href":"https:\/\/www.dr-haerting.at\/apotheke\/wp-json\/wp\/v2\/product_cat?post=3168"},{"taxonomy":"product_tag","embeddable":true,"href":"https:\/\/www.dr-haerting.at\/apotheke\/wp-json\/wp\/v2\/product_tag?post=3168"}],"curies":[{"name":"wp","href":"https:\/\/api.w.org\/{rel}","templated":true}]}}